{"id":28965,"date":"2025-12-15T13:09:07","date_gmt":"2025-12-15T13:09:07","guid":{"rendered":"https:\/\/modrastijena.com\/me\/proizvod\/elektricni-kamin-eos-883x16x367cm-black\/"},"modified":"2025-12-15T13:09:07","modified_gmt":"2025-12-15T13:09:07","slug":"elektricni-kamin-eos-883x16x367cm-black","status":"publish","type":"product","link":"https:\/\/modrastijena.com\/me\/proizvod\/elektricni-kamin-eos-883x16x367cm-black\/","title":{"rendered":"Elektri\u010dni kamin EOS 88,3x16x36,7cm Black"},"content":{"rendered":"<p>Tehni\u010dke karakteristike:<\/p>\n<p>Dvije razine \u00a0grijanja\u00a0 750\/1500W<\/p>\n<p>4 razine pode\u0161avanja svjetlosti plamena<\/p>\n<p>Elektri\u010dni timer od 0.5-7.5 sati<\/p>\n<p>Upravljanje daljinskim upravlja\u010dem<\/p>\n<p>Za\u0161tita od pregrijavanja<\/p>\n<p>Tehnologija s LED svjetlom<\/p>\n<p>Unutra\u0161njost sa prikazom realnog drveta,1 boja plamena<\/p>\n","protected":false},"excerpt":{"rendered":"<p>Tehni\u010dke karakteristike: Dvije razine \u00a0grijanja\u00a0 750\/1500W 4 razine pode\u0161avanja svjetlosti plamena Elektri\u010dni timer od 0.5-7.5 sati Upravljanje daljinskim upravlja\u010dem Za\u0161tita od pregrijavanja Tehnologija s LED svjetlom Unutra\u0161njost sa prikazom realnog drveta,1 boja plamena<\/p>\n","protected":false},"featured_media":100000028494,"template":"","meta":{"_acf_changed":false},"product_brand":[],"product_oblik":[],"product_cat":[213],"product_tag":[],"class_list":{"0":"post-28965","1":"product","2":"type-product","3":"status-publish","4":"has-post-thumbnail","6":"product_cat-elektricni-kamini","8":"first","9":"instock","10":"shipping-taxable","11":"purchasable","12":"product-type-simple"},"acf":[],"_links":{"self":[{"href":"https:\/\/modrastijena.com\/me\/wp-json\/wp\/v2\/product\/28965","targetHints":{"allow":["GET"]}}],"collection":[{"href":"https:\/\/modrastijena.com\/me\/wp-json\/wp\/v2\/product"}],"about":[{"href":"https:\/\/modrastijena.com\/me\/wp-json\/wp\/v2\/types\/product"}],"wp:featuredmedia":[{"embeddable":true,"href":"https:\/\/modrastijena.com\/me\/wp-json\/"}],"wp:attachment":[{"href":"https:\/\/modrastijena.com\/me\/wp-json\/wp\/v2\/media?parent=28965"}],"wp:term":[{"taxonomy":"product_brand","embeddable":true,"href":"https:\/\/modrastijena.com\/me\/wp-json\/wp\/v2\/product_brand?post=28965"},{"taxonomy":"product_oblik","embeddable":true,"href":"https:\/\/modrastijena.com\/me\/wp-json\/wp\/v2\/product_oblik?post=28965"},{"taxonomy":"product_cat","embeddable":true,"href":"https:\/\/modrastijena.com\/me\/wp-json\/wp\/v2\/product_cat?post=28965"},{"taxonomy":"product_tag","embeddable":true,"href":"https:\/\/modrastijena.com\/me\/wp-json\/wp\/v2\/product_tag?post=28965"}],"curies":[{"name":"wp","href":"https:\/\/api.w.org\/{rel}","templated":true}]}}