{"id":28964,"date":"2025-12-13T09:02:59","date_gmt":"2025-12-13T09:02:59","guid":{"rendered":"https:\/\/modrastijena.com\/me\/proizvod\/reves-jade-cava-glossy-120x280x06-cm\/"},"modified":"2025-12-13T09:44:03","modified_gmt":"2025-12-13T09:44:03","slug":"reves-jade-cava-glossy-120x280x06-cm","status":"publish","type":"product","link":"https:\/\/modrastijena.com\/me\/proizvod\/reves-jade-cava-glossy-120x280x06-cm\/","title":{"rendered":"Reves Jade Cava Glossy 120x280x0,6 cm"},"content":{"rendered":"<div class=\"elementor-element elementor-element-2a441c2 elementor-widget elementor-widget-heading\" data-id=\"2a441c2\" data-element_type=\"widget\" data-widget_type=\"heading.default\">\n<div class=\"elementor-widget-container\">Veliki formati keramike predstavljaju revoluciju u svijetu keramike te su zavladale u arhitekturi i dizajnu interijera i eksterijera. Omogu\u0107uju oblaganje zidova, podova i namje\u0161taja. Zbog dobrih tehni\u010dkih svojstava kao \u0161to su otpornost na ogrebotine, habanje, otpornost na upijanje, visoke temperature i pogodnost za kontakt sa hranom sve se vi\u0161e koriste kao radne plo\u010de u kuhinji, za izradu stolova, radnih povr\u0161ina u kupaonici, oblaganje stepenica, oblaganje kamina, izradu za\u0161titnih plo\u010da ispod pe\u0107i i dekoraciju zidova.<\/div>\n<\/div>\n<div class=\"elementor-element elementor-element-2b50387 elementor-widget elementor-widget-woocommerce-product-content\" data-id=\"2b50387\" data-element_type=\"widget\" data-widget_type=\"woocommerce-product-content.default\">\n<div class=\"elementor-widget-container\">\n<p>&nbsp;<\/p>\n<p><strong>Napomena:<\/strong><br \/>\nProvjerite dostupnost u prodajnim salonima Modre Stijene.<br \/>\nFotografije ne moraju nu\u017eno u potpunosti odgovarati stvarnom izgledu proizvoda.<\/p>\n<\/div>\n<\/div>\n","protected":false},"excerpt":{"rendered":"<p>Veliki formati keramike predstavljaju revoluciju u svijetu keramike te su zavladale u arhitekturi i dizajnu interijera i eksterijera. Omogu\u0107uju oblaganje zidova, podova i namje\u0161taja. Zbog dobrih tehni\u010dkih svojstava kao \u0161to su otpornost na ogrebotine, habanje, otpornost na upijanje, visoke temperature i pogodnost za kontakt sa hranom sve se vi\u0161e koriste kao radne plo\u010de u kuhinji, [&hellip;]<\/p>\n","protected":false},"featured_media":100000028486,"template":"","meta":{"_acf_changed":false},"product_brand":[715],"product_oblik":[],"product_cat":[218],"product_tag":[589,260,155,820,821,31,34,148,828,556,298,40],"class_list":{"0":"post-28964","1":"product","2":"type-product","3":"status-publish","4":"has-post-thumbnail","6":"product_brand-florim-stone","7":"product_cat-veliki-formati","8":"product_tag-big-slabs","9":"product_tag-ceramics","10":"product_tag-kuhinja","11":"product_tag-oblaganje-umivaonika","12":"product_tag-ploca-ispod-umivaonika","13":"product_tag-pod","14":"product_tag-radna-ploca","15":"product_tag-travertin","16":"product_tag-tv-zid","17":"product_tag-umivaonik","18":"product_tag-veliki-format-keramike","19":"product_tag-zid","21":"first","22":"instock","23":"shipping-taxable","24":"product-type-simple"},"acf":[],"_links":{"self":[{"href":"https:\/\/modrastijena.com\/me\/wp-json\/wp\/v2\/product\/28964","targetHints":{"allow":["GET"]}}],"collection":[{"href":"https:\/\/modrastijena.com\/me\/wp-json\/wp\/v2\/product"}],"about":[{"href":"https:\/\/modrastijena.com\/me\/wp-json\/wp\/v2\/types\/product"}],"wp:featuredmedia":[{"embeddable":true,"href":"https:\/\/modrastijena.com\/me\/wp-json\/"}],"wp:attachment":[{"href":"https:\/\/modrastijena.com\/me\/wp-json\/wp\/v2\/media?parent=28964"}],"wp:term":[{"taxonomy":"product_brand","embeddable":true,"href":"https:\/\/modrastijena.com\/me\/wp-json\/wp\/v2\/product_brand?post=28964"},{"taxonomy":"product_oblik","embeddable":true,"href":"https:\/\/modrastijena.com\/me\/wp-json\/wp\/v2\/product_oblik?post=28964"},{"taxonomy":"product_cat","embeddable":true,"href":"https:\/\/modrastijena.com\/me\/wp-json\/wp\/v2\/product_cat?post=28964"},{"taxonomy":"product_tag","embeddable":true,"href":"https:\/\/modrastijena.com\/me\/wp-json\/wp\/v2\/product_tag?post=28964"}],"curies":[{"name":"wp","href":"https:\/\/api.w.org\/{rel}","templated":true}]}}