{"id":28958,"date":"2025-11-20T12:54:49","date_gmt":"2025-11-20T12:54:49","guid":{"rendered":"https:\/\/modrastijena.com\/me\/proizvod\/onyx-alabaster\/"},"modified":"2025-11-20T12:57:50","modified_gmt":"2025-11-20T12:57:50","slug":"onyx-alabaster","status":"publish","type":"product","link":"https:\/\/modrastijena.com\/me\/proizvod\/onyx-alabaster\/","title":{"rendered":"Onyx Alabaster"},"content":{"rendered":"<div class=\"elementor-element elementor-element-a9c4794 elementor-widget elementor-widget-woocommerce-product-content\" data-id=\"a9c4794\" data-element_type=\"widget\" data-widget_type=\"woocommerce-product-content.default\">\n<div class=\"elementor-widget-container\">\n<p>Onyx je idealan za projekte koji tra\u017ee luksuz, profinjenost i jedinstvenu estetsku vrijednost. To je materijal koji se s razlogom sve \u010de\u0161\u0107e koristi u luksuznim interijerima, zbog svoje poluprozirnosti, bogatih prirodnih uzoraka i zbog svoje sposobnosti da reflektira i propu\u0161ta svjetlo. Svaka plo\u010da je unikatna, \u0161to Onyx \u010dini savr\u0161enim izborom za projekte gdje se tra\u017ei vizualni efekt, elegancija i dojam ekskluzivnosti.<\/p>\n<p>Zahvaljuju\u0107i svojoj prozra\u010dnoj strukturi, Onyx je idealan za pozadinsko osvjetljenje, stvaraju\u0107i dramati\u010dne, ali profinjene efekte u prostorima.<\/p>\n<p>Dostupan je u plo\u010dama, kao i za rezanje po \u017eelji za zidne obloge, kupaonice, kuhinje ili ipak za oblaganje po mjeri odra\u0111enog komada namje\u0161taja.<\/p>\n<p>Ukoliko tra\u017eite prirodni materijal koji podi\u017ee interijer na drugu razinu, pozivamo Vas da do\u0111ete pogledati nove uzorke u\u017eivo na ve\u0107 poznatoj adresi u \u0160irokom Brijegu.<\/p>\n<p>Dostupan u debljini od 2 cm.<\/p>\n<\/div>\n<\/div>\n<div class=\"elementor-element elementor-element-2b9bda3 elementor-widget elementor-widget-heading\" data-id=\"2b9bda3\" data-element_type=\"widget\" data-widget_type=\"heading.default\">\n<div class=\"elementor-widget-container\"><span class=\"elementor-heading-title elementor-size-default\">Ukoliko trebate informacije o ovom proizvodu po\u0161aljite nam upit.<\/span><\/div>\n<\/div>\n<p>Debljina 1,8 cm.<\/p>\n","protected":false},"excerpt":{"rendered":"<p>Onyx je idealan za projekte koji tra\u017ee luksuz, profinjenost i jedinstvenu estetsku vrijednost. To je materijal koji se s razlogom sve \u010de\u0161\u0107e koristi u luksuznim interijerima, zbog svoje poluprozirnosti, bogatih prirodnih uzoraka i zbog svoje sposobnosti da reflektira i propu\u0161ta svjetlo. Svaka plo\u010da je unikatna, \u0161to Onyx \u010dini savr\u0161enim izborom za projekte gdje se tra\u017ei [&hellip;]<\/p>\n","protected":false},"featured_media":100000028455,"template":"","meta":{"_acf_changed":false},"product_brand":[],"product_oblik":[],"product_cat":[560],"product_tag":[],"class_list":{"0":"post-28958","1":"product","2":"type-product","3":"status-publish","4":"has-post-thumbnail","6":"product_cat-onyx","8":"first","9":"instock","10":"shipping-taxable","11":"product-type-simple"},"acf":[],"_links":{"self":[{"href":"https:\/\/modrastijena.com\/me\/wp-json\/wp\/v2\/product\/28958","targetHints":{"allow":["GET"]}}],"collection":[{"href":"https:\/\/modrastijena.com\/me\/wp-json\/wp\/v2\/product"}],"about":[{"href":"https:\/\/modrastijena.com\/me\/wp-json\/wp\/v2\/types\/product"}],"wp:featuredmedia":[{"embeddable":true,"href":"https:\/\/modrastijena.com\/me\/wp-json\/"}],"wp:attachment":[{"href":"https:\/\/modrastijena.com\/me\/wp-json\/wp\/v2\/media?parent=28958"}],"wp:term":[{"taxonomy":"product_brand","embeddable":true,"href":"https:\/\/modrastijena.com\/me\/wp-json\/wp\/v2\/product_brand?post=28958"},{"taxonomy":"product_oblik","embeddable":true,"href":"https:\/\/modrastijena.com\/me\/wp-json\/wp\/v2\/product_oblik?post=28958"},{"taxonomy":"product_cat","embeddable":true,"href":"https:\/\/modrastijena.com\/me\/wp-json\/wp\/v2\/product_cat?post=28958"},{"taxonomy":"product_tag","embeddable":true,"href":"https:\/\/modrastijena.com\/me\/wp-json\/wp\/v2\/product_tag?post=28958"}],"curies":[{"name":"wp","href":"https:\/\/api.w.org\/{rel}","templated":true}]}}