{"id":28955,"date":"2025-11-13T10:16:12","date_gmt":"2025-11-13T10:16:12","guid":{"rendered":"https:\/\/modrastijena.com\/me\/proizvod\/28444\/"},"modified":"2025-11-13T10:18:10","modified_gmt":"2025-11-13T10:18:10","slug":"28444","status":"publish","type":"product","link":"https:\/\/modrastijena.com\/me\/proizvod\/28444\/","title":{"rendered":"FRANKFURT GREY (THORMA)"},"content":{"rendered":"<div class=\"elementor-element elementor-element-2b50387 elementor-widget elementor-widget-woocommerce-product-content\" data-id=\"2b50387\" data-element_type=\"widget\" data-widget_type=\"woocommerce-product-content.default\">\n<div class=\"elementor-widget-container\">\n<p>Tehni\u010dki podaci<\/p>\n<ul>\n<li>Dimenzije cm:<\/li>\n<li>Nominalna toplinska snaga kW: 9<\/li>\n<li>U\u010dinkovitost-iskoristivost %: 80,3<\/li>\n<li>Promjer dimnjaka cm: 15<\/li>\n<li>Ukupna te\u017eina kg: 168<\/li>\n<li>Zagrijava m\u00b3: 200<\/li>\n<li>Lo\u017ei\u0161te:<\/li>\n<\/ul>\n<\/div>\n<\/div>\n<div class=\"elementor-element elementor-element-ad4c84e elementor-widget elementor-widget-woocommerce-product-short-description\" data-id=\"ad4c84e\" data-element_type=\"widget\" data-widget_type=\"woocommerce-product-short-description.default\">\n<div class=\"elementor-widget-container\">\n<div class=\"woocommerce-product-details__short-description\">\n<p>Slova\u010dkog proizvo\u0111a\u010da Thorma karakterizira stogodi\u0161nja tradicija u proizvodnji lijevanog \u017eeljeza.<\/p>\n<\/div>\n<\/div>\n<\/div>\n","protected":false},"excerpt":{"rendered":"<p>Tehni\u010dki podaci Dimenzije cm: Nominalna toplinska snaga kW: 9 U\u010dinkovitost-iskoristivost %: 80,3 Promjer dimnjaka cm: 15 Ukupna te\u017eina kg: 168 Zagrijava m\u00b3: 200 Lo\u017ei\u0161te: Slova\u010dkog proizvo\u0111a\u010da Thorma karakterizira stogodi\u0161nja tradicija u proizvodnji lijevanog \u017eeljeza.<\/p>\n","protected":false},"featured_media":100000028445,"template":"","meta":{"_acf_changed":false},"product_brand":[724],"product_oblik":[],"product_cat":[112],"product_tag":[866,867,114,251,868],"class_list":{"0":"post-28955","1":"product","2":"type-product","3":"status-publish","4":"has-post-thumbnail","6":"product_brand-thorma","7":"product_cat-peci-na-drva","8":"product_tag-grijanje-na-drva","9":"product_tag-modrastijena","10":"product_tag-pec-na-drva","11":"product_tag-peci","12":"product_tag-thorma","14":"first","15":"instock","16":"shipping-taxable","17":"purchasable","18":"product-type-simple"},"acf":[],"_links":{"self":[{"href":"https:\/\/modrastijena.com\/me\/wp-json\/wp\/v2\/product\/28955","targetHints":{"allow":["GET"]}}],"collection":[{"href":"https:\/\/modrastijena.com\/me\/wp-json\/wp\/v2\/product"}],"about":[{"href":"https:\/\/modrastijena.com\/me\/wp-json\/wp\/v2\/types\/product"}],"wp:featuredmedia":[{"embeddable":true,"href":"https:\/\/modrastijena.com\/me\/wp-json\/"}],"wp:attachment":[{"href":"https:\/\/modrastijena.com\/me\/wp-json\/wp\/v2\/media?parent=28955"}],"wp:term":[{"taxonomy":"product_brand","embeddable":true,"href":"https:\/\/modrastijena.com\/me\/wp-json\/wp\/v2\/product_brand?post=28955"},{"taxonomy":"product_oblik","embeddable":true,"href":"https:\/\/modrastijena.com\/me\/wp-json\/wp\/v2\/product_oblik?post=28955"},{"taxonomy":"product_cat","embeddable":true,"href":"https:\/\/modrastijena.com\/me\/wp-json\/wp\/v2\/product_cat?post=28955"},{"taxonomy":"product_tag","embeddable":true,"href":"https:\/\/modrastijena.com\/me\/wp-json\/wp\/v2\/product_tag?post=28955"}],"curies":[{"name":"wp","href":"https:\/\/api.w.org\/{rel}","templated":true}]}}