{"id":28930,"date":"2025-09-15T11:38:45","date_gmt":"2025-09-15T11:38:45","guid":{"rendered":"https:\/\/modrastijena.com\/me\/proizvod\/wals-grigio-str-60x60-cm-ret\/"},"modified":"2025-11-25T14:13:03","modified_gmt":"2025-11-25T14:13:03","slug":"wals-grigio-str-60x60-cm-ret","status":"publish","type":"product","link":"https:\/\/modrastijena.com\/me\/proizvod\/wals-grigio-str-60x60-cm-ret\/?paket_m2=1.44","title":{"rendered":"Wals Grigio str 60&#215;60 cm RET"},"content":{"rendered":"<div class=\"elementor-element elementor-element-772ab986 elementor-widget elementor-widget-woocommerce-product-content\" data-id=\"772ab986\" data-element_type=\"widget\" data-widget_type=\"woocommerce-product-content.default\">\n<div class=\"elementor-widget-container\">\n<p>Komada u paketu: 4<\/p>\n<p>Paket m\u00b2: 1,44<\/p>\n<p>Te\u017eina paketa kg: 30,30<\/p>\n<p>&nbsp;<\/p>\n<p>Cijene su izra\u017eene u konvertibilnim markama po m\u00b2. Kona\u010dna cijena se obra\u010dunava po koli\u010dini\/broju paketa koje naru\u010dujete.<\/p>\n<\/div>\n<\/div>\n<div class=\"elementor-element elementor-element-4669e56f elementor-widget elementor-widget-woocommerce-product-short-description\" data-id=\"4669e56f\" data-element_type=\"widget\" data-widget_type=\"woocommerce-product-short-description.default\">\n<div class=\"elementor-widget-container\">\n<div class=\"woocommerce-product-details__short-description\">\n<p>gres plo\u010dica, 1. klasa, talijanski proizvo\u0111a\u010d Castelvetro<\/p>\n<\/div>\n<\/div>\n<\/div>\n","protected":false},"excerpt":{"rendered":"<p>Komada u paketu: 4 Paket m\u00b2: 1,44 Te\u017eina paketa kg: 30,30 &nbsp; Cijene su izra\u017eene u konvertibilnim markama po m\u00b2. Kona\u010dna cijena se obra\u010dunava po koli\u010dini\/broju paketa koje naru\u010dujete. gres plo\u010dica, 1. klasa, talijanski proizvo\u0111a\u010d Castelvetro<\/p>\n","protected":false},"featured_media":100000028320,"template":"","meta":{"_acf_changed":false},"product_brand":[747],"product_oblik":[],"product_cat":[54],"product_tag":[],"class_list":{"0":"post-28930","1":"product","2":"type-product","3":"status-publish","4":"has-post-thumbnail","6":"product_brand-castelvetro","7":"product_cat-keramika","9":"first","10":"instock","11":"shipping-taxable","12":"purchasable","13":"product-type-simple"},"acf":[],"_links":{"self":[{"href":"https:\/\/modrastijena.com\/me\/wp-json\/wp\/v2\/product\/28930","targetHints":{"allow":["GET"]}}],"collection":[{"href":"https:\/\/modrastijena.com\/me\/wp-json\/wp\/v2\/product"}],"about":[{"href":"https:\/\/modrastijena.com\/me\/wp-json\/wp\/v2\/types\/product"}],"wp:featuredmedia":[{"embeddable":true,"href":"https:\/\/modrastijena.com\/me\/wp-json\/"}],"wp:attachment":[{"href":"https:\/\/modrastijena.com\/me\/wp-json\/wp\/v2\/media?parent=28930"}],"wp:term":[{"taxonomy":"product_brand","embeddable":true,"href":"https:\/\/modrastijena.com\/me\/wp-json\/wp\/v2\/product_brand?post=28930"},{"taxonomy":"product_oblik","embeddable":true,"href":"https:\/\/modrastijena.com\/me\/wp-json\/wp\/v2\/product_oblik?post=28930"},{"taxonomy":"product_cat","embeddable":true,"href":"https:\/\/modrastijena.com\/me\/wp-json\/wp\/v2\/product_cat?post=28930"},{"taxonomy":"product_tag","embeddable":true,"href":"https:\/\/modrastijena.com\/me\/wp-json\/wp\/v2\/product_tag?post=28930"}],"curies":[{"name":"wp","href":"https:\/\/api.w.org\/{rel}","templated":true}]}}