{"id":28897,"date":"2025-08-26T13:31:45","date_gmt":"2025-08-26T13:31:45","guid":{"rendered":"https:\/\/modrastijena.com\/me\/proizvod\/ultracare-keranet-5l\/"},"modified":"2026-02-03T10:27:32","modified_gmt":"2026-02-03T10:27:32","slug":"ultracare-keranet-5l","status":"publish","type":"product","link":"https:\/\/modrastijena.com\/me\/proizvod\/ultracare-keranet-5l\/","title":{"rendered":"Ultracare Keranet 5l"},"content":{"rendered":"<h4 class=\"product-content__subtitle description-adv text-brand text-weight-700 margin-bottom-md h2-detail-product\">Koncentrirano sredstvo za \u010di\u0161\u0107enje na bazi kiselina<\/h4>\n<section class=\"product-content__description description-generic margin-bottom-md\">Koncentrirano sredstvo za \u010di\u0161\u0107enje na bazi kiselina u teku\u0107em obliku, za uklanjanje ostataka cementa s porculana, keramike i svih materijala otpornih na kiseline. Idealan za upotrebu nakon zavr\u0161etka polaganja plo\u010dica, za uklanjanje isscvjetavanja soli i mrlja od hr\u0111e<\/section>\n<section class=\"product-content__advantages description-vantaggi margin-bottom-md\">\n<div class=\"product-content__advantages-wrapper\">\n<p>PREDNOSTI:<\/p>\n<ul>\n<li>Za unutarnje i vanjske prostore, zidove i podove<\/li>\n<li>Visoko u\u010dinkovit<\/li>\n<li>Kratko rijeme \u010dekanja prije ispiranja (5 minuta)<\/li>\n<li>Mo\u017ee se koristiti sa strojevima za \u010di\u0161\u0107enje<\/li>\n<li>Vrlo u\u010dinkovit u uklanjanju ostataka cementnih masa i ostalih prljav\u0161tina<\/li>\n<li>Mo\u017ee se razrijediti vodom ovisno o ja\u010dini prljav\u0161tine koju treba ukloniti (pribli\u017eno 1:5 \u2013 1:10; 1 dio ULTRACARE KERANET s 5, 10 dijelova vode)<\/li>\n<li>Pogodan za upotrebu na svim materijalima otpornima na kiseline<\/li>\n<li>Prikladan i za mokro usisavanje<\/li>\n<\/ul>\n<p>Pakiranje: 5 L<\/p>\n<\/div>\n<\/section>\n","protected":false},"excerpt":{"rendered":"<p>Koncentrirano sredstvo za \u010di\u0161\u0107enje na bazi kiselina Koncentrirano sredstvo za \u010di\u0161\u0107enje na bazi kiselina u teku\u0107em obliku, za uklanjanje ostataka cementa s porculana, keramike i svih materijala otpornih na kiseline. Idealan za upotrebu nakon zavr\u0161etka polaganja plo\u010dica, za uklanjanje isscvjetavanja soli i mrlja od hr\u0111e PREDNOSTI: Za unutarnje i vanjske prostore, zidove i podove Visoko [&hellip;]<\/p>\n","protected":false},"featured_media":100000028256,"template":"","meta":{"_acf_changed":false},"product_brand":[727],"product_oblik":[],"product_cat":[88],"product_tag":[],"class_list":{"0":"post-28897","1":"product","2":"type-product","3":"status-publish","4":"has-post-thumbnail","6":"product_brand-mapei","7":"product_cat-sredstva-za-odrzavanje","9":"first","10":"instock","11":"shipping-taxable","12":"purchasable","13":"product-type-simple"},"acf":[],"_links":{"self":[{"href":"https:\/\/modrastijena.com\/me\/wp-json\/wp\/v2\/product\/28897","targetHints":{"allow":["GET"]}}],"collection":[{"href":"https:\/\/modrastijena.com\/me\/wp-json\/wp\/v2\/product"}],"about":[{"href":"https:\/\/modrastijena.com\/me\/wp-json\/wp\/v2\/types\/product"}],"wp:featuredmedia":[{"embeddable":true,"href":"https:\/\/modrastijena.com\/me\/wp-json\/"}],"wp:attachment":[{"href":"https:\/\/modrastijena.com\/me\/wp-json\/wp\/v2\/media?parent=28897"}],"wp:term":[{"taxonomy":"product_brand","embeddable":true,"href":"https:\/\/modrastijena.com\/me\/wp-json\/wp\/v2\/product_brand?post=28897"},{"taxonomy":"product_oblik","embeddable":true,"href":"https:\/\/modrastijena.com\/me\/wp-json\/wp\/v2\/product_oblik?post=28897"},{"taxonomy":"product_cat","embeddable":true,"href":"https:\/\/modrastijena.com\/me\/wp-json\/wp\/v2\/product_cat?post=28897"},{"taxonomy":"product_tag","embeddable":true,"href":"https:\/\/modrastijena.com\/me\/wp-json\/wp\/v2\/product_tag?post=28897"}],"curies":[{"name":"wp","href":"https:\/\/api.w.org\/{rel}","templated":true}]}}