{"id":28871,"date":"2025-08-04T07:41:22","date_gmt":"2025-08-04T07:41:22","guid":{"rendered":"https:\/\/modrastijena.com\/me\/proizvod\/ceresit-cm16-white-25kg\/"},"modified":"2025-08-26T08:06:23","modified_gmt":"2025-08-26T08:06:23","slug":"ceresit-cm16-white-25kg","status":"publish","type":"product","link":"https:\/\/modrastijena.com\/me\/proizvod\/ceresit-cm16-white-25kg\/","title":{"rendered":"Ceresit CM16 White 25 kg"},"content":{"rendered":"<p><strong>Zna\u010dajke i prednosti<\/strong><\/p>\n<p>Bijelo, fleksibilno ljepilo oja\u010dano vlaknima, pogodno za unutra\u0161nju i vanjsku primjenu, savr\u0161en za prirodni kamen i mramor<\/p>\n<p><strong>Karakteristike<\/strong><\/p>\n<ul>\n<li>Bijelo, fleksibilno ljepilo za prirodni kamen i mramor<\/li>\n<li>Oboga\u0107eno vlaknima<\/li>\n<li>Za deformabilne podloge, podno grijanje, terase, balkone i bazene<\/li>\n<li>Fugiranje nakon 24 sata<\/li>\n<li>Pogodno za prostore sa podnim grijanjem<\/li>\n<li>Bez klizanja na vertikalnim povr\u0161inama<\/li>\n<\/ul>\n<p><strong>Opis<\/strong><\/p>\n<p>CERESIT CM 16 WHITECM 16 White namijenjen je za postavljanje svih vrsta mozaika uklju\u010duju\u0107i staklo i keramiku, mramor, granit, pje\u0161\u010denjak, travertin, mje\u0161avinu svijetlih vapnenaca i druge krupnozrnaste kamene plo\u010de. Tako\u0111er je namijenjen za polaganje kerami\u010dkih i gres plo\u010dica, glaziranih kerami\u010dkih plo\u010dica i terakote. Pogodan je za unutra\u0161nju i vanjsku upotrebu. Dostupne veli\u010dine pakiranja: 25 kg<\/p>\n","protected":false},"excerpt":{"rendered":"<p>Zna\u010dajke i prednosti Bijelo, fleksibilno ljepilo oja\u010dano vlaknima, pogodno za unutra\u0161nju i vanjsku primjenu, savr\u0161en za prirodni kamen i mramor Karakteristike Bijelo, fleksibilno ljepilo za prirodni kamen i mramor Oboga\u0107eno vlaknima Za deformabilne podloge, podno grijanje, terase, balkone i bazene Fugiranje nakon 24 sata Pogodno za prostore sa podnim grijanjem Bez klizanja na vertikalnim povr\u0161inama [&hellip;]<\/p>\n","protected":false},"featured_media":100000028189,"template":"","meta":{"_acf_changed":false},"product_brand":[726],"product_oblik":[],"product_cat":[63],"product_tag":[],"class_list":{"0":"post-28871","1":"product","2":"type-product","3":"status-publish","4":"has-post-thumbnail","6":"product_brand-ceresit","7":"product_cat-materijali-za-polaganje","9":"first","10":"instock","11":"shipping-taxable","12":"purchasable","13":"product-type-simple"},"acf":[],"_links":{"self":[{"href":"https:\/\/modrastijena.com\/me\/wp-json\/wp\/v2\/product\/28871","targetHints":{"allow":["GET"]}}],"collection":[{"href":"https:\/\/modrastijena.com\/me\/wp-json\/wp\/v2\/product"}],"about":[{"href":"https:\/\/modrastijena.com\/me\/wp-json\/wp\/v2\/types\/product"}],"wp:featuredmedia":[{"embeddable":true,"href":"https:\/\/modrastijena.com\/me\/wp-json\/"}],"wp:attachment":[{"href":"https:\/\/modrastijena.com\/me\/wp-json\/wp\/v2\/media?parent=28871"}],"wp:term":[{"taxonomy":"product_brand","embeddable":true,"href":"https:\/\/modrastijena.com\/me\/wp-json\/wp\/v2\/product_brand?post=28871"},{"taxonomy":"product_oblik","embeddable":true,"href":"https:\/\/modrastijena.com\/me\/wp-json\/wp\/v2\/product_oblik?post=28871"},{"taxonomy":"product_cat","embeddable":true,"href":"https:\/\/modrastijena.com\/me\/wp-json\/wp\/v2\/product_cat?post=28871"},{"taxonomy":"product_tag","embeddable":true,"href":"https:\/\/modrastijena.com\/me\/wp-json\/wp\/v2\/product_tag?post=28871"}],"curies":[{"name":"wp","href":"https:\/\/api.w.org\/{rel}","templated":true}]}}