{"id":28865,"date":"2025-08-01T07:15:47","date_gmt":"2025-08-01T07:15:47","guid":{"rendered":"https:\/\/modrastijena.com\/me\/proizvod\/vanak\/"},"modified":"2025-08-01T07:28:39","modified_gmt":"2025-08-01T07:28:39","slug":"vanak","status":"publish","type":"product","link":"https:\/\/modrastijena.com\/me\/proizvod\/vanak\/","title":{"rendered":"Vanak"},"content":{"rendered":"<p>Turski mramor u\u00a0be\u017e nijansi, savr\u0161enoj za dodavanje toplog, prirodnog dodira svakom arhitektonskom projektu.<\/p>\n<p>Dostupan u debljinama:<\/p>\n<p>obrada &#8220;\u010detkano&#8221; &#8211; 2cm, 3cm i 5cm<\/p>\n<p>obrada &#8220;\u0161tokovano&#8221; &#8211; 3cm<\/p>\n","protected":false},"excerpt":{"rendered":"<p>Turski mramor u\u00a0be\u017e nijansi, savr\u0161enoj za dodavanje toplog, prirodnog dodira svakom arhitektonskom projektu. Dostupan u debljinama: obrada &#8220;\u010detkano&#8221; &#8211; 2cm, 3cm i 5cm obrada &#8220;\u0161tokovano&#8221; &#8211; 3cm<\/p>\n","protected":false},"featured_media":100000028163,"template":"","meta":{"_acf_changed":false},"product_brand":[],"product_oblik":[],"product_cat":[22,44],"product_tag":[],"class_list":{"0":"post-28865","1":"product","2":"type-product","3":"status-publish","4":"has-post-thumbnail","6":"product_cat-kamen","7":"product_cat-mramori","9":"first","10":"instock","11":"shipping-taxable","12":"product-type-simple"},"acf":[],"_links":{"self":[{"href":"https:\/\/modrastijena.com\/me\/wp-json\/wp\/v2\/product\/28865","targetHints":{"allow":["GET"]}}],"collection":[{"href":"https:\/\/modrastijena.com\/me\/wp-json\/wp\/v2\/product"}],"about":[{"href":"https:\/\/modrastijena.com\/me\/wp-json\/wp\/v2\/types\/product"}],"wp:featuredmedia":[{"embeddable":true,"href":"https:\/\/modrastijena.com\/me\/wp-json\/"}],"wp:attachment":[{"href":"https:\/\/modrastijena.com\/me\/wp-json\/wp\/v2\/media?parent=28865"}],"wp:term":[{"taxonomy":"product_brand","embeddable":true,"href":"https:\/\/modrastijena.com\/me\/wp-json\/wp\/v2\/product_brand?post=28865"},{"taxonomy":"product_oblik","embeddable":true,"href":"https:\/\/modrastijena.com\/me\/wp-json\/wp\/v2\/product_oblik?post=28865"},{"taxonomy":"product_cat","embeddable":true,"href":"https:\/\/modrastijena.com\/me\/wp-json\/wp\/v2\/product_cat?post=28865"},{"taxonomy":"product_tag","embeddable":true,"href":"https:\/\/modrastijena.com\/me\/wp-json\/wp\/v2\/product_tag?post=28865"}],"curies":[{"name":"wp","href":"https:\/\/api.w.org\/{rel}","templated":true}]}}