{"id":28853,"date":"2023-05-06T13:34:33","date_gmt":"2023-05-06T13:34:33","guid":{"rendered":"https:\/\/modrastijena.com\/me\/proizvod\/premium-a-u-70h\/"},"modified":"2023-05-06T13:34:33","modified_gmt":"2023-05-06T13:34:33","slug":"premium-a-u-70h","status":"publish","type":"product","link":"https:\/\/modrastijena.com\/me\/proizvod\/premium-a-u-70h\/","title":{"rendered":"Premium A-U-70H"},"content":{"rendered":"<p>Tehni\u010dki podaci:<\/p>\n<ul>\n<li>Dimenzije cm: 101 x 59,6 x 182 cm<\/li>\n<li>Dimenzija vrata cm: 48,9 x 51,5 x 73,5 cm<\/li>\n<li>Nominalna toplinska snaga kW: 11,4 kW<\/li>\n<li>U\u010dinkovitost-iskoristivost %: &gt;80<\/li>\n<li>Promjer dimnjaka cm: \u00f8 25<\/li>\n<li>Ukupna te\u017eina kg: 357<\/li>\n<\/ul>\n<p>Elektri\u010dni podiza\u010d stakla.<\/p>\n","protected":false},"excerpt":{"rendered":"<p>Tehni\u010dki podaci: Dimenzije cm: 101 x 59,6 x 182 cm Dimenzija vrata cm: 48,9 x 51,5 x 73,5 cm Nominalna toplinska snaga kW: 11,4 kW U\u010dinkovitost-iskoristivost %: &gt;80 Promjer dimnjaka cm: \u00f8 25 Ukupna te\u017eina kg: 357 Elektri\u010dni podiza\u010d stakla.<\/p>\n","protected":false},"featured_media":100000027917,"template":"","meta":{"_acf_changed":false},"product_brand":[766],"product_oblik":[],"product_cat":[95,96],"product_tag":[100,102],"class_list":{"0":"post-28853","1":"product","2":"type-product","3":"status-publish","4":"has-post-thumbnail","6":"product_brand-spartherm","7":"product_cat-kamini-i-peci","8":"product_cat-kamini","9":"product_tag-grijanje","10":"product_tag-kamin","12":"first","13":"instock","14":"shipping-taxable","15":"product-type-simple"},"acf":[],"_links":{"self":[{"href":"https:\/\/modrastijena.com\/me\/wp-json\/wp\/v2\/product\/28853","targetHints":{"allow":["GET"]}}],"collection":[{"href":"https:\/\/modrastijena.com\/me\/wp-json\/wp\/v2\/product"}],"about":[{"href":"https:\/\/modrastijena.com\/me\/wp-json\/wp\/v2\/types\/product"}],"wp:featuredmedia":[{"embeddable":true,"href":"https:\/\/modrastijena.com\/me\/wp-json\/"}],"wp:attachment":[{"href":"https:\/\/modrastijena.com\/me\/wp-json\/wp\/v2\/media?parent=28853"}],"wp:term":[{"taxonomy":"product_brand","embeddable":true,"href":"https:\/\/modrastijena.com\/me\/wp-json\/wp\/v2\/product_brand?post=28853"},{"taxonomy":"product_oblik","embeddable":true,"href":"https:\/\/modrastijena.com\/me\/wp-json\/wp\/v2\/product_oblik?post=28853"},{"taxonomy":"product_cat","embeddable":true,"href":"https:\/\/modrastijena.com\/me\/wp-json\/wp\/v2\/product_cat?post=28853"},{"taxonomy":"product_tag","embeddable":true,"href":"https:\/\/modrastijena.com\/me\/wp-json\/wp\/v2\/product_tag?post=28853"}],"curies":[{"name":"wp","href":"https:\/\/api.w.org\/{rel}","templated":true}]}}