{"id":28849,"date":"2025-03-07T08:19:13","date_gmt":"2025-03-07T08:19:13","guid":{"rendered":"https:\/\/modrastijena.com\/me\/proizvod\/kera-lift-art-1a6-max-340-x-160-cm\/"},"modified":"2025-03-07T08:19:13","modified_gmt":"2025-03-07T08:19:13","slug":"kera-lift-art-1a6-max-340-x-160-cm","status":"publish","type":"product","link":"https:\/\/modrastijena.com\/me\/proizvod\/kera-lift-art-1a6-max-340-x-160-cm\/","title":{"rendered":"KERA-LIFT ART 1A6 max: 340 x 160 cm (Sigma)"},"content":{"rendered":"<p>Kera-Lift &#8220;1A6&#8221; standardno je opremljen sa:<\/p>\n<p>8 &#8220;Pro-Grip&#8221; vakuumskih \u010da\u0161ica, maksimalno prianjanje \u010dak i na grubim povr\u0161inama; mjera\u010d vakuuma cijelo vrijeme signalizira razinu vakuuma unutar vakuumske \u010da\u0161ice.<\/p>\n<p>4 sigurnosne naprave protiv pada koje jam\u010de sigurnost tijekom rukovanja.<\/p>\n<p>Nosivost 150 kg<\/p>\n","protected":false},"excerpt":{"rendered":"<p>Kera-Lift &#8220;1A6&#8221; standardno je opremljen sa: 8 &#8220;Pro-Grip&#8221; vakuumskih \u010da\u0161ica, maksimalno prianjanje \u010dak i na grubim povr\u0161inama; mjera\u010d vakuuma cijelo vrijeme signalizira razinu vakuuma unutar vakuumske \u010da\u0161ice. 4 sigurnosne naprave protiv pada koje jam\u010de sigurnost tijekom rukovanja. Nosivost 150 kg<\/p>\n","protected":false},"featured_media":100000027821,"template":"","meta":{"_acf_changed":false},"product_brand":[],"product_oblik":[],"product_cat":[87],"product_tag":[],"class_list":{"0":"post-28849","1":"product","2":"type-product","3":"status-publish","4":"has-post-thumbnail","6":"product_cat-alati-za-keramiku","8":"first","9":"instock","10":"shipping-taxable","11":"purchasable","12":"product-type-simple"},"acf":[],"_links":{"self":[{"href":"https:\/\/modrastijena.com\/me\/wp-json\/wp\/v2\/product\/28849","targetHints":{"allow":["GET"]}}],"collection":[{"href":"https:\/\/modrastijena.com\/me\/wp-json\/wp\/v2\/product"}],"about":[{"href":"https:\/\/modrastijena.com\/me\/wp-json\/wp\/v2\/types\/product"}],"wp:featuredmedia":[{"embeddable":true,"href":"https:\/\/modrastijena.com\/me\/wp-json\/"}],"wp:attachment":[{"href":"https:\/\/modrastijena.com\/me\/wp-json\/wp\/v2\/media?parent=28849"}],"wp:term":[{"taxonomy":"product_brand","embeddable":true,"href":"https:\/\/modrastijena.com\/me\/wp-json\/wp\/v2\/product_brand?post=28849"},{"taxonomy":"product_oblik","embeddable":true,"href":"https:\/\/modrastijena.com\/me\/wp-json\/wp\/v2\/product_oblik?post=28849"},{"taxonomy":"product_cat","embeddable":true,"href":"https:\/\/modrastijena.com\/me\/wp-json\/wp\/v2\/product_cat?post=28849"},{"taxonomy":"product_tag","embeddable":true,"href":"https:\/\/modrastijena.com\/me\/wp-json\/wp\/v2\/product_tag?post=28849"}],"curies":[{"name":"wp","href":"https:\/\/api.w.org\/{rel}","templated":true}]}}