{"id":28828,"date":"2025-04-01T16:31:03","date_gmt":"2025-04-01T16:31:03","guid":{"rendered":"https:\/\/modrastijena.com\/me\/proizvod\/stone-marfil-q1-320x160-sjaj\/"},"modified":"2025-07-31T12:21:18","modified_gmt":"2025-07-31T12:21:18","slug":"stone-marfil-q1-320x160-sjaj","status":"publish","type":"product","link":"https:\/\/modrastijena.com\/me\/proizvod\/stone-marfil-q1-320x160-sjaj\/","title":{"rendered":"Stone Marfil Q1 sjaj 320x160x1,2 cm"},"content":{"rendered":"<div class=\"elementor-element elementor-element-23076fe elementor-widget elementor-widget-heading\" data-id=\"23076fe\" data-element_type=\"widget\" data-widget_type=\"heading.default\">\n<div class=\"elementor-widget-container\">Veliki formati keramike predstavljaju revoluciju u svijetu keramike te su zavladali u arhitekturi i dizajnu interijera i eksterijera. Omogu\u0107uju oblaganje zidova, podova i namje\u0161taja. Zbog dobrih tehni\u010dkih svojstava kao \u0161to su otpornost na ogrebotine, habanje, otpornost na upijanje, visoke temperature i pogodnost za kontakt s hranom sve se vi\u0161e koriste kao radne plo\u010de u kuhinji, za izradu stolova, radnih povr\u0161ina u kupaonici, oblaganje stepenica, oblaganje kamina, izradu za\u0161titnih plo\u010da ispod pe\u0107i i dekoraciju zidova.<\/div>\n<\/div>\n<div class=\"elementor-element elementor-element-a9c4794 elementor-widget elementor-widget-woocommerce-product-content\" data-id=\"a9c4794\" data-element_type=\"widget\" data-widget_type=\"woocommerce-product-content.default\">\n<div class=\"elementor-widget-container\">\n<p>&nbsp;<\/p>\n<p><strong>Napomena:<\/strong><br \/>\nProvjerite dostupnost u prodajnim salonima Modre Stijene.<br \/>\nFotografije ne moraju nu\u017eno u potpunosti odgovarati stvarnom izgledu proizvoda<\/p>\n<\/div>\n<\/div>\n","protected":false},"excerpt":{"rendered":"<p>Veliki formati keramike predstavljaju revoluciju u svijetu keramike te su zavladali u arhitekturi i dizajnu interijera i eksterijera. Omogu\u0107uju oblaganje zidova, podova i namje\u0161taja. Zbog dobrih tehni\u010dkih svojstava kao \u0161to su otpornost na ogrebotine, habanje, otpornost na upijanje, visoke temperature i pogodnost za kontakt s hranom sve se vi\u0161e koriste kao radne plo\u010de u kuhinji, [&hellip;]<\/p>\n","protected":false},"featured_media":100000027877,"template":"","meta":{"_acf_changed":false},"product_brand":[710],"product_oblik":[],"product_cat":[218],"product_tag":[589,473,536,260,154,262,56,314,155,31,34,595,298,316,40],"class_list":{"0":"post-28828","1":"product","2":"type-product","3":"status-publish","4":"has-post-thumbnail","6":"product_brand-florim","7":"product_cat-veliki-formati","8":"product_tag-big-slabs","9":"product_tag-big-tile-slabs","10":"product_tag-ceramic-slabs","11":"product_tag-ceramics","12":"product_tag-countertops","13":"product_tag-flooring","14":"product_tag-gres-keramika","15":"product_tag-kitchen","16":"product_tag-kuhinja","17":"product_tag-pod","18":"product_tag-radna-ploca","19":"product_tag-veliki-format","20":"product_tag-veliki-format-keramike","21":"product_tag-wall","22":"product_tag-zid","24":"first","25":"instock","26":"shipping-taxable","27":"product-type-simple"},"acf":[],"_links":{"self":[{"href":"https:\/\/modrastijena.com\/me\/wp-json\/wp\/v2\/product\/28828","targetHints":{"allow":["GET"]}}],"collection":[{"href":"https:\/\/modrastijena.com\/me\/wp-json\/wp\/v2\/product"}],"about":[{"href":"https:\/\/modrastijena.com\/me\/wp-json\/wp\/v2\/types\/product"}],"wp:featuredmedia":[{"embeddable":true,"href":"https:\/\/modrastijena.com\/me\/wp-json\/"}],"wp:attachment":[{"href":"https:\/\/modrastijena.com\/me\/wp-json\/wp\/v2\/media?parent=28828"}],"wp:term":[{"taxonomy":"product_brand","embeddable":true,"href":"https:\/\/modrastijena.com\/me\/wp-json\/wp\/v2\/product_brand?post=28828"},{"taxonomy":"product_oblik","embeddable":true,"href":"https:\/\/modrastijena.com\/me\/wp-json\/wp\/v2\/product_oblik?post=28828"},{"taxonomy":"product_cat","embeddable":true,"href":"https:\/\/modrastijena.com\/me\/wp-json\/wp\/v2\/product_cat?post=28828"},{"taxonomy":"product_tag","embeddable":true,"href":"https:\/\/modrastijena.com\/me\/wp-json\/wp\/v2\/product_tag?post=28828"}],"curies":[{"name":"wp","href":"https:\/\/api.w.org\/{rel}","templated":true}]}}