{"id":28819,"date":"2025-06-07T08:02:55","date_gmt":"2025-06-07T08:02:55","guid":{"rendered":"https:\/\/modrastijena.com\/me\/proizvod\/sinai-pearl-40x14x18-cm\/"},"modified":"2026-03-09T16:58:03","modified_gmt":"2026-03-09T16:58:03","slug":"sinai-pearl-40x14x18-cm","status":"publish","type":"product","link":"https:\/\/modrastijena.com\/me\/proizvod\/sinai-pearl-40x14x18-cm\/","title":{"rendered":"Sinai Pearl 40x15x2 cm"},"content":{"rendered":"<p>&nbsp;<\/p>\n<p>Ja\u010danjem ekolo\u0161ke svijesti i op\u0107eg trenda povratka prirodnom, u ure\u0111enju interijera i eksterijera dekorativni prirodni kamen je jedan od najtra\u017eenijih.<\/p>\n","protected":false},"excerpt":{"rendered":"<p>&nbsp; Ja\u010danjem ekolo\u0161ke svijesti i op\u0107eg trenda povratka prirodnom, u ure\u0111enju interijera i eksterijera dekorativni prirodni kamen je jedan od najtra\u017eenijih.<\/p>\n","protected":false},"featured_media":100000027955,"template":"","meta":{"_acf_changed":false},"product_brand":[],"product_oblik":[],"product_cat":[22,268],"product_tag":[123,124,832,833,834,46,40],"class_list":{"0":"post-28819","1":"product","2":"type-product","3":"status-publish","4":"has-post-thumbnail","6":"product_cat-kamen","7":"product_cat-dekorativni-kamen","8":"product_tag-bunja","9":"product_tag-dekorativni-kamen","10":"product_tag-dekorativni-zid","11":"product_tag-egipatski-kamen","12":"product_tag-fasada","13":"product_tag-kamen","14":"product_tag-zid","16":"first","17":"instock","18":"shipping-taxable","19":"product-type-simple"},"acf":[],"_links":{"self":[{"href":"https:\/\/modrastijena.com\/me\/wp-json\/wp\/v2\/product\/28819","targetHints":{"allow":["GET"]}}],"collection":[{"href":"https:\/\/modrastijena.com\/me\/wp-json\/wp\/v2\/product"}],"about":[{"href":"https:\/\/modrastijena.com\/me\/wp-json\/wp\/v2\/types\/product"}],"wp:featuredmedia":[{"embeddable":true,"href":"https:\/\/modrastijena.com\/me\/wp-json\/"}],"wp:attachment":[{"href":"https:\/\/modrastijena.com\/me\/wp-json\/wp\/v2\/media?parent=28819"}],"wp:term":[{"taxonomy":"product_brand","embeddable":true,"href":"https:\/\/modrastijena.com\/me\/wp-json\/wp\/v2\/product_brand?post=28819"},{"taxonomy":"product_oblik","embeddable":true,"href":"https:\/\/modrastijena.com\/me\/wp-json\/wp\/v2\/product_oblik?post=28819"},{"taxonomy":"product_cat","embeddable":true,"href":"https:\/\/modrastijena.com\/me\/wp-json\/wp\/v2\/product_cat?post=28819"},{"taxonomy":"product_tag","embeddable":true,"href":"https:\/\/modrastijena.com\/me\/wp-json\/wp\/v2\/product_tag?post=28819"}],"curies":[{"name":"wp","href":"https:\/\/api.w.org\/{rel}","templated":true}]}}