{"id":28817,"date":"2025-06-07T08:12:08","date_gmt":"2025-06-07T08:12:08","guid":{"rendered":"https:\/\/modrastijena.com\/me\/proizvod\/travertin-15xnx2-cm\/"},"modified":"2026-04-03T07:04:57","modified_gmt":"2026-04-03T07:04:57","slug":"travertin-15xnx2-cm","status":"publish","type":"product","link":"https:\/\/modrastijena.com\/me\/proizvod\/travertin-15xnx2-cm\/","title":{"rendered":"Travertin 15xNx2 cm"},"content":{"rendered":"<p>Ja\u010danjem ekolo\u0161ke svijesti i op\u0107eg trenda povratka prirodnom, u ure\u0111enju interijera i eksterijera dekorativni prirodni kamen je jedan od najtra\u017eenijih.<\/p>\n<div class=\"elementor-element elementor-element-a9c4794 elementor-widget elementor-widget-woocommerce-product-content\" data-id=\"a9c4794\" data-element_type=\"widget\" data-widget_type=\"woocommerce-product-content.default\">\n<div class=\"elementor-widget-container\">\n<p><b>Napomena:<\/b><\/p>\n<p>Kamen je prirodan materijal i svaka kamena plo\u010da je unikatna, stoga preporu\u010dujemo da vidite uzorak kamena u jednoj od na\u0161ih poslovnica. Fotografije ne moraju nu\u017eno u potpunosti odgovarati stvarnom izgledu proizvoda. Provjerite dostupnost u prodajnim salonima Modre Stijene.<\/p>\n<\/div>\n<\/div>\n<div class=\"elementor-element elementor-element-2b9bda3 elementor-widget elementor-widget-heading\" data-id=\"2b9bda3\" data-element_type=\"widget\" data-widget_type=\"heading.default\">\n<div class=\"elementor-widget-container\"><span class=\"elementor-heading-title elementor-size-default\">Ukoliko trebate informacije o ovom proizvodu po\u0161aljite nam upit.<\/span><\/div>\n<\/div>\n","protected":false},"excerpt":{"rendered":"<p>Ja\u010danjem ekolo\u0161ke svijesti i op\u0107eg trenda povratka prirodnom, u ure\u0111enju interijera i eksterijera dekorativni prirodni kamen je jedan od najtra\u017eenijih. Napomena: Kamen je prirodan materijal i svaka kamena plo\u010da je unikatna, stoga preporu\u010dujemo da vidite uzorak kamena u jednoj od na\u0161ih poslovnica. Fotografije ne moraju nu\u017eno u potpunosti odgovarati stvarnom izgledu proizvoda. Provjerite dostupnost u [&hellip;]<\/p>\n","protected":false},"featured_media":100000027959,"template":"","meta":{"_acf_changed":false},"product_brand":[],"product_oblik":[],"product_cat":[22,268],"product_tag":[123,124,832,833,834,46,40],"class_list":{"0":"post-28817","1":"product","2":"type-product","3":"status-publish","4":"has-post-thumbnail","6":"product_cat-kamen","7":"product_cat-dekorativni-kamen","8":"product_tag-bunja","9":"product_tag-dekorativni-kamen","10":"product_tag-dekorativni-zid","11":"product_tag-egipatski-kamen","12":"product_tag-fasada","13":"product_tag-kamen","14":"product_tag-zid","16":"first","17":"instock","18":"shipping-taxable","19":"product-type-simple"},"acf":[],"_links":{"self":[{"href":"https:\/\/modrastijena.com\/me\/wp-json\/wp\/v2\/product\/28817","targetHints":{"allow":["GET"]}}],"collection":[{"href":"https:\/\/modrastijena.com\/me\/wp-json\/wp\/v2\/product"}],"about":[{"href":"https:\/\/modrastijena.com\/me\/wp-json\/wp\/v2\/types\/product"}],"wp:featuredmedia":[{"embeddable":true,"href":"https:\/\/modrastijena.com\/me\/wp-json\/"}],"wp:attachment":[{"href":"https:\/\/modrastijena.com\/me\/wp-json\/wp\/v2\/media?parent=28817"}],"wp:term":[{"taxonomy":"product_brand","embeddable":true,"href":"https:\/\/modrastijena.com\/me\/wp-json\/wp\/v2\/product_brand?post=28817"},{"taxonomy":"product_oblik","embeddable":true,"href":"https:\/\/modrastijena.com\/me\/wp-json\/wp\/v2\/product_oblik?post=28817"},{"taxonomy":"product_cat","embeddable":true,"href":"https:\/\/modrastijena.com\/me\/wp-json\/wp\/v2\/product_cat?post=28817"},{"taxonomy":"product_tag","embeddable":true,"href":"https:\/\/modrastijena.com\/me\/wp-json\/wp\/v2\/product_tag?post=28817"}],"curies":[{"name":"wp","href":"https:\/\/api.w.org\/{rel}","templated":true}]}}