{"id":28762,"date":"2025-02-11T08:10:58","date_gmt":"2025-02-11T08:10:58","guid":{"rendered":"https:\/\/modrastijena.com\/me\/proizvod\/marble-capraia-320x160x12-cm-sjaj\/"},"modified":"2025-02-11T08:39:11","modified_gmt":"2025-02-11T08:39:11","slug":"marble-capraia-320x160x12-cm-sjaj","status":"publish","type":"product","link":"https:\/\/modrastijena.com\/me\/proizvod\/marble-capraia-320x160x12-cm-sjaj\/","title":{"rendered":"Marble Capraia 320x160x1,2 cm, sjaj"},"content":{"rendered":"<p>&nbsp;<\/p>\n<p>Veliki formati keramike predstavljaju revoluciju u svijetu keramike te su zavladale u arhitekturi i dizajnu interijera i eksterijera. Omogu\u0107uju oblaganje zidova, podova i namje\u0161taja. Zbog dobrih tehni\u010dkih svojstava kao \u0161to su otpornost na ogrebotine, habanje, otpornost na upijanje, visoke temperature i pogodnost za kontakt sa hranom sve se vi\u0161e koriste kao radne plo\u010de u kuhinji, za izradu stolova, radnih povr\u0161ina u kupaonici, oblaganje stepenica, oblaganje kamina, izradu za\u0161titnih plo\u010da ispod pe\u0107i i dekoraciju zidova.<\/p>\n<p>Vi\u0161e o velikom formatu Marble Capraia pogledajte na <a href=\"https:\/\/www.florim.com\/en\/products\/all-collections\/marble\/marble-capraia\">https:\/\/www.florim.com\/en\/products\/all-collections\/marble\/marble-capraia<\/a><\/p>\n<p><b>Napomena:<\/b><br \/>\nProvjerite dostupnost u prodajnim salonima Modre Stijene.<br \/>\nFotografije ne moraju nu\u017eno u potpunosti odgovarati stvarnom izgledu proizvoda.<\/p>\n<p>&nbsp;<\/p>\n","protected":false},"excerpt":{"rendered":"<p>&nbsp; Veliki formati keramike predstavljaju revoluciju u svijetu keramike te su zavladale u arhitekturi i dizajnu interijera i eksterijera. Omogu\u0107uju oblaganje zidova, podova i namje\u0161taja. Zbog dobrih tehni\u010dkih svojstava kao \u0161to su otpornost na ogrebotine, habanje, otpornost na upijanje, visoke temperature i pogodnost za kontakt sa hranom sve se vi\u0161e koriste kao radne plo\u010de u [&hellip;]<\/p>\n","protected":false},"featured_media":100000027700,"template":"","meta":{"_acf_changed":false},"product_brand":[710],"product_oblik":[],"product_cat":[218],"product_tag":[219,184,56,57,28,30,819,220,820,221,821,31,34,35,36,222,223,822,224,225,40],"class_list":{"0":"post-28762","1":"product","2":"type-product","3":"status-publish","4":"has-post-thumbnail","6":"product_brand-florim","7":"product_cat-veliki-formati","8":"product_tag-blagovaonski-stolovi","9":"product_tag-gres","10":"product_tag-gres-keramika","11":"product_tag-keramika","12":"product_tag-klub-stol","13":"product_tag-oblaganje-kamina","14":"product_tag-oblaganje-komode","15":"product_tag-oblaganje-poda","16":"product_tag-oblaganje-umivaonika","17":"product_tag-oblaganje-zida","18":"product_tag-ploca-ispod-umivaonika","19":"product_tag-pod","20":"product_tag-radna-ploca","21":"product_tag-sank","22":"product_tag-stepenice","23":"product_tag-stolovi","24":"product_tag-trpezarijski-stolovi","25":"product_tag-tv-komoda","26":"product_tag-veliki-formati","27":"product_tag-veliki-formati-keramike","28":"product_tag-zid","30":"first","31":"outofstock","32":"shipping-taxable","33":"product-type-simple"},"acf":[],"_links":{"self":[{"href":"https:\/\/modrastijena.com\/me\/wp-json\/wp\/v2\/product\/28762","targetHints":{"allow":["GET"]}}],"collection":[{"href":"https:\/\/modrastijena.com\/me\/wp-json\/wp\/v2\/product"}],"about":[{"href":"https:\/\/modrastijena.com\/me\/wp-json\/wp\/v2\/types\/product"}],"wp:featuredmedia":[{"embeddable":true,"href":"https:\/\/modrastijena.com\/me\/wp-json\/"}],"wp:attachment":[{"href":"https:\/\/modrastijena.com\/me\/wp-json\/wp\/v2\/media?parent=28762"}],"wp:term":[{"taxonomy":"product_brand","embeddable":true,"href":"https:\/\/modrastijena.com\/me\/wp-json\/wp\/v2\/product_brand?post=28762"},{"taxonomy":"product_oblik","embeddable":true,"href":"https:\/\/modrastijena.com\/me\/wp-json\/wp\/v2\/product_oblik?post=28762"},{"taxonomy":"product_cat","embeddable":true,"href":"https:\/\/modrastijena.com\/me\/wp-json\/wp\/v2\/product_cat?post=28762"},{"taxonomy":"product_tag","embeddable":true,"href":"https:\/\/modrastijena.com\/me\/wp-json\/wp\/v2\/product_tag?post=28762"}],"curies":[{"name":"wp","href":"https:\/\/api.w.org\/{rel}","templated":true}]}}