{"id":28733,"date":"2024-12-02T08:13:20","date_gmt":"2024-12-02T08:13:20","guid":{"rendered":"https:\/\/modrastijena.com\/me\/?post_type=product&#038;p=28733"},"modified":"2025-04-06T14:17:31","modified_gmt":"2025-04-06T14:17:31","slug":"pjena-za-ciscenje-stakla-kamina-peci-300ml","status":"publish","type":"product","link":"https:\/\/modrastijena.com\/me\/proizvod\/pjena-za-ciscenje-stakla-kamina-peci-300ml\/","title":{"rendered":"Pjena za \u010di\u0161\u0107enje stakla kamina\/pe\u0107i 300ml"},"content":{"rendered":"","protected":false},"excerpt":{"rendered":"","protected":false},"featured_media":100000027575,"template":"","meta":{"_acf_changed":false},"product_brand":[],"product_oblik":[],"product_cat":[210],"product_tag":[],"class_list":{"0":"post-28733","1":"product","2":"type-product","3":"status-publish","4":"has-post-thumbnail","6":"product_cat-ostalo-kamini-i-peci","8":"first","9":"instock","10":"shipping-taxable","11":"purchasable","12":"product-type-simple"},"acf":[],"_links":{"self":[{"href":"https:\/\/modrastijena.com\/me\/wp-json\/wp\/v2\/product\/28733","targetHints":{"allow":["GET"]}}],"collection":[{"href":"https:\/\/modrastijena.com\/me\/wp-json\/wp\/v2\/product"}],"about":[{"href":"https:\/\/modrastijena.com\/me\/wp-json\/wp\/v2\/types\/product"}],"wp:featuredmedia":[{"embeddable":true,"href":"https:\/\/modrastijena.com\/me\/wp-json\/"}],"wp:attachment":[{"href":"https:\/\/modrastijena.com\/me\/wp-json\/wp\/v2\/media?parent=28733"}],"wp:term":[{"taxonomy":"product_brand","embeddable":true,"href":"https:\/\/modrastijena.com\/me\/wp-json\/wp\/v2\/product_brand?post=28733"},{"taxonomy":"product_oblik","embeddable":true,"href":"https:\/\/modrastijena.com\/me\/wp-json\/wp\/v2\/product_oblik?post=28733"},{"taxonomy":"product_cat","embeddable":true,"href":"https:\/\/modrastijena.com\/me\/wp-json\/wp\/v2\/product_cat?post=28733"},{"taxonomy":"product_tag","embeddable":true,"href":"https:\/\/modrastijena.com\/me\/wp-json\/wp\/v2\/product_tag?post=28733"}],"curies":[{"name":"wp","href":"https:\/\/api.w.org\/{rel}","templated":true}]}}