{"id":28687,"date":"2024-10-23T10:11:30","date_gmt":"2024-10-23T10:11:30","guid":{"rendered":"https:\/\/modrastijena.com\/me\/proizvod\/ploca-za-stol-hrast-200x100-cm\/"},"modified":"2024-10-23T12:04:51","modified_gmt":"2024-10-23T12:04:51","slug":"ploca-za-stol-hrast-200x100-cm","status":"publish","type":"product","link":"https:\/\/modrastijena.com\/me\/proizvod\/ploca-za-stol-hrast-200x100-cm\/","title":{"rendered":"Plo\u010da za stol hrast 200&#215;100 cm"},"content":{"rendered":"<p>Materijal: drvo \u2013 hrast (puno drvo)<br \/>\nDimenzija plo\u010de: 200x 100 cm<br \/>\nDebljina plo\u010de: 4 cm<br \/>\nVrsta obrade: shark nose<\/p>\n<p>Mogu\u0107nosti kupovine:<br \/>\n\u2013 kupovina gotove plo\u010de i postolja<br \/>\n\u2013 kupovina samo gotove plo\u010de<\/p>\n<p>Napomena:<br \/>\nDrvo je prirodan materijal i svaka plo\u010da je unikatna. Fotografije ne moraju nu\u017eno u potpunosti odgovarati stvarnom izgledu proizvoda.<\/p>\n","protected":false},"excerpt":{"rendered":"<p>Materijal: drvo \u2013 hrast (puno drvo) Dimenzija plo\u010de: 200x 100 cm Debljina plo\u010de: 4 cm Vrsta obrade: shark nose Mogu\u0107nosti kupovine: \u2013 kupovina gotove plo\u010de i postolja \u2013 kupovina samo gotove plo\u010de Napomena: Drvo je prirodan materijal i svaka plo\u010da je unikatna. Fotografije ne moraju nu\u017eno u potpunosti odgovarati stvarnom izgledu proizvoda.<\/p>\n","protected":false},"featured_media":100000027387,"template":"","meta":{"_acf_changed":false},"product_brand":[],"product_oblik":[],"product_cat":[802,789],"product_tag":[],"class_list":{"0":"post-28687","1":"product","2":"type-product","3":"status-publish","4":"has-post-thumbnail","6":"product_cat-drveni-stolovi","7":"product_cat-gotove-ploce-za-stol","9":"first","10":"instock","11":"shipping-taxable","12":"purchasable","13":"product-type-simple"},"acf":[],"_links":{"self":[{"href":"https:\/\/modrastijena.com\/me\/wp-json\/wp\/v2\/product\/28687","targetHints":{"allow":["GET"]}}],"collection":[{"href":"https:\/\/modrastijena.com\/me\/wp-json\/wp\/v2\/product"}],"about":[{"href":"https:\/\/modrastijena.com\/me\/wp-json\/wp\/v2\/types\/product"}],"wp:featuredmedia":[{"embeddable":true,"href":"https:\/\/modrastijena.com\/me\/wp-json\/"}],"wp:attachment":[{"href":"https:\/\/modrastijena.com\/me\/wp-json\/wp\/v2\/media?parent=28687"}],"wp:term":[{"taxonomy":"product_brand","embeddable":true,"href":"https:\/\/modrastijena.com\/me\/wp-json\/wp\/v2\/product_brand?post=28687"},{"taxonomy":"product_oblik","embeddable":true,"href":"https:\/\/modrastijena.com\/me\/wp-json\/wp\/v2\/product_oblik?post=28687"},{"taxonomy":"product_cat","embeddable":true,"href":"https:\/\/modrastijena.com\/me\/wp-json\/wp\/v2\/product_cat?post=28687"},{"taxonomy":"product_tag","embeddable":true,"href":"https:\/\/modrastijena.com\/me\/wp-json\/wp\/v2\/product_tag?post=28687"}],"curies":[{"name":"wp","href":"https:\/\/api.w.org\/{rel}","templated":true}]}}