{"id":28683,"date":"2024-10-22T12:33:22","date_gmt":"2024-10-22T12:33:22","guid":{"rendered":"https:\/\/modrastijena.com\/me\/proizvod\/ploca-za-stol-hrast-fi-110-cm\/"},"modified":"2024-10-22T12:33:22","modified_gmt":"2024-10-22T12:33:22","slug":"ploca-za-stol-hrast-fi-110-cm","status":"publish","type":"product","link":"https:\/\/modrastijena.com\/me\/proizvod\/ploca-za-stol-hrast-fi-110-cm\/","title":{"rendered":"Plo\u010da za stol hrast fi 110 cm"},"content":{"rendered":"<p>Materijal: drvo &#8211; hrast<br \/>\nDimenzija plo\u010da: \u00f8 110 cm<br \/>\nDebljina plo\u010de: 2,5 cm<br \/>\nVrsta obrade: shark nose<\/p>\n<p>Mogu\u0107nosti kupovine:<br \/>\n\u2013 kupovina gotove plo\u010de i postolja<br \/>\n\u2013 kupovina samo gotove plo\u010de<\/p>\n<p>Napomena:<br \/>\nDrvo je prirodan materijal i svaka plo\u010da je unikatna. Fotografije ne moraju nu\u017eno u potpunosti odgovarati stvarnom izgledu proizvoda.<\/p>\n","protected":false},"excerpt":{"rendered":"<p>Materijal: drvo &#8211; hrast Dimenzija plo\u010da: \u00f8 110 cm Debljina plo\u010de: 2,5 cm Vrsta obrade: shark nose Mogu\u0107nosti kupovine: \u2013 kupovina gotove plo\u010de i postolja \u2013 kupovina samo gotove plo\u010de Napomena: Drvo je prirodan materijal i svaka plo\u010da je unikatna. Fotografije ne moraju nu\u017eno u potpunosti odgovarati stvarnom izgledu proizvoda.<\/p>\n","protected":false},"featured_media":100000027378,"template":"","meta":{"_acf_changed":false},"product_brand":[],"product_oblik":[],"product_cat":[802,789],"product_tag":[],"class_list":{"0":"post-28683","1":"product","2":"type-product","3":"status-publish","4":"has-post-thumbnail","6":"product_cat-drveni-stolovi","7":"product_cat-gotove-ploce-za-stol","9":"first","10":"instock","11":"shipping-taxable","12":"purchasable","13":"product-type-simple"},"acf":[],"_links":{"self":[{"href":"https:\/\/modrastijena.com\/me\/wp-json\/wp\/v2\/product\/28683","targetHints":{"allow":["GET"]}}],"collection":[{"href":"https:\/\/modrastijena.com\/me\/wp-json\/wp\/v2\/product"}],"about":[{"href":"https:\/\/modrastijena.com\/me\/wp-json\/wp\/v2\/types\/product"}],"wp:featuredmedia":[{"embeddable":true,"href":"https:\/\/modrastijena.com\/me\/wp-json\/"}],"wp:attachment":[{"href":"https:\/\/modrastijena.com\/me\/wp-json\/wp\/v2\/media?parent=28683"}],"wp:term":[{"taxonomy":"product_brand","embeddable":true,"href":"https:\/\/modrastijena.com\/me\/wp-json\/wp\/v2\/product_brand?post=28683"},{"taxonomy":"product_oblik","embeddable":true,"href":"https:\/\/modrastijena.com\/me\/wp-json\/wp\/v2\/product_oblik?post=28683"},{"taxonomy":"product_cat","embeddable":true,"href":"https:\/\/modrastijena.com\/me\/wp-json\/wp\/v2\/product_cat?post=28683"},{"taxonomy":"product_tag","embeddable":true,"href":"https:\/\/modrastijena.com\/me\/wp-json\/wp\/v2\/product_tag?post=28683"}],"curies":[{"name":"wp","href":"https:\/\/api.w.org\/{rel}","templated":true}]}}