{"id":28669,"date":"2024-10-09T12:20:11","date_gmt":"2024-10-09T12:20:11","guid":{"rendered":"https:\/\/modrastijena.com\/me\/proizvod\/andorra-exclusive-black-thorma\/"},"modified":"2024-10-09T12:21:09","modified_gmt":"2024-10-09T12:21:09","slug":"andorra-exclusive-black-thorma","status":"publish","type":"product","link":"https:\/\/modrastijena.com\/me\/proizvod\/andorra-exclusive-black-thorma\/","title":{"rendered":"ANDORRA EXCLUSIVE BLACK (THORMA)"},"content":{"rendered":"<p>Tehni\u010dki podaci:<\/p>\n<ul>\n<li>Dimenzije cm: 53,8&#215;53,8&#215;1210,5<\/li>\n<li>Nominalna toplinska snaga kW: 7,5<\/li>\n<li>U\u010dinkovitost-iskoristivost %: 80,4<\/li>\n<li>Promjer dimnjaka cm: 15<\/li>\n<li>Ukupna te\u017eina kg: 109<\/li>\n<li>Zagrijava m\u00b3: 98-180<\/li>\n<\/ul>\n","protected":false},"excerpt":{"rendered":"<p>Tehni\u010dki podaci: Dimenzije cm: 53,8&#215;53,8&#215;1210,5 Nominalna toplinska snaga kW: 7,5 U\u010dinkovitost-iskoristivost %: 80,4 Promjer dimnjaka cm: 15 Ukupna te\u017eina kg: 109 Zagrijava m\u00b3: 98-180<\/p>\n","protected":false},"featured_media":100000027305,"template":"","meta":{"_acf_changed":false},"product_brand":[724],"product_oblik":[],"product_cat":[95,112],"product_tag":[],"class_list":{"0":"post-28669","1":"product","2":"type-product","3":"status-publish","4":"has-post-thumbnail","6":"product_brand-thorma","7":"product_cat-kamini-i-peci","8":"product_cat-peci-na-drva","10":"first","11":"instock","12":"shipping-taxable","13":"purchasable","14":"product-type-simple"},"acf":[],"_links":{"self":[{"href":"https:\/\/modrastijena.com\/me\/wp-json\/wp\/v2\/product\/28669","targetHints":{"allow":["GET"]}}],"collection":[{"href":"https:\/\/modrastijena.com\/me\/wp-json\/wp\/v2\/product"}],"about":[{"href":"https:\/\/modrastijena.com\/me\/wp-json\/wp\/v2\/types\/product"}],"wp:featuredmedia":[{"embeddable":true,"href":"https:\/\/modrastijena.com\/me\/wp-json\/"}],"wp:attachment":[{"href":"https:\/\/modrastijena.com\/me\/wp-json\/wp\/v2\/media?parent=28669"}],"wp:term":[{"taxonomy":"product_brand","embeddable":true,"href":"https:\/\/modrastijena.com\/me\/wp-json\/wp\/v2\/product_brand?post=28669"},{"taxonomy":"product_oblik","embeddable":true,"href":"https:\/\/modrastijena.com\/me\/wp-json\/wp\/v2\/product_oblik?post=28669"},{"taxonomy":"product_cat","embeddable":true,"href":"https:\/\/modrastijena.com\/me\/wp-json\/wp\/v2\/product_cat?post=28669"},{"taxonomy":"product_tag","embeddable":true,"href":"https:\/\/modrastijena.com\/me\/wp-json\/wp\/v2\/product_tag?post=28669"}],"curies":[{"name":"wp","href":"https:\/\/api.w.org\/{rel}","templated":true}]}}