{"id":28652,"date":"2024-09-20T15:33:16","date_gmt":"2024-09-20T15:33:16","guid":{"rendered":"https:\/\/modrastijena.com\/me\/proizvod\/umjetni-calacatta-7\/"},"modified":"2025-11-20T14:25:34","modified_gmt":"2025-11-20T14:25:34","slug":"umjetni-calacatta-7","status":"publish","type":"product","link":"https:\/\/modrastijena.com\/me\/proizvod\/umjetni-calacatta-7\/","title":{"rendered":"Umjetni Calacatta 7"},"content":{"rendered":"<p>Na va\u0161 upit stigao je i novi umjetni kamen u dezenu Calacatte\u00a0\ud83d\ude42<\/p>\n<p>Umjetni kamen je najpogodniji za unutarnju primjenu, kao \u0161to je oblaganje prozorskih klupica, pragova, stepenica i podova.<\/p>\n<p>Umjetni kamen je dobiven umjetnim putem i \u010dini ga 90% kamenog granulata na bazi mramora, a ostatak su smole i ostala kemijska punila koja kamen dr\u017ee kompaktnim. Iako nema tako dobra mehani\u010dka svojstva kao umjetno dobiveni kamen quartz izuzetno je popularan zbog povoljnije cijene i modernog dizajna pa se \u010desto koristi u ure\u0111enju interijera.<\/p>\n<p><strong>Va\u017eno je znati<\/strong><\/p>\n<p>Nijedan materijal nije potpuno otporan na ogrebotine ili upijanje pa se kod umjetnog kamena kao i kod svih ostalih materijala preporu\u010duje oprezno rukovanje.<\/p>\n<p><b>Napomena:<\/b><br \/>\nKamen je prirodan materijal i svaka kamena plo\u010da je unikatna, stoga preporu\u010dujemo da vidite uzorak kamena u jednoj od na\u0161ih poslovnica. Fotografije ne moraju nu\u017eno u potpunosti odgovarati stvarnom izgledu proizvoda. Provjerite dostupnost u prodajnim salonima Modre Stijene.<\/p>\n","protected":false},"excerpt":{"rendered":"<p>Na va\u0161 upit stigao je i novi umjetni kamen u dezenu Calacatte\u00a0\ud83d\ude42 Umjetni kamen je najpogodniji za unutarnju primjenu, kao \u0161to je oblaganje prozorskih klupica, pragova, stepenica i podova. Umjetni kamen je dobiven umjetnim putem i \u010dini ga 90% kamenog granulata na bazi mramora, a ostatak su smole i ostala kemijska punila koja kamen dr\u017ee [&hellip;]<\/p>\n","protected":false},"featured_media":100000027232,"template":"","meta":{"_acf_changed":false},"product_brand":[],"product_oblik":[],"product_cat":[22,163],"product_tag":[31,166,49,167,40],"class_list":{"0":"post-28652","1":"product","2":"type-product","3":"status-publish","4":"has-post-thumbnail","6":"product_cat-kamen","7":"product_cat-umjetni","8":"product_tag-pod","9":"product_tag-umjetni-kamen","10":"product_tag-unutarnje-klupice","11":"product_tag-unutarnje-stepenice","12":"product_tag-zid","14":"first","15":"instock","16":"shipping-taxable","17":"product-type-simple"},"acf":[],"_links":{"self":[{"href":"https:\/\/modrastijena.com\/me\/wp-json\/wp\/v2\/product\/28652","targetHints":{"allow":["GET"]}}],"collection":[{"href":"https:\/\/modrastijena.com\/me\/wp-json\/wp\/v2\/product"}],"about":[{"href":"https:\/\/modrastijena.com\/me\/wp-json\/wp\/v2\/types\/product"}],"wp:featuredmedia":[{"embeddable":true,"href":"https:\/\/modrastijena.com\/me\/wp-json\/"}],"wp:attachment":[{"href":"https:\/\/modrastijena.com\/me\/wp-json\/wp\/v2\/media?parent=28652"}],"wp:term":[{"taxonomy":"product_brand","embeddable":true,"href":"https:\/\/modrastijena.com\/me\/wp-json\/wp\/v2\/product_brand?post=28652"},{"taxonomy":"product_oblik","embeddable":true,"href":"https:\/\/modrastijena.com\/me\/wp-json\/wp\/v2\/product_oblik?post=28652"},{"taxonomy":"product_cat","embeddable":true,"href":"https:\/\/modrastijena.com\/me\/wp-json\/wp\/v2\/product_cat?post=28652"},{"taxonomy":"product_tag","embeddable":true,"href":"https:\/\/modrastijena.com\/me\/wp-json\/wp\/v2\/product_tag?post=28652"}],"curies":[{"name":"wp","href":"https:\/\/api.w.org\/{rel}","templated":true}]}}