{"id":28481,"date":"2024-09-10T13:50:41","date_gmt":"2024-09-10T13:50:41","guid":{"rendered":"https:\/\/modrastijena.com\/me\/proizvod\/sensi-taupe-sand-60x120-cm\/"},"modified":"2026-02-12T11:02:27","modified_gmt":"2026-02-12T11:02:27","slug":"sensi-taupe-sand-60x120-cm","status":"publish","type":"product","link":"https:\/\/modrastijena.com\/me\/proizvod\/sensi-taupe-sand-60x120-cm\/?paket_m2=1.44","title":{"rendered":"Sensi Taupe Sand 60&#215;120 cm"},"content":{"rendered":"<p><span lang=\"HR\">Komada u paketu: 2<\/span><\/p>\n<p><span lang=\"HR\">Paket m\u00b2: 1,44<\/span><\/p>\n<p><span lang=\"HR\">Te\u017eina paketa: 27,50 kg<\/span><\/p>\n<p>&nbsp;<\/p>\n","protected":false},"excerpt":{"rendered":"<p>retificirana plo\u010dica, komercijalna klasa, talijanski proizvo\u0111a\u010d Florim<\/p>\n","protected":false},"featured_media":100000028647,"template":"","meta":{"_acf_changed":false},"product_brand":[710],"product_oblik":[],"product_cat":[54],"product_tag":[146,261,262,184,57,804,477,466,174,31,58],"class_list":{"0":"post-28481","1":"product","2":"type-product","3":"status-publish","4":"has-post-thumbnail","6":"product_brand-florim","7":"product_cat-keramika","8":"product_tag-eksterijer","9":"product_tag-floor","10":"product_tag-flooring","11":"product_tag-gres","12":"product_tag-keramika","13":"product_tag-oblaganje","14":"product_tag-oblaganje-keramikom","15":"product_tag-outdoor","16":"product_tag-plocice","17":"product_tag-pod","18":"product_tag-terasa","20":"first","21":"instock","22":"shipping-taxable","23":"purchasable","24":"product-type-simple"},"acf":[],"_links":{"self":[{"href":"https:\/\/modrastijena.com\/me\/wp-json\/wp\/v2\/product\/28481","targetHints":{"allow":["GET"]}}],"collection":[{"href":"https:\/\/modrastijena.com\/me\/wp-json\/wp\/v2\/product"}],"about":[{"href":"https:\/\/modrastijena.com\/me\/wp-json\/wp\/v2\/types\/product"}],"wp:featuredmedia":[{"embeddable":true,"href":"https:\/\/modrastijena.com\/me\/wp-json\/"}],"wp:attachment":[{"href":"https:\/\/modrastijena.com\/me\/wp-json\/wp\/v2\/media?parent=28481"}],"wp:term":[{"taxonomy":"product_brand","embeddable":true,"href":"https:\/\/modrastijena.com\/me\/wp-json\/wp\/v2\/product_brand?post=28481"},{"taxonomy":"product_oblik","embeddable":true,"href":"https:\/\/modrastijena.com\/me\/wp-json\/wp\/v2\/product_oblik?post=28481"},{"taxonomy":"product_cat","embeddable":true,"href":"https:\/\/modrastijena.com\/me\/wp-json\/wp\/v2\/product_cat?post=28481"},{"taxonomy":"product_tag","embeddable":true,"href":"https:\/\/modrastijena.com\/me\/wp-json\/wp\/v2\/product_tag?post=28481"}],"curies":[{"name":"wp","href":"https:\/\/api.w.org\/{rel}","templated":true}]}}