{"id":28473,"date":"2024-09-09T12:18:50","date_gmt":"2024-09-09T12:18:50","guid":{"rendered":"https:\/\/modrastijena.com\/me\/proizvod\/nature-mood-glacier-60x120-sjaj\/"},"modified":"2024-09-09T12:24:40","modified_gmt":"2024-09-09T12:24:40","slug":"nature-mood-glacier-60x120-sjaj","status":"publish","type":"product","link":"https:\/\/modrastijena.com\/me\/proizvod\/nature-mood-glacier-60x120-sjaj\/?paket_m2=1.44","title":{"rendered":"Nature Mood Glacier 60&#215;120, sjaj"},"content":{"rendered":"<p><span lang=\"HR\">Komada u paketu: 2<\/span><\/p>\n<p><span lang=\"HR\">Paket m<strong>\u00b2: 1,44<\/strong><\/span><\/p>\n<p><span lang=\"HR\">Te\u017eina paketa kg: 32,40<\/span><\/p>\n<p>&nbsp;<\/p>\n<p>&nbsp;<\/p>\n<p>Cijene su izra\u017eene u konvertibilnim markama po m\u00b2. Kona\u010dna cijena se obra\u010dunava po koli\u010dini\/broju paketa koju naru\u010dujete.<\/p>\n<p>&nbsp;<\/p>\n","protected":false},"excerpt":{"rendered":"<p>retificirana plo\u010dica, 1 klasa, talijanski proizvo\u0111a\u010d Florim<\/p>\n","protected":false},"featured_media":100000026869,"template":"","meta":{"_acf_changed":false},"product_brand":[710],"product_oblik":[],"product_cat":[54],"product_tag":[145,56,189,192,57,169,477,174,315,265,31,209],"class_list":{"0":"post-28473","1":"product","2":"type-product","3":"status-publish","4":"has-post-thumbnail","6":"product_brand-florim","7":"product_cat-keramika","8":"product_tag-dnevni-boravak","9":"product_tag-gres-keramika","10":"product_tag-gres-plocice","11":"product_tag-hodnik","12":"product_tag-keramika","13":"product_tag-kupaonica","14":"product_tag-oblaganje-keramikom","15":"product_tag-plocice","16":"product_tag-plocice-za-kupaonicu","17":"product_tag-plocice-za-pod","18":"product_tag-pod","19":"product_tag-soba","21":"first","22":"instock","23":"shipping-taxable","24":"purchasable","25":"product-type-simple"},"acf":[],"_links":{"self":[{"href":"https:\/\/modrastijena.com\/me\/wp-json\/wp\/v2\/product\/28473","targetHints":{"allow":["GET"]}}],"collection":[{"href":"https:\/\/modrastijena.com\/me\/wp-json\/wp\/v2\/product"}],"about":[{"href":"https:\/\/modrastijena.com\/me\/wp-json\/wp\/v2\/types\/product"}],"wp:featuredmedia":[{"embeddable":true,"href":"https:\/\/modrastijena.com\/me\/wp-json\/"}],"wp:attachment":[{"href":"https:\/\/modrastijena.com\/me\/wp-json\/wp\/v2\/media?parent=28473"}],"wp:term":[{"taxonomy":"product_brand","embeddable":true,"href":"https:\/\/modrastijena.com\/me\/wp-json\/wp\/v2\/product_brand?post=28473"},{"taxonomy":"product_oblik","embeddable":true,"href":"https:\/\/modrastijena.com\/me\/wp-json\/wp\/v2\/product_oblik?post=28473"},{"taxonomy":"product_cat","embeddable":true,"href":"https:\/\/modrastijena.com\/me\/wp-json\/wp\/v2\/product_cat?post=28473"},{"taxonomy":"product_tag","embeddable":true,"href":"https:\/\/modrastijena.com\/me\/wp-json\/wp\/v2\/product_tag?post=28473"}],"curies":[{"name":"wp","href":"https:\/\/api.w.org\/{rel}","templated":true}]}}