{"id":28451,"date":"2024-08-28T07:58:41","date_gmt":"2024-08-28T07:58:41","guid":{"rendered":"https:\/\/modrastijena.com\/me\/?post_type=product&#038;p=28451"},"modified":"2024-08-28T07:59:01","modified_gmt":"2024-08-28T07:59:01","slug":"drveno-postolje-veles-125x70-cm","status":"publish","type":"product","link":"https:\/\/modrastijena.com\/me\/proizvod\/drveno-postolje-veles-125x70-cm\/","title":{"rendered":"Drveno postolje Veles 125&#215;70 cm"},"content":{"rendered":"<p>Drvena postolja izra\u0111ena su od hrasta.<br \/>\nPlo\u010da za stol mo\u017ee se izraditi od gres keramike ili kamena prema zahtjevu kupca.<\/p>\n<p>Stol je dostupan u dvije dimenzije:<\/p>\n<p>125&#215;70\u00a0 cm, h = 45 cm \/ 420 KM<\/p>\n<p>80&#215;50 cm, h=40 cm \/ 430 KM<\/p>\n","protected":false},"excerpt":{"rendered":"<p>Drvena postolja izra\u0111ena su od hrasta. Plo\u010da za stol mo\u017ee se izraditi od gres keramike ili kamena prema zahtjevu kupca. Stol je dostupan u dvije dimenzije: 125&#215;70\u00a0 cm, h = 45 cm \/ 420 KM 80&#215;50 cm, h=40 cm \/ 430 KM<\/p>\n","protected":false},"featured_media":100000026797,"template":"","meta":{"_acf_changed":false},"product_brand":[],"product_oblik":[],"product_cat":[802],"product_tag":[],"class_list":{"0":"post-28451","1":"product","2":"type-product","3":"status-publish","4":"has-post-thumbnail","6":"product_cat-drveni-stolovi","8":"first","9":"instock","10":"shipping-taxable","11":"purchasable","12":"product-type-simple"},"acf":[],"_links":{"self":[{"href":"https:\/\/modrastijena.com\/me\/wp-json\/wp\/v2\/product\/28451","targetHints":{"allow":["GET"]}}],"collection":[{"href":"https:\/\/modrastijena.com\/me\/wp-json\/wp\/v2\/product"}],"about":[{"href":"https:\/\/modrastijena.com\/me\/wp-json\/wp\/v2\/types\/product"}],"wp:featuredmedia":[{"embeddable":true,"href":"https:\/\/modrastijena.com\/me\/wp-json\/"}],"wp:attachment":[{"href":"https:\/\/modrastijena.com\/me\/wp-json\/wp\/v2\/media?parent=28451"}],"wp:term":[{"taxonomy":"product_brand","embeddable":true,"href":"https:\/\/modrastijena.com\/me\/wp-json\/wp\/v2\/product_brand?post=28451"},{"taxonomy":"product_oblik","embeddable":true,"href":"https:\/\/modrastijena.com\/me\/wp-json\/wp\/v2\/product_oblik?post=28451"},{"taxonomy":"product_cat","embeddable":true,"href":"https:\/\/modrastijena.com\/me\/wp-json\/wp\/v2\/product_cat?post=28451"},{"taxonomy":"product_tag","embeddable":true,"href":"https:\/\/modrastijena.com\/me\/wp-json\/wp\/v2\/product_tag?post=28451"}],"curies":[{"name":"wp","href":"https:\/\/api.w.org\/{rel}","templated":true}]}}