{"id":28437,"date":"2024-08-13T08:28:32","date_gmt":"2024-08-13T08:28:32","guid":{"rendered":"https:\/\/modrastijena.com\/me\/proizvod\/taj-mahal-luc-12-cm\/"},"modified":"2025-02-11T08:42:39","modified_gmt":"2025-02-11T08:42:39","slug":"taj-mahal-luc-12-cm","status":"publish","type":"product","link":"https:\/\/modrastijena.com\/me\/proizvod\/taj-mahal-luc-12-cm\/","title":{"rendered":"Taj Mahal Luc 1,2 cm"},"content":{"rendered":"<div class=\"elementor-element elementor-element-2a441c2 elementor-widget elementor-widget-heading\" data-id=\"2a441c2\" data-element_type=\"widget\" data-widget_type=\"heading.default\">\n<div class=\"elementor-widget-container\">Veliki formati keramike predstavljaju revoluciju u svijetu keramike te su zavladali u arhitekturi i dizajnu interijera i eksterijera. Omogu\u0107uju oblaganje zidova, podova i namje\u0161taja. Zbog dobrih tehni\u010dkih svojstava kao \u0161to su otpornost na ogrebotine, habanje, otpornost na upijanje, visoke temperature i pogodnost za kontakt s hranom sve se vi\u0161e koriste kao radne plo\u010de u kuhinji, za izradu stolova, radnih povr\u0161ina u kupaonici, oblaganje stepenica, oblaganje kamina, izradu za\u0161titnih plo\u010da ispod pe\u0107i i dekoraciju zidova.<\/div>\n<\/div>\n<div class=\"elementor-element elementor-element-2b50387 elementor-widget elementor-widget-woocommerce-product-content\" data-id=\"2b50387\" data-element_type=\"widget\" data-widget_type=\"woocommerce-product-content.default\">\n<div class=\"elementor-widget-container\">\n<p>&nbsp;<\/p>\n<p><strong>Napomena:<\/strong><br \/>\nProvjerite dostupnost u prodajnim salonima Modre Stijene.<br \/>\nFotografije ne moraju nu\u017eno u potpunosti odgovarati stvarnom izgledu proizvoda.<\/p>\n<\/div>\n<\/div>\n","protected":false},"excerpt":{"rendered":"<p>Veliki formati keramike predstavljaju revoluciju u svijetu keramike te su zavladali u arhitekturi i dizajnu interijera i eksterijera. Omogu\u0107uju oblaganje zidova, podova i namje\u0161taja. Zbog dobrih tehni\u010dkih svojstava kao \u0161to su otpornost na ogrebotine, habanje, otpornost na upijanje, visoke temperature i pogodnost za kontakt s hranom sve se vi\u0161e koriste kao radne plo\u010de u kuhinji, [&hellip;]<\/p>\n","protected":false},"featured_media":100000026758,"template":"","meta":{"_acf_changed":false},"product_brand":[767],"product_oblik":[],"product_cat":[218],"product_tag":[184,56,57,593],"class_list":{"0":"post-28437","1":"product","2":"type-product","3":"status-publish","4":"has-post-thumbnail","6":"product_brand-nuovocorso","7":"product_cat-veliki-formati","8":"product_tag-gres","9":"product_tag-gres-keramika","10":"product_tag-keramika","11":"product_tag-zidne-obloge","13":"first","14":"outofstock","15":"shipping-taxable","16":"product-type-simple"},"acf":[],"_links":{"self":[{"href":"https:\/\/modrastijena.com\/me\/wp-json\/wp\/v2\/product\/28437","targetHints":{"allow":["GET"]}}],"collection":[{"href":"https:\/\/modrastijena.com\/me\/wp-json\/wp\/v2\/product"}],"about":[{"href":"https:\/\/modrastijena.com\/me\/wp-json\/wp\/v2\/types\/product"}],"wp:featuredmedia":[{"embeddable":true,"href":"https:\/\/modrastijena.com\/me\/wp-json\/"}],"wp:attachment":[{"href":"https:\/\/modrastijena.com\/me\/wp-json\/wp\/v2\/media?parent=28437"}],"wp:term":[{"taxonomy":"product_brand","embeddable":true,"href":"https:\/\/modrastijena.com\/me\/wp-json\/wp\/v2\/product_brand?post=28437"},{"taxonomy":"product_oblik","embeddable":true,"href":"https:\/\/modrastijena.com\/me\/wp-json\/wp\/v2\/product_oblik?post=28437"},{"taxonomy":"product_cat","embeddable":true,"href":"https:\/\/modrastijena.com\/me\/wp-json\/wp\/v2\/product_cat?post=28437"},{"taxonomy":"product_tag","embeddable":true,"href":"https:\/\/modrastijena.com\/me\/wp-json\/wp\/v2\/product_tag?post=28437"}],"curies":[{"name":"wp","href":"https:\/\/api.w.org\/{rel}","templated":true}]}}