{"id":28428,"date":"2024-08-09T14:05:23","date_gmt":"2024-08-09T14:05:23","guid":{"rendered":"https:\/\/modrastijena.com\/me\/proizvod\/gres-verde-alpi-12mm-fi90cm-pol-2600919040\/"},"modified":"2024-08-09T14:09:20","modified_gmt":"2024-08-09T14:09:20","slug":"gres-verde-alpi-12mm-fi90cm-pol-2600919040","status":"publish","type":"product","link":"https:\/\/modrastijena.com\/me\/proizvod\/gres-verde-alpi-12mm-fi90cm-pol-2600919040\/","title":{"rendered":"Gres Verde Alpi 12mm fi90cm pol., 2600919040"},"content":{"rendered":"<p>Naziv materijala: Verde Alpi gres keramika (Laminam Italija 1.klasa)<br \/>\nObrada povr\u0161ine: polirano<br \/>\nDimenzija plo\u010da: \u00f8 90 cm<br \/>\nDebljina plo\u010de: 1,2 cm<br \/>\nVrsta obrade: klasi\u010dna<\/p>\n<p>Mogu\u0107nosti kupovine:<br \/>\n\u2013 kupovina gotove plo\u010de i postolja<br \/>\n\u2013 kupovina samo gotove plo\u010de<\/p>\n","protected":false},"excerpt":{"rendered":"<p>Naziv materijala: Verde Alpi gres keramika (Laminam Italija 1.klasa) Obrada povr\u0161ine: polirano Dimenzija plo\u010da: \u00f8 90 cm Debljina plo\u010de: 1,2 cm Vrsta obrade: klasi\u010dna Mogu\u0107nosti kupovine: \u2013 kupovina gotove plo\u010de i postolja \u2013 kupovina samo gotove plo\u010de<\/p>\n","protected":false},"featured_media":100000026732,"template":"","meta":{"_acf_changed":false},"product_brand":[],"product_oblik":[],"product_cat":[789],"product_tag":[],"class_list":{"0":"post-28428","1":"product","2":"type-product","3":"status-publish","4":"has-post-thumbnail","6":"product_cat-gotove-ploce-za-stol","8":"first","9":"instock","10":"shipping-taxable","11":"purchasable","12":"product-type-simple"},"acf":[],"_links":{"self":[{"href":"https:\/\/modrastijena.com\/me\/wp-json\/wp\/v2\/product\/28428","targetHints":{"allow":["GET"]}}],"collection":[{"href":"https:\/\/modrastijena.com\/me\/wp-json\/wp\/v2\/product"}],"about":[{"href":"https:\/\/modrastijena.com\/me\/wp-json\/wp\/v2\/types\/product"}],"wp:featuredmedia":[{"embeddable":true,"href":"https:\/\/modrastijena.com\/me\/wp-json\/"}],"wp:attachment":[{"href":"https:\/\/modrastijena.com\/me\/wp-json\/wp\/v2\/media?parent=28428"}],"wp:term":[{"taxonomy":"product_brand","embeddable":true,"href":"https:\/\/modrastijena.com\/me\/wp-json\/wp\/v2\/product_brand?post=28428"},{"taxonomy":"product_oblik","embeddable":true,"href":"https:\/\/modrastijena.com\/me\/wp-json\/wp\/v2\/product_oblik?post=28428"},{"taxonomy":"product_cat","embeddable":true,"href":"https:\/\/modrastijena.com\/me\/wp-json\/wp\/v2\/product_cat?post=28428"},{"taxonomy":"product_tag","embeddable":true,"href":"https:\/\/modrastijena.com\/me\/wp-json\/wp\/v2\/product_tag?post=28428"}],"curies":[{"name":"wp","href":"https:\/\/api.w.org\/{rel}","templated":true}]}}