{"id":28415,"date":"2024-08-02T12:47:35","date_gmt":"2024-08-02T12:47:35","guid":{"rendered":"https:\/\/modrastijena.com\/me\/proizvod\/ljepilo-baumacol-flexuni-25-1\/"},"modified":"2025-08-04T06:47:49","modified_gmt":"2025-08-04T06:47:49","slug":"ljepilo-baumacol-flexuni-25-1","status":"publish","type":"product","link":"https:\/\/modrastijena.com\/me\/proizvod\/ljepilo-baumacol-flexuni-25-1\/","title":{"rendered":"Ljepilo Baumacol FlexUni 25\/1"},"content":{"rendered":"<p class=\"bodytext body-text-overwrite-for-mobil\">Fleksibilno ljepilo za keramiku<\/p>\n<p class=\"introtext\">Fleksibilno tankoslojno ljepilo (C2TE, EN12004) za vanjsko i unutra\u0161nje ljepljenje, za ljepljenje kerami\u010dkih plo\u010dica, mozaika, novih plo\u010dica na stare, prirodnog i umjetnog kamena, klinkera, za ljepljenje na podloge s podnim grijanjem, na gips-karton plo\u010de, kao i na sve uobi\u010dajene podloge.<\/p>\n<div class=\"mb-1\"><\/div>\n<div class=\"mb-1\">Tehni\u010dke karakteristike:<\/div>\n<div class=\"container-fluid table variant-details\">\n<div class=\"row\">\n<div class=\"col-xl-5 col-md-12 th\">Pakovanje: 25 kg vre\u0107a<br \/>\nKoli\u010dina na paleti: 48<\/div>\n<\/div>\n<div class=\"row\">\n<div class=\"col-xl-5 col-md-12 th\">Maksimalna debljina: 5 mm<\/div>\n<\/div>\n<div class=\"row\">\n<div class=\"col-xl-5 col-md-12 th\">Potro\u0161nja: cca. 3 kg\/m\u00b2 &#8211; 5 kg\/m\u00b2 zavisno od vrste plo\u010dica<\/div>\n<\/div>\n<div class=\"row\">\n<div class=\"col-xl-5 col-md-12 th\">Prohodnost: cca. 24 h<\/div>\n<\/div>\n<div class=\"row\">\n<div class=\"col-xl-5 col-md-12 th\">Potrebna koli\u010dina vode: cca. 7 l\/25kg<\/div>\n<\/div>\n<div class=\"row\">\n<div class=\"col-xl-5 col-md-12 th\">Otvoreno vrijeme: cca. 30 min.<\/div>\n<\/div>\n<div class=\"row\">\n<div class=\"col-xl-5 col-md-12 th\">Pot life: cca. 4 h<\/div>\n<\/div>\n<div class=\"row\">\n<div class=\"col-xl-5 col-md-12 th\">Vrijeme stajanja: cca. 5 min.<\/div>\n<\/div>\n<\/div>\n","protected":false},"excerpt":{"rendered":"<p>Fleksibilno ljepilo za keramiku Fleksibilno tankoslojno ljepilo (C2TE, EN12004) za vanjsko i unutra\u0161nje ljepljenje, za ljepljenje kerami\u010dkih plo\u010dica, mozaika, novih plo\u010dica na stare, prirodnog i umjetnog kamena, klinkera, za ljepljenje na podloge s podnim grijanjem, na gips-karton plo\u010de, kao i na sve uobi\u010dajene podloge. Tehni\u010dke karakteristike: Pakovanje: 25 kg vre\u0107a Koli\u010dina na paleti: 48 Maksimalna [&hellip;]<\/p>\n","protected":false},"featured_media":100000026687,"template":"","meta":{"_acf_changed":false},"product_brand":[752],"product_oblik":[],"product_cat":[63],"product_tag":[],"class_list":{"0":"post-28415","1":"product","2":"type-product","3":"status-publish","4":"has-post-thumbnail","6":"product_brand-baumit","7":"product_cat-materijali-za-polaganje","9":"first","10":"instock","11":"shipping-taxable","12":"purchasable","13":"product-type-simple"},"acf":[],"_links":{"self":[{"href":"https:\/\/modrastijena.com\/me\/wp-json\/wp\/v2\/product\/28415","targetHints":{"allow":["GET"]}}],"collection":[{"href":"https:\/\/modrastijena.com\/me\/wp-json\/wp\/v2\/product"}],"about":[{"href":"https:\/\/modrastijena.com\/me\/wp-json\/wp\/v2\/types\/product"}],"wp:featuredmedia":[{"embeddable":true,"href":"https:\/\/modrastijena.com\/me\/wp-json\/"}],"wp:attachment":[{"href":"https:\/\/modrastijena.com\/me\/wp-json\/wp\/v2\/media?parent=28415"}],"wp:term":[{"taxonomy":"product_brand","embeddable":true,"href":"https:\/\/modrastijena.com\/me\/wp-json\/wp\/v2\/product_brand?post=28415"},{"taxonomy":"product_oblik","embeddable":true,"href":"https:\/\/modrastijena.com\/me\/wp-json\/wp\/v2\/product_oblik?post=28415"},{"taxonomy":"product_cat","embeddable":true,"href":"https:\/\/modrastijena.com\/me\/wp-json\/wp\/v2\/product_cat?post=28415"},{"taxonomy":"product_tag","embeddable":true,"href":"https:\/\/modrastijena.com\/me\/wp-json\/wp\/v2\/product_tag?post=28415"}],"curies":[{"name":"wp","href":"https:\/\/api.w.org\/{rel}","templated":true}]}}