{"id":28393,"date":"2024-06-05T11:31:24","date_gmt":"2024-06-05T11:31:24","guid":{"rendered":"https:\/\/modrastijena.com\/me\/proizvod\/eco-max-7-l-basic\/"},"modified":"2025-10-30T17:12:14","modified_gmt":"2025-10-30T17:12:14","slug":"eco-max-7-l-basic","status":"publish","type":"product","link":"https:\/\/modrastijena.com\/me\/proizvod\/eco-max-7-l-basic\/","title":{"rendered":"ECO Max 7 L Basic (Dorako)"},"content":{"rendered":"<p>Tehni\u010dki podaci:<\/p>\n<ul>\n<li>Dimenzije cm: 70 x 53 x 46,2<\/li>\n<li>Nominalna toplinska snaga kW: 12,3<\/li>\n<li>U\u010dinkovitost-iskoristivost %: 82,6<\/li>\n<li>Promjer dimnjaka cm: 18<\/li>\n<li>Ukupna te\u017eina kg: 115<\/li>\n<\/ul>\n<p>Unutarnji gornji dio kamina je oblo\u017een gusom.<\/p>\n","protected":false},"excerpt":{"rendered":"<p>Tehni\u010dki podaci: Dimenzije cm: 70 x 53 x 46,2 Nominalna toplinska snaga kW: 12,3 U\u010dinkovitost-iskoristivost %: 82,6 Promjer dimnjaka cm: 18 Ukupna te\u017eina kg: 115 Unutarnji gornji dio kamina je oblo\u017een gusom.<\/p>\n","protected":false},"featured_media":100000026588,"template":"","meta":{"_acf_changed":false},"product_brand":[815],"product_oblik":[],"product_cat":[96],"product_tag":[],"class_list":{"0":"post-28393","1":"product","2":"type-product","3":"status-publish","4":"has-post-thumbnail","6":"product_brand-dorako","7":"product_cat-kamini","9":"first","10":"instock","11":"shipping-taxable","12":"purchasable","13":"product-type-simple"},"acf":[],"_links":{"self":[{"href":"https:\/\/modrastijena.com\/me\/wp-json\/wp\/v2\/product\/28393","targetHints":{"allow":["GET"]}}],"collection":[{"href":"https:\/\/modrastijena.com\/me\/wp-json\/wp\/v2\/product"}],"about":[{"href":"https:\/\/modrastijena.com\/me\/wp-json\/wp\/v2\/types\/product"}],"wp:featuredmedia":[{"embeddable":true,"href":"https:\/\/modrastijena.com\/me\/wp-json\/"}],"wp:attachment":[{"href":"https:\/\/modrastijena.com\/me\/wp-json\/wp\/v2\/media?parent=28393"}],"wp:term":[{"taxonomy":"product_brand","embeddable":true,"href":"https:\/\/modrastijena.com\/me\/wp-json\/wp\/v2\/product_brand?post=28393"},{"taxonomy":"product_oblik","embeddable":true,"href":"https:\/\/modrastijena.com\/me\/wp-json\/wp\/v2\/product_oblik?post=28393"},{"taxonomy":"product_cat","embeddable":true,"href":"https:\/\/modrastijena.com\/me\/wp-json\/wp\/v2\/product_cat?post=28393"},{"taxonomy":"product_tag","embeddable":true,"href":"https:\/\/modrastijena.com\/me\/wp-json\/wp\/v2\/product_tag?post=28393"}],"curies":[{"name":"wp","href":"https:\/\/api.w.org\/{rel}","templated":true}]}}