{"id":28392,"date":"2024-06-05T11:06:56","date_gmt":"2024-06-05T11:06:56","guid":{"rendered":"https:\/\/modrastijena.com\/me\/proizvod\/eco-iline-5172-3f\/"},"modified":"2024-10-09T13:00:04","modified_gmt":"2024-10-09T13:00:04","slug":"eco-iline-5172-3f","status":"publish","type":"product","link":"https:\/\/modrastijena.com\/me\/proizvod\/eco-iline-5172-3f\/","title":{"rendered":"ECO iLINE 5172 3F (Dorako)"},"content":{"rendered":"<p>Tehni\u010dki podaci:<\/p>\n<ul>\n<li>Dimenzije cm: 72 x 51 x 47,8<\/li>\n<li>Nominalna toplinska snaga kW: 12,8<\/li>\n<li>U\u010dinkovitost-iskoristivost %: 78,8<\/li>\n<li>Promjer dimnjaka cm: 20<\/li>\n<li>Ukupna te\u017eina kg: 155<\/li>\n<\/ul>\n","protected":false},"excerpt":{"rendered":"<p>Tehni\u010dki podaci: Dimenzije cm: 72 x 51 x 47,8 Nominalna toplinska snaga kW: 12,8 U\u010dinkovitost-iskoristivost %: 78,8 Promjer dimnjaka cm: 20 Ukupna te\u017eina kg: 155<\/p>\n","protected":false},"featured_media":100000026585,"template":"","meta":{"_acf_changed":false},"product_brand":[815],"product_oblik":[],"product_cat":[96],"product_tag":[],"class_list":{"0":"post-28392","1":"product","2":"type-product","3":"status-publish","4":"has-post-thumbnail","6":"product_brand-dorako","7":"product_cat-kamini","9":"first","10":"instock","11":"shipping-taxable","12":"purchasable","13":"product-type-simple"},"acf":[],"_links":{"self":[{"href":"https:\/\/modrastijena.com\/me\/wp-json\/wp\/v2\/product\/28392","targetHints":{"allow":["GET"]}}],"collection":[{"href":"https:\/\/modrastijena.com\/me\/wp-json\/wp\/v2\/product"}],"about":[{"href":"https:\/\/modrastijena.com\/me\/wp-json\/wp\/v2\/types\/product"}],"wp:featuredmedia":[{"embeddable":true,"href":"https:\/\/modrastijena.com\/me\/wp-json\/"}],"wp:attachment":[{"href":"https:\/\/modrastijena.com\/me\/wp-json\/wp\/v2\/media?parent=28392"}],"wp:term":[{"taxonomy":"product_brand","embeddable":true,"href":"https:\/\/modrastijena.com\/me\/wp-json\/wp\/v2\/product_brand?post=28392"},{"taxonomy":"product_oblik","embeddable":true,"href":"https:\/\/modrastijena.com\/me\/wp-json\/wp\/v2\/product_oblik?post=28392"},{"taxonomy":"product_cat","embeddable":true,"href":"https:\/\/modrastijena.com\/me\/wp-json\/wp\/v2\/product_cat?post=28392"},{"taxonomy":"product_tag","embeddable":true,"href":"https:\/\/modrastijena.com\/me\/wp-json\/wp\/v2\/product_tag?post=28392"}],"curies":[{"name":"wp","href":"https:\/\/api.w.org\/{rel}","templated":true}]}}