{"id":28390,"date":"2024-06-05T09:31:21","date_gmt":"2024-06-05T09:31:21","guid":{"rendered":"https:\/\/modrastijena.com\/me\/proizvod\/eco-max-7-r-standard\/"},"modified":"2024-10-09T09:18:57","modified_gmt":"2024-10-09T09:18:57","slug":"eco-max-7-r-standard","status":"publish","type":"product","link":"https:\/\/modrastijena.com\/me\/proizvod\/eco-max-7-r-standard\/","title":{"rendered":"ECO Max 7 R Standard (Dorako)"},"content":{"rendered":"<p>Tehni\u010dki podaci:<\/p>\n<ul>\n<li>Dimenzije cm: 72 x 44,3 x 46,7<\/li>\n<li>Nominalna toplinska snaga kW: 12,3<\/li>\n<li>U\u010dinkovitost-iskoristivost %: 82,6<\/li>\n<li>Promjer dimnjaka cm: 18<\/li>\n<li>Ukupna te\u017eina kg: 115<\/li>\n<\/ul>\n","protected":false},"excerpt":{"rendered":"<p>Tehni\u010dki podaci: Dimenzije cm: 72 x 44,3 x 46,7 Nominalna toplinska snaga kW: 12,3 U\u010dinkovitost-iskoristivost %: 82,6 Promjer dimnjaka cm: 18 Ukupna te\u017eina kg: 115<\/p>\n","protected":false},"featured_media":100000026581,"template":"","meta":{"_acf_changed":false},"product_brand":[],"product_oblik":[],"product_cat":[96],"product_tag":[],"class_list":{"0":"post-28390","1":"product","2":"type-product","3":"status-publish","4":"has-post-thumbnail","6":"product_cat-kamini","8":"first","9":"instock","10":"shipping-taxable","11":"purchasable","12":"product-type-simple"},"acf":[],"_links":{"self":[{"href":"https:\/\/modrastijena.com\/me\/wp-json\/wp\/v2\/product\/28390","targetHints":{"allow":["GET"]}}],"collection":[{"href":"https:\/\/modrastijena.com\/me\/wp-json\/wp\/v2\/product"}],"about":[{"href":"https:\/\/modrastijena.com\/me\/wp-json\/wp\/v2\/types\/product"}],"wp:featuredmedia":[{"embeddable":true,"href":"https:\/\/modrastijena.com\/me\/wp-json\/"}],"wp:attachment":[{"href":"https:\/\/modrastijena.com\/me\/wp-json\/wp\/v2\/media?parent=28390"}],"wp:term":[{"taxonomy":"product_brand","embeddable":true,"href":"https:\/\/modrastijena.com\/me\/wp-json\/wp\/v2\/product_brand?post=28390"},{"taxonomy":"product_oblik","embeddable":true,"href":"https:\/\/modrastijena.com\/me\/wp-json\/wp\/v2\/product_oblik?post=28390"},{"taxonomy":"product_cat","embeddable":true,"href":"https:\/\/modrastijena.com\/me\/wp-json\/wp\/v2\/product_cat?post=28390"},{"taxonomy":"product_tag","embeddable":true,"href":"https:\/\/modrastijena.com\/me\/wp-json\/wp\/v2\/product_tag?post=28390"}],"curies":[{"name":"wp","href":"https:\/\/api.w.org\/{rel}","templated":true}]}}