{"id":28389,"date":"2024-06-05T08:32:19","date_gmt":"2024-06-05T08:32:19","guid":{"rendered":"https:\/\/modrastijena.com\/me\/proizvod\/imax-7-3f-standard-dorako\/"},"modified":"2024-08-01T07:19:50","modified_gmt":"2024-08-01T07:19:50","slug":"imax-7-3f-standard-dorako","status":"publish","type":"product","link":"https:\/\/modrastijena.com\/me\/proizvod\/imax-7-3f-standard-dorako\/","title":{"rendered":"iMAX 7 3F Standard (Dorako)"},"content":{"rendered":"<p>Tehni\u010dki podaci:<\/p>\n<ul>\n<li>Dimenzije cm: 75 x 44,3 x 46<\/li>\n<li>Nominalna toplinska snaga kW: 11,6<\/li>\n<li>U\u010dinkovitost-iskoristivost %: 79,3<\/li>\n<li>Promjer dimnjaka cm: 18<\/li>\n<li>Ukupna te\u017eina kg: 115<\/li>\n<\/ul>\n","protected":false},"excerpt":{"rendered":"<p>Tehni\u010dki podaci: Dimenzije cm: 75 x 44,3 x 46 Nominalna toplinska snaga kW: 11,6 U\u010dinkovitost-iskoristivost %: 79,3 Promjer dimnjaka cm: 18 Ukupna te\u017eina kg: 115<\/p>\n","protected":false},"featured_media":100000026579,"template":"","meta":{"_acf_changed":false},"product_brand":[],"product_oblik":[],"product_cat":[96],"product_tag":[],"class_list":{"0":"post-28389","1":"product","2":"type-product","3":"status-publish","4":"has-post-thumbnail","6":"product_cat-kamini","8":"first","9":"instock","10":"shipping-taxable","11":"purchasable","12":"product-type-simple"},"acf":[],"_links":{"self":[{"href":"https:\/\/modrastijena.com\/me\/wp-json\/wp\/v2\/product\/28389","targetHints":{"allow":["GET"]}}],"collection":[{"href":"https:\/\/modrastijena.com\/me\/wp-json\/wp\/v2\/product"}],"about":[{"href":"https:\/\/modrastijena.com\/me\/wp-json\/wp\/v2\/types\/product"}],"wp:featuredmedia":[{"embeddable":true,"href":"https:\/\/modrastijena.com\/me\/wp-json\/"}],"wp:attachment":[{"href":"https:\/\/modrastijena.com\/me\/wp-json\/wp\/v2\/media?parent=28389"}],"wp:term":[{"taxonomy":"product_brand","embeddable":true,"href":"https:\/\/modrastijena.com\/me\/wp-json\/wp\/v2\/product_brand?post=28389"},{"taxonomy":"product_oblik","embeddable":true,"href":"https:\/\/modrastijena.com\/me\/wp-json\/wp\/v2\/product_oblik?post=28389"},{"taxonomy":"product_cat","embeddable":true,"href":"https:\/\/modrastijena.com\/me\/wp-json\/wp\/v2\/product_cat?post=28389"},{"taxonomy":"product_tag","embeddable":true,"href":"https:\/\/modrastijena.com\/me\/wp-json\/wp\/v2\/product_tag?post=28389"}],"curies":[{"name":"wp","href":"https:\/\/api.w.org\/{rel}","templated":true}]}}