{"id":28388,"date":"2024-06-05T08:07:26","date_gmt":"2024-06-05T08:07:26","guid":{"rendered":"https:\/\/modrastijena.com\/me\/proizvod\/eco-ilux-90-dorako\/"},"modified":"2024-10-09T13:01:50","modified_gmt":"2024-10-09T13:01:50","slug":"eco-ilux-90-dorako","status":"publish","type":"product","link":"https:\/\/modrastijena.com\/me\/proizvod\/eco-ilux-90-dorako\/","title":{"rendered":"ECO iLUX 90 (Dorako)"},"content":{"rendered":"<p>Tehni\u010dki podaci:<\/p>\n<ul>\n<li>Dimenzije cm: (93,5) 78,2 x 51,8 x 48,1<\/li>\n<li>Nominalna toplinska snaga kW: 10,6<\/li>\n<li>U\u010dinkovitost-iskoristivost %: 79,1<\/li>\n<li>Promjer dimnjaka cm: 18<\/li>\n<li>Ukupna te\u017eina kg: 135<\/li>\n<\/ul>\n","protected":false},"excerpt":{"rendered":"<p>Tehni\u010dki podaci: Dimenzije cm: (93,5) 78,2 x 51,8 x 48,1 Nominalna toplinska snaga kW: 10,6 U\u010dinkovitost-iskoristivost %: 79,1 Promjer dimnjaka cm: 18 Ukupna te\u017eina kg: 135<\/p>\n","protected":false},"featured_media":100000026577,"template":"","meta":{"_acf_changed":false},"product_brand":[815],"product_oblik":[],"product_cat":[96],"product_tag":[],"class_list":{"0":"post-28388","1":"product","2":"type-product","3":"status-publish","4":"has-post-thumbnail","6":"product_brand-dorako","7":"product_cat-kamini","9":"first","10":"instock","11":"shipping-taxable","12":"purchasable","13":"product-type-simple"},"acf":[],"_links":{"self":[{"href":"https:\/\/modrastijena.com\/me\/wp-json\/wp\/v2\/product\/28388","targetHints":{"allow":["GET"]}}],"collection":[{"href":"https:\/\/modrastijena.com\/me\/wp-json\/wp\/v2\/product"}],"about":[{"href":"https:\/\/modrastijena.com\/me\/wp-json\/wp\/v2\/types\/product"}],"wp:featuredmedia":[{"embeddable":true,"href":"https:\/\/modrastijena.com\/me\/wp-json\/"}],"wp:attachment":[{"href":"https:\/\/modrastijena.com\/me\/wp-json\/wp\/v2\/media?parent=28388"}],"wp:term":[{"taxonomy":"product_brand","embeddable":true,"href":"https:\/\/modrastijena.com\/me\/wp-json\/wp\/v2\/product_brand?post=28388"},{"taxonomy":"product_oblik","embeddable":true,"href":"https:\/\/modrastijena.com\/me\/wp-json\/wp\/v2\/product_oblik?post=28388"},{"taxonomy":"product_cat","embeddable":true,"href":"https:\/\/modrastijena.com\/me\/wp-json\/wp\/v2\/product_cat?post=28388"},{"taxonomy":"product_tag","embeddable":true,"href":"https:\/\/modrastijena.com\/me\/wp-json\/wp\/v2\/product_tag?post=28388"}],"curies":[{"name":"wp","href":"https:\/\/api.w.org\/{rel}","templated":true}]}}