{"id":28387,"date":"2024-06-04T13:37:40","date_gmt":"2024-06-04T13:37:40","guid":{"rendered":"https:\/\/modrastijena.com\/me\/proizvod\/eco-im14-dorako\/"},"modified":"2024-10-09T13:02:08","modified_gmt":"2024-10-09T13:02:08","slug":"eco-im14-dorako","status":"publish","type":"product","link":"https:\/\/modrastijena.com\/me\/proizvod\/eco-im14-dorako\/","title":{"rendered":"ECO iM 14 (Dorako)"},"content":{"rendered":"<p>Tehni\u010dki podaci:<\/p>\n<ul>\n<li>Dimenzije cm: 69,1 x 53,8 x 46,2<\/li>\n<li>Nominalna toplinska snaga kW: 8,5<\/li>\n<li>U\u010dinkovitost-iskoristivost %: 80<\/li>\n<li>Promjer dimnjaka cm: 16<\/li>\n<li>Ukupna te\u017eina kg: 110<\/li>\n<\/ul>\n","protected":false},"excerpt":{"rendered":"<p>Tehni\u010dki podaci: Dimenzije cm: 69,1 x 53,8 x 46,2 Nominalna toplinska snaga kW: 8,5 U\u010dinkovitost-iskoristivost %: 80 Promjer dimnjaka cm: 16 Ukupna te\u017eina kg: 110<\/p>\n","protected":false},"featured_media":100000026573,"template":"","meta":{"_acf_changed":false},"product_brand":[815],"product_oblik":[],"product_cat":[96],"product_tag":[],"class_list":{"0":"post-28387","1":"product","2":"type-product","3":"status-publish","4":"has-post-thumbnail","6":"product_brand-dorako","7":"product_cat-kamini","9":"first","10":"instock","11":"shipping-taxable","12":"purchasable","13":"product-type-simple"},"acf":[],"_links":{"self":[{"href":"https:\/\/modrastijena.com\/me\/wp-json\/wp\/v2\/product\/28387","targetHints":{"allow":["GET"]}}],"collection":[{"href":"https:\/\/modrastijena.com\/me\/wp-json\/wp\/v2\/product"}],"about":[{"href":"https:\/\/modrastijena.com\/me\/wp-json\/wp\/v2\/types\/product"}],"wp:featuredmedia":[{"embeddable":true,"href":"https:\/\/modrastijena.com\/me\/wp-json\/"}],"wp:attachment":[{"href":"https:\/\/modrastijena.com\/me\/wp-json\/wp\/v2\/media?parent=28387"}],"wp:term":[{"taxonomy":"product_brand","embeddable":true,"href":"https:\/\/modrastijena.com\/me\/wp-json\/wp\/v2\/product_brand?post=28387"},{"taxonomy":"product_oblik","embeddable":true,"href":"https:\/\/modrastijena.com\/me\/wp-json\/wp\/v2\/product_oblik?post=28387"},{"taxonomy":"product_cat","embeddable":true,"href":"https:\/\/modrastijena.com\/me\/wp-json\/wp\/v2\/product_cat?post=28387"},{"taxonomy":"product_tag","embeddable":true,"href":"https:\/\/modrastijena.com\/me\/wp-json\/wp\/v2\/product_tag?post=28387"}],"curies":[{"name":"wp","href":"https:\/\/api.w.org\/{rel}","templated":true}]}}