{"id":28364,"date":"2024-05-17T13:54:26","date_gmt":"2024-05-17T13:54:26","guid":{"rendered":"https:\/\/modrastijena.com\/me\/proizvod\/klub-stol-ancona-cava-noir-gres\/"},"modified":"2024-11-28T08:42:09","modified_gmt":"2024-11-28T08:42:09","slug":"klub-stol-ancona-cava-noir-gres","status":"publish","type":"product","link":"https:\/\/modrastijena.com\/me\/proizvod\/klub-stol-ancona-cava-noir-gres\/","title":{"rendered":"Klub Stol Ancona &#8211; Cava Noir Gres"},"content":{"rendered":"<p>Naziv postolja: Ancona<\/p>\n<p>Boja postolja: Zlatna<\/p>\n<p>Materijal plo\u010de: Cava Noir Gres, polirano<\/p>\n<p>Obrada rubova: Shark Nose<\/p>\n<p>Debljina plo\u010de: 12 mm<\/p>\n<p>Du\u017eina: 100 cm<\/p>\n<p>\u0160irina: 60 cm<\/p>\n<p>Visina: 49 cm<\/p>\n","protected":false},"excerpt":{"rendered":"<p>Naziv postolja: Ancona Boja postolja: Zlatna Materijal plo\u010de: Cava Noir Gres, polirano Obrada rubova: Shark Nose Debljina plo\u010de: 12 mm Du\u017eina: 100 cm \u0160irina: 60 cm Visina: 49 cm<\/p>\n","protected":false},"featured_media":100000026773,"template":"","meta":{"_acf_changed":false},"product_brand":[],"product_oblik":[],"product_cat":[231],"product_tag":[],"class_list":{"0":"post-28364","1":"product","2":"type-product","3":"status-publish","4":"has-post-thumbnail","6":"product_cat-klub-stolovi","8":"first","9":"outofstock","10":"shipping-taxable","11":"purchasable","12":"product-type-simple"},"acf":[],"_links":{"self":[{"href":"https:\/\/modrastijena.com\/me\/wp-json\/wp\/v2\/product\/28364","targetHints":{"allow":["GET"]}}],"collection":[{"href":"https:\/\/modrastijena.com\/me\/wp-json\/wp\/v2\/product"}],"about":[{"href":"https:\/\/modrastijena.com\/me\/wp-json\/wp\/v2\/types\/product"}],"wp:featuredmedia":[{"embeddable":true,"href":"https:\/\/modrastijena.com\/me\/wp-json\/"}],"wp:attachment":[{"href":"https:\/\/modrastijena.com\/me\/wp-json\/wp\/v2\/media?parent=28364"}],"wp:term":[{"taxonomy":"product_brand","embeddable":true,"href":"https:\/\/modrastijena.com\/me\/wp-json\/wp\/v2\/product_brand?post=28364"},{"taxonomy":"product_oblik","embeddable":true,"href":"https:\/\/modrastijena.com\/me\/wp-json\/wp\/v2\/product_oblik?post=28364"},{"taxonomy":"product_cat","embeddable":true,"href":"https:\/\/modrastijena.com\/me\/wp-json\/wp\/v2\/product_cat?post=28364"},{"taxonomy":"product_tag","embeddable":true,"href":"https:\/\/modrastijena.com\/me\/wp-json\/wp\/v2\/product_tag?post=28364"}],"curies":[{"name":"wp","href":"https:\/\/api.w.org\/{rel}","templated":true}]}}