{"id":28269,"date":"2024-05-10T13:49:01","date_gmt":"2024-05-10T13:49:01","guid":{"rendered":"https:\/\/modrastijena.com\/me\/proizvod\/club-stol-venus-full-doret-gres\/"},"modified":"2024-11-28T08:40:57","modified_gmt":"2024-11-28T08:40:57","slug":"club-stol-venus-full-doret-gres","status":"publish","type":"product","link":"https:\/\/modrastijena.com\/me\/proizvod\/club-stol-venus-full-doret-gres\/","title":{"rendered":"Klub Stol Venus Full &#8211; Doret Gres"},"content":{"rendered":"<p>Naziv postolja: Venus Full<\/p>\n<p>Boja postolja: Crna<\/p>\n<p>Dimenzija plo\u010da: \u00f880cm i \u00f860cm<\/p>\n<p>Debljina plo\u010da: 12mm<\/p>\n<p>Obrada rubova: klasi\u010dna<\/p>\n<p>Keramika: Doret<\/p>\n","protected":false},"excerpt":{"rendered":"<p>Naziv postolja: Venus Full Boja postolja: Crna Dimenzija plo\u010da: \u00f880cm i \u00f860cm Debljina plo\u010da: 12mm Obrada rubova: klasi\u010dna Keramika: Doret<\/p>\n","protected":false},"featured_media":100000026394,"template":"","meta":{"_acf_changed":false},"product_brand":[],"product_oblik":[],"product_cat":[231],"product_tag":[],"class_list":{"0":"post-28269","1":"product","2":"type-product","3":"status-publish","4":"has-post-thumbnail","6":"product_cat-klub-stolovi","8":"first","9":"outofstock","10":"shipping-taxable","11":"purchasable","12":"product-type-simple"},"acf":[],"_links":{"self":[{"href":"https:\/\/modrastijena.com\/me\/wp-json\/wp\/v2\/product\/28269","targetHints":{"allow":["GET"]}}],"collection":[{"href":"https:\/\/modrastijena.com\/me\/wp-json\/wp\/v2\/product"}],"about":[{"href":"https:\/\/modrastijena.com\/me\/wp-json\/wp\/v2\/types\/product"}],"wp:featuredmedia":[{"embeddable":true,"href":"https:\/\/modrastijena.com\/me\/wp-json\/"}],"wp:attachment":[{"href":"https:\/\/modrastijena.com\/me\/wp-json\/wp\/v2\/media?parent=28269"}],"wp:term":[{"taxonomy":"product_brand","embeddable":true,"href":"https:\/\/modrastijena.com\/me\/wp-json\/wp\/v2\/product_brand?post=28269"},{"taxonomy":"product_oblik","embeddable":true,"href":"https:\/\/modrastijena.com\/me\/wp-json\/wp\/v2\/product_oblik?post=28269"},{"taxonomy":"product_cat","embeddable":true,"href":"https:\/\/modrastijena.com\/me\/wp-json\/wp\/v2\/product_cat?post=28269"},{"taxonomy":"product_tag","embeddable":true,"href":"https:\/\/modrastijena.com\/me\/wp-json\/wp\/v2\/product_tag?post=28269"}],"curies":[{"name":"wp","href":"https:\/\/api.w.org\/{rel}","templated":true}]}}