{"id":28177,"date":"2019-05-14T11:39:23","date_gmt":"2019-05-14T11:39:23","guid":{"rendered":"https:\/\/modrastijena.com\/me\/proizvod\/paradiso-bash\/"},"modified":"2024-09-23T15:39:19","modified_gmt":"2024-09-23T15:39:19","slug":"paradiso-bash","status":"publish","type":"product","link":"https:\/\/modrastijena.com\/me\/proizvod\/paradiso-bash\/","title":{"rendered":"Paradiso Bash"},"content":{"rendered":"<p><strong>Va\u017eno je znati<\/strong><\/p>\n<p>Nijedan materijal nije potpuno otporan na ogrebotine ili upijanje pa se kod granita kao i kod svih ostalih materijala preporu\u010duje oprezno rukovanje.<\/p>\n<p><b>Napomena:<\/b><br \/>\nKamen je prirodan materijal i svaka kamena plo\u010da je unikatna, stoga preporu\u010dujemo da vidite uzorak kamena u jednoj od na\u0161ih poslovnica. Fotografije ne moraju nu\u017eno u potpunosti odgovarati stvarnom izgledu proizvoda. Provjerite dostupnost u prodajnim salonima Modre Stijene.<\/p>\n","protected":false},"excerpt":{"rendered":"<p>Va\u017eno je znati Nijedan materijal nije potpuno otporan na ogrebotine ili upijanje pa se kod granita kao i kod svih ostalih materijala preporu\u010duje oprezno rukovanje. Napomena: Kamen je prirodan materijal i svaka kamena plo\u010da je unikatna, stoga preporu\u010dujemo da vidite uzorak kamena u jednoj od na\u0161ih poslovnica. Fotografije ne moraju nu\u017eno u potpunosti odgovarati stvarnom [&hellip;]<\/p>\n","protected":false},"featured_media":1000000332,"template":"","meta":{"_acf_changed":false},"product_brand":[],"product_oblik":[],"product_cat":[22,23],"product_tag":[24,25,26,27,28,29,30,31,32,33,34,35,36,37,38,39,40],"class_list":{"0":"post-28177","1":"product","2":"type-product","3":"status-publish","4":"has-post-thumbnail","6":"product_cat-kamen","7":"product_cat-graniti","8":"product_tag-blagovaonski-stol","9":"product_tag-granit","10":"product_tag-grobnica","11":"product_tag-kameni-stol","12":"product_tag-klub-stol","13":"product_tag-klupice","14":"product_tag-oblaganje-kamina","15":"product_tag-pod","16":"product_tag-pragovi","17":"product_tag-prirodni-kamen","18":"product_tag-radna-ploca","19":"product_tag-sank","20":"product_tag-stepenice","21":"product_tag-stol","22":"product_tag-trpezarijski-stol","23":"product_tag-vanjski-stol","24":"product_tag-zid","26":"first","27":"instock","28":"shipping-taxable","29":"product-type-simple"},"acf":[],"_links":{"self":[{"href":"https:\/\/modrastijena.com\/me\/wp-json\/wp\/v2\/product\/28177","targetHints":{"allow":["GET"]}}],"collection":[{"href":"https:\/\/modrastijena.com\/me\/wp-json\/wp\/v2\/product"}],"about":[{"href":"https:\/\/modrastijena.com\/me\/wp-json\/wp\/v2\/types\/product"}],"wp:featuredmedia":[{"embeddable":true,"href":"https:\/\/modrastijena.com\/me\/wp-json\/"}],"wp:attachment":[{"href":"https:\/\/modrastijena.com\/me\/wp-json\/wp\/v2\/media?parent=28177"}],"wp:term":[{"taxonomy":"product_brand","embeddable":true,"href":"https:\/\/modrastijena.com\/me\/wp-json\/wp\/v2\/product_brand?post=28177"},{"taxonomy":"product_oblik","embeddable":true,"href":"https:\/\/modrastijena.com\/me\/wp-json\/wp\/v2\/product_oblik?post=28177"},{"taxonomy":"product_cat","embeddable":true,"href":"https:\/\/modrastijena.com\/me\/wp-json\/wp\/v2\/product_cat?post=28177"},{"taxonomy":"product_tag","embeddable":true,"href":"https:\/\/modrastijena.com\/me\/wp-json\/wp\/v2\/product_tag?post=28177"}],"curies":[{"name":"wp","href":"https:\/\/api.w.org\/{rel}","templated":true}]}}