{"id":28150,"date":"2019-05-21T14:03:21","date_gmt":"2019-05-21T14:03:21","guid":{"rendered":"https:\/\/modrastijena.com\/me\/proizvod\/impregnacija-primer-g-mapei\/"},"modified":"2024-05-19T10:20:41","modified_gmt":"2024-05-19T10:20:41","slug":"impregnacija-primer-g-mapei","status":"publish","type":"product","link":"https:\/\/modrastijena.com\/me\/proizvod\/impregnacija-primer-g-mapei\/","title":{"rendered":"Impregnacija Primer G (Mapei)"},"content":{"rendered":"<p>Temeljni, upojno regulacijski, prianjaju\u0107i premaz na osnovi sinteti\u010dkih smola u vodenoj disperziji s vrlo niskim sadr\u017eajem hlapivih organskih sastojaka (VOC)<br \/>\nPodru\u010dje primjene: Primer G se primjenjuje u unutarnjim prostorima za:<\/p>\n<ul>\n<li>temeljnu obradu povr\u0161ina na osnovi gipsa i anhidrita (kalcij-sulfatna) prije nano\u0161enja cementnih masa, mortova i ljepila za plo\u010dice;<\/li>\n<li>prianjaju\u0107i sloj kod izrade strojnih gipsanih \u017ebuka;<\/li>\n<li>pobolj\u0161anje \u010dvrsto\u0107a prianjanja izravnavaju\u0107ih masa i mortova na cementnim, anhidritnim, gipsanim i asfaltnim povr\u0161inama te postoje\u0107im oblogama od plo\u010dica i proizvodima od kamena;<\/li>\n<li>reguliranje upojnosti cementnih i gipsanih povr\u0161ina;<\/li>\n<li>prianjaju\u0107i premaz izme\u0111u pojedinih slojeva kod nano\u0161enja, u vi\u0161e slojeva, masa i mortova (kada je prethodni nanos ve\u0107 potpuno suh);<\/li>\n<li>temeljnu obradu cementnih povr\u0161ina prije zavr\u0161ne obrade s proizvodima na gipsanoj osnovi;<\/li>\n<li>temeljnu obradu zidova od gips-kartonskih, ivernih, vlaknasto-cementnih plo\u010da, plino-betona i \u017ebuka prije bojanja ili polaganja tapeta, pod uvjetom da nema prisutnog kapilarnog dizanja vlage te da je podloga \u010dista i suha.<br \/>\nOvisno o namjeni, nanosite Primer G koncentriran ili razrije\u0111en s vodom u omjerima od 1:1 &#8211; 1:3 (pogledajte tehni\u010dku informaciju o proizvodu). Po\u0161tujte potrebne postupke pripreme podloge i vrijeme su\u0161enja na razli\u010ditim povr\u0161inama. POTRO\u0160NJA: 100 \u2013 200 g\/m2, ovisno o omjeru mije\u0161anja, poroznosti i upojnosti podloge.<\/li>\n<\/ul>\n<p>AMBALA\u017dA: \u00a01 kg.<\/p>\n","protected":false},"excerpt":{"rendered":"<p>Temeljni, upojno regulacijski, prianjaju\u0107i premaz na osnovi sinteti\u010dkih smola u vodenoj disperziji s vrlo niskim sadr\u017eajem hlapivih organskih sastojaka (VOC) Podru\u010dje primjene: Primer G se primjenjuje u unutarnjim prostorima za: temeljnu obradu povr\u0161ina na osnovi gipsa i anhidrita (kalcij-sulfatna) prije nano\u0161enja cementnih masa, mortova i ljepila za plo\u010dice; prianjaju\u0107i sloj kod izrade strojnih gipsanih \u017ebuka; [&hellip;]<\/p>\n","protected":false},"featured_media":1000000403,"template":"","meta":{"_acf_changed":false},"product_brand":[727],"product_oblik":[],"product_cat":[62,83],"product_tag":[84],"class_list":{"0":"post-28150","1":"product","2":"type-product","3":"status-publish","4":"has-post-thumbnail","6":"product_brand-mapei","7":"product_cat-ostalo","8":"product_cat-materijali-za-pripremu","9":"product_tag-impregnacija","11":"first","12":"instock","13":"shipping-taxable","14":"purchasable","15":"product-type-simple"},"acf":[],"_links":{"self":[{"href":"https:\/\/modrastijena.com\/me\/wp-json\/wp\/v2\/product\/28150","targetHints":{"allow":["GET"]}}],"collection":[{"href":"https:\/\/modrastijena.com\/me\/wp-json\/wp\/v2\/product"}],"about":[{"href":"https:\/\/modrastijena.com\/me\/wp-json\/wp\/v2\/types\/product"}],"wp:featuredmedia":[{"embeddable":true,"href":"https:\/\/modrastijena.com\/me\/wp-json\/"}],"wp:attachment":[{"href":"https:\/\/modrastijena.com\/me\/wp-json\/wp\/v2\/media?parent=28150"}],"wp:term":[{"taxonomy":"product_brand","embeddable":true,"href":"https:\/\/modrastijena.com\/me\/wp-json\/wp\/v2\/product_brand?post=28150"},{"taxonomy":"product_oblik","embeddable":true,"href":"https:\/\/modrastijena.com\/me\/wp-json\/wp\/v2\/product_oblik?post=28150"},{"taxonomy":"product_cat","embeddable":true,"href":"https:\/\/modrastijena.com\/me\/wp-json\/wp\/v2\/product_cat?post=28150"},{"taxonomy":"product_tag","embeddable":true,"href":"https:\/\/modrastijena.com\/me\/wp-json\/wp\/v2\/product_tag?post=28150"}],"curies":[{"name":"wp","href":"https:\/\/api.w.org\/{rel}","templated":true}]}}