{"id":28148,"date":"2019-05-21T14:06:58","date_gmt":"2019-05-21T14:06:58","guid":{"rendered":"https:\/\/modrastijena.com\/me\/proizvod\/masa-za-izravnavanje-niveliranje-planitop-fast-mapei\/"},"modified":"2025-02-04T13:48:30","modified_gmt":"2025-02-04T13:48:30","slug":"masa-za-izravnavanje-niveliranje-planitop-fast-mapei","status":"publish","type":"product","link":"https:\/\/modrastijena.com\/me\/proizvod\/masa-za-izravnavanje-niveliranje-planitop-fast-mapei\/","title":{"rendered":"Masa za izravnavanje (niveliranje) Planitop Fast  25kg (Mapei)"},"content":{"rendered":"<p>Brzovezuju\u0107i cementni mort oja\u010dan vlaknima za zagla\u0111ivanje grubih povr\u0161ina zidova i podova u vanjskim i unutarnjim prostorima u debljinama od 3 do 30 mm.<\/p>\n<p>PODRU\u010cJA PRIMJENE:<br \/>\nZa brzo zagla\u0111ivanje i izravnavanje unutarnjih i vanjskih podloga na koje \u0107e se polagati kerami\u010dke plo\u010dice i kamen ili hidroizolacija na bazi sinteti\u010dke smole ili polimer-cementa. Nanosi se u debljinama od 3 do 30 mm.<\/p>\n<p>Primjeri primjene:<\/p>\n<ul>\n<li>Izravnavanje armirano-betonskih povr\u0161ina u bazenima prije nano\u0161enja (nakon samo 24 sata pri +20\u00b0C) hidroizolacije Mapelastic, Mapelastic Smart, Monolastic i Monolastic Ultra ili nakon samo 4 sata pri +20\u00b0C za direktono polaganje svih tipova kerami\u010dkih plo\u010dica i mozaika.<\/li>\n<li>Izravnavanje i zagla\u0111ivanje \u010distih unutarnjih i vanjskih podloga izvedenih od proizvoda normalno kori\u0161tenih u gra\u0111evinarstvu, kao \u0161to su podne plo\u010de i estrisi na bazi cementa ili specijalnih veziva (kao Topcem, Topcem Pronto, Mapecem i Mapecem Pronto) i starih podloga od kerami\u010dkih plo\u010dica i kamena kako bi se brzo pripremili za polaganje (nakon samo 4 sata pri 20\u00b0C), kerami\u010dkih plo\u010dica i kamena koji nisu osjetljivi na vlagu ili za nano\u0161enje hidroizolacijskog sustava kao Mapelastic, Mapelastic Smart, Monolastic, Monolastic Ultra, Mapegum WPS (nakon samo 24 sata pri 20\u00b0C).<\/li>\n<li>Sanacija ili izvedba padova na terasama i balkonima.<\/li>\n<\/ul>\n<p>TEHNI\u010cKE KARAKTERISTIKE:<br \/>\nPlanitop Fast 330 je sivi cementni mort na osnovi specijalnih veziva, odabranih inertnih materijala, sinteti\u010dkih smola i specijalnih dodataka, pripremljen prema formuli razra\u0111enoj u MAPEI istra\u017eiva\u010dkim laboratorijima.<br \/>\nPoseban sastav Planitop-a Fast 330 pomije\u0161anog samo s vodom osigurava proizvodu visoku \u010dvrsto\u0107u prionjivosti na sve podloge pa i one vertikalne, a nanosi se gleterom.<br \/>\nPlanitop Fast 330 brzo ve\u017ee bez skupljanja ili pucanja, \u010dak i kada se ugra\u0111uje u debelim slojevima, i tvori \u010dvrsti podlogu za polaganje kerami\u010dkih plo\u010dica, staklenog mozaika i kamena.<br \/>\nProizvod je dostupan u specijalnim vakumiranim polietilenskim vre\u0107ama od 25 kg koje se mogu odlagati vani tijekom cijele izvedbe radova na gradili\u0161tu. Ki\u0161a nema utjecaja na njegove karakteristike.<br \/>\nPOTRO\u0160NJA: Oko 1,45 kg\/m2 po mm debljine (1 cm debljine: 14,5 kg\/m2).<br \/>\nAMBALA\u017dA: Vre\u0107e od 25 kg.<br \/>\nSKLADI\u0160TENJE: Planitop Fast 330 ima rok trajanja 12 mjeseci u originalno zatvorenoj ambala\u017ei.<\/p>\n","protected":false},"excerpt":{"rendered":"<p>Brzovezuju\u0107i cementni mort oja\u010dan vlaknima za zagla\u0111ivanje grubih povr\u0161ina zidova i podova u vanjskim i unutarnjim prostorima u debljinama od 3 do 30 mm. PODRU\u010cJA PRIMJENE: Za brzo zagla\u0111ivanje i izravnavanje unutarnjih i vanjskih podloga na koje \u0107e se polagati kerami\u010dke plo\u010dice i kamen ili hidroizolacija na bazi sinteti\u010dke smole ili polimer-cementa. Nanosi se u [&hellip;]<\/p>\n","protected":false},"featured_media":1000000408,"template":"","meta":{"_acf_changed":false},"product_brand":[727],"product_oblik":[],"product_cat":[62,83],"product_tag":[68,85],"class_list":{"0":"post-28148","1":"product","2":"type-product","3":"status-publish","4":"has-post-thumbnail","6":"product_brand-mapei","7":"product_cat-ostalo","8":"product_cat-materijali-za-pripremu","9":"product_tag-mapei","10":"product_tag-masa-za-izravnavanje","12":"first","13":"instock","14":"shipping-taxable","15":"purchasable","16":"product-type-simple"},"acf":[],"_links":{"self":[{"href":"https:\/\/modrastijena.com\/me\/wp-json\/wp\/v2\/product\/28148","targetHints":{"allow":["GET"]}}],"collection":[{"href":"https:\/\/modrastijena.com\/me\/wp-json\/wp\/v2\/product"}],"about":[{"href":"https:\/\/modrastijena.com\/me\/wp-json\/wp\/v2\/types\/product"}],"wp:featuredmedia":[{"embeddable":true,"href":"https:\/\/modrastijena.com\/me\/wp-json\/"}],"wp:attachment":[{"href":"https:\/\/modrastijena.com\/me\/wp-json\/wp\/v2\/media?parent=28148"}],"wp:term":[{"taxonomy":"product_brand","embeddable":true,"href":"https:\/\/modrastijena.com\/me\/wp-json\/wp\/v2\/product_brand?post=28148"},{"taxonomy":"product_oblik","embeddable":true,"href":"https:\/\/modrastijena.com\/me\/wp-json\/wp\/v2\/product_oblik?post=28148"},{"taxonomy":"product_cat","embeddable":true,"href":"https:\/\/modrastijena.com\/me\/wp-json\/wp\/v2\/product_cat?post=28148"},{"taxonomy":"product_tag","embeddable":true,"href":"https:\/\/modrastijena.com\/me\/wp-json\/wp\/v2\/product_tag?post=28148"}],"curies":[{"name":"wp","href":"https:\/\/api.w.org\/{rel}","templated":true}]}}