{"id":28147,"date":"2019-05-21T14:08:33","date_gmt":"2019-05-21T14:08:33","guid":{"rendered":"https:\/\/modrastijena.com\/me\/proizvod\/hidroizolacija-mapelastic-a-i-b-mapei\/"},"modified":"2025-08-25T08:46:39","modified_gmt":"2025-08-25T08:46:39","slug":"hidroizolacija-mapelastic-a-i-b-mapei","status":"publish","type":"product","link":"https:\/\/modrastijena.com\/me\/proizvod\/hidroizolacija-mapelastic-a-i-b-mapei\/","title":{"rendered":"Hidroizolacija Mapelastic A i B (Mapei)"},"content":{"rendered":"<p style=\"background: white;margin: 0cm 0cm 12.5pt 0cm\"><span lang=\"HR\" style=\"font-size: 11.0pt;color: #535353\">Dvokomponentni, visoko elasti\u010dan cementni mort za hidroizolaciju balkona, terasa, kupaonica i bazena, te za\u0161titu betonskih povr\u0161ina<br \/>\nPodru\u010dje primjene: Mapelastic se primjenjuje u unutarnjim i vanjskim prostorima za:<\/span><\/p>\n<ul>\n<li style=\"background: white none repeat scroll 0% 0%\"><span lang=\"HR\" style=\"font-size: 11.0pt;color: #535353\">hidroizolaciju betonskih spremnika za vodu;<\/span><\/li>\n<li style=\"background: white none repeat scroll 0% 0%\"><span lang=\"HR\" style=\"font-size: 11.0pt;color: #535353\">hidroizolaciju svih vrsta podova i zidova koji \u0107e se oblagati plo\u010dicama i proizvodima od kamena u prostorima s trajno ili povremeno prisutnom vodom i vlagom \u2013 kupaonice, tu\u0161 kabine, balkoni i terase;<\/span><\/li>\n<li style=\"background: white none repeat scroll 0% 0%\"><span lang=\"HR\" style=\"font-size: 11.0pt;color: #535353\">hidroizolaciju pregradnih zidova;<\/span><\/li>\n<li style=\"background: white none repeat scroll 0% 0%\"><span lang=\"HR\" style=\"font-size: 11.0pt;color: #535353\">visoko elasti\u010dnu za\u0161titu manjih dijelova betonskih konstrukcija i prefabriciranih betonskih elemenata koji su skloni deformacijama pod optere\u0107enjima;<\/span><\/li>\n<li style=\"background: white none repeat scroll 0% 0%\"><span lang=\"HR\" style=\"font-size: 11.0pt;color: #535353\">hidroizolacijski &#8211; za\u0161titni sloj betonskih povr\u0161ina koje su izlo\u017eene vodenim i kemijskim oprete\u0107enjima, kao \u0161to su soli za odmrzavanje, sulfati, kloridi, ugljen i sumporni dioksid.<br \/>\nMapelastic nanesite u dva sloja ukupne debljine 2 mm na sazrele, \u010dvrste i \u010diste povr\u0161ine podloga koje prethodno natopite vodom koja mora povr\u0161inski ote\u0107i. Na podloge s vlaknastim pukotinama i\/ili podloge s visokim optere\u0107enjima, nanesite Mapelastic u dva sloja ukupne debljine 2 mm, tako da u prvi sloj utisnete mre\u017eicu od alkalno otpornih staklenih vlakana Fiberglass Mesh<\/span><\/li>\n<\/ul>\n<p>&nbsp;<\/p>\n<p>TEHNI\u010cKI PODACI:<br \/>\nKonzistencija mje\u0161avine: plasti\u010dna &#8211; nano\u0161enje gleterom.<br \/>\nOmjer mije\u0161anja: komp. A: komp. B = 3 : 1.<br \/>\nVrijeme upotrebe mje\u0161avine: pribli\u017eno 1 sat.<br \/>\nTemperatura za rad: od +5\u00b0C do +35\u00b0C.<br \/>\nMinimalna debljina nano\u0161enja: 2 mm za 2 sloja.<br \/>\nKlasifikacija: EN 1504-2 &#8211; premaz (C) principi PI, MC i IR i norma EN 14891.<br \/>\nEMICODE: EC1 Plus &#8211; vrlo niska emisija.<br \/>\nSkladi\u0161tenje: 12 mjeseci komp. A, 24 mjeseca komp. B.<br \/>\nPrimjena: gleterom ili strojno.<br \/>\nPotro\u0161nja:<br \/>\n\u2013 gleterom: 1,7 kg\/m\u00b2 po mm debljine;<br \/>\n\u2013 strojno \u0161pricanjem: 2,2 kg\/m\u00b2 po mm debljine.<br \/>\nPakiranje:<br \/>\n\u2013 komplet od 32 kg: vre\u0107a 24 kg + posuda 8 kg<\/p>\n","protected":false},"excerpt":{"rendered":"<p>Dvokomponentni, visoko elasti\u010dan cementni mort za hidroizolaciju balkona, terasa, kupaonica i bazena, te za\u0161titu betonskih povr\u0161ina Podru\u010dje primjene: Mapelastic se primjenjuje u unutarnjim i vanjskim prostorima za: hidroizolaciju betonskih spremnika za vodu; hidroizolaciju svih vrsta podova i zidova koji \u0107e se oblagati plo\u010dicama i proizvodima od kamena u prostorima s trajno ili povremeno prisutnom vodom [&hellip;]<\/p>\n","protected":false},"featured_media":1000000410,"template":"","meta":{"_acf_changed":false},"product_brand":[727],"product_oblik":[],"product_cat":[62,83],"product_tag":[86],"class_list":{"0":"post-28147","1":"product","2":"type-product","3":"status-publish","4":"has-post-thumbnail","6":"product_brand-mapei","7":"product_cat-ostalo","8":"product_cat-materijali-za-pripremu","9":"product_tag-hidroizolacija","11":"first","12":"instock","13":"shipping-taxable","14":"purchasable","15":"product-type-simple"},"acf":[],"_links":{"self":[{"href":"https:\/\/modrastijena.com\/me\/wp-json\/wp\/v2\/product\/28147","targetHints":{"allow":["GET"]}}],"collection":[{"href":"https:\/\/modrastijena.com\/me\/wp-json\/wp\/v2\/product"}],"about":[{"href":"https:\/\/modrastijena.com\/me\/wp-json\/wp\/v2\/types\/product"}],"wp:featuredmedia":[{"embeddable":true,"href":"https:\/\/modrastijena.com\/me\/wp-json\/"}],"wp:attachment":[{"href":"https:\/\/modrastijena.com\/me\/wp-json\/wp\/v2\/media?parent=28147"}],"wp:term":[{"taxonomy":"product_brand","embeddable":true,"href":"https:\/\/modrastijena.com\/me\/wp-json\/wp\/v2\/product_brand?post=28147"},{"taxonomy":"product_oblik","embeddable":true,"href":"https:\/\/modrastijena.com\/me\/wp-json\/wp\/v2\/product_oblik?post=28147"},{"taxonomy":"product_cat","embeddable":true,"href":"https:\/\/modrastijena.com\/me\/wp-json\/wp\/v2\/product_cat?post=28147"},{"taxonomy":"product_tag","embeddable":true,"href":"https:\/\/modrastijena.com\/me\/wp-json\/wp\/v2\/product_tag?post=28147"}],"curies":[{"name":"wp","href":"https:\/\/api.w.org\/{rel}","templated":true}]}}