{"id":28135,"date":"2019-05-24T07:41:55","date_gmt":"2019-05-24T07:41:55","guid":{"rendered":"https:\/\/modrastijena.com\/me\/proizvod\/basel-thorma\/"},"modified":"2025-09-15T10:58:01","modified_gmt":"2025-09-15T10:58:01","slug":"basel-thorma","status":"publish","type":"product","link":"https:\/\/modrastijena.com\/me\/proizvod\/basel-thorma\/","title":{"rendered":"Basel (Thorma)"},"content":{"rendered":"<p>Tehni\u010dki podaci:<\/p>\n<ul>\n<li>Dimenzije cm: 88,5\u00d742,3\u00d735,7<\/li>\n<li>Nominalna toplinska snaga kW: 7<\/li>\n<li>U\u010dinkovitost-iskoristivost %: 81<\/li>\n<li>Promjer dimnjaka cm: 15<\/li>\n<li>Ukupna te\u017eina kg: 60<\/li>\n<li>Zagrijava m\u00b3: 165<\/li>\n<\/ul>\n","protected":false},"excerpt":{"rendered":"<p>Tehni\u010dki podaci: Dimenzije cm: 88,5\u00d742,3\u00d735,7 Nominalna toplinska snaga kW: 7 U\u010dinkovitost-iskoristivost %: 81 Promjer dimnjaka cm: 15 Ukupna te\u017eina kg: 60 Zagrijava m\u00b3: 165<\/p>\n","protected":false},"featured_media":1000000442,"template":"","meta":{"_acf_changed":false},"product_brand":[724],"product_oblik":[],"product_cat":[95,112],"product_tag":[97,100,113,114,115,108],"class_list":{"0":"post-28135","1":"product","2":"type-product","3":"status-publish","4":"has-post-thumbnail","6":"product_brand-thorma","7":"product_cat-kamini-i-peci","8":"product_cat-peci-na-drva","9":"product_tag-drva","10":"product_tag-grijanje","11":"product_tag-pec","12":"product_tag-pec-na-drva","13":"product_tag-samostojeca-pec","14":"product_tag-vatra","16":"first","17":"instock","18":"shipping-taxable","19":"purchasable","20":"product-type-simple"},"acf":[],"_links":{"self":[{"href":"https:\/\/modrastijena.com\/me\/wp-json\/wp\/v2\/product\/28135","targetHints":{"allow":["GET"]}}],"collection":[{"href":"https:\/\/modrastijena.com\/me\/wp-json\/wp\/v2\/product"}],"about":[{"href":"https:\/\/modrastijena.com\/me\/wp-json\/wp\/v2\/types\/product"}],"wp:featuredmedia":[{"embeddable":true,"href":"https:\/\/modrastijena.com\/me\/wp-json\/"}],"wp:attachment":[{"href":"https:\/\/modrastijena.com\/me\/wp-json\/wp\/v2\/media?parent=28135"}],"wp:term":[{"taxonomy":"product_brand","embeddable":true,"href":"https:\/\/modrastijena.com\/me\/wp-json\/wp\/v2\/product_brand?post=28135"},{"taxonomy":"product_oblik","embeddable":true,"href":"https:\/\/modrastijena.com\/me\/wp-json\/wp\/v2\/product_oblik?post=28135"},{"taxonomy":"product_cat","embeddable":true,"href":"https:\/\/modrastijena.com\/me\/wp-json\/wp\/v2\/product_cat?post=28135"},{"taxonomy":"product_tag","embeddable":true,"href":"https:\/\/modrastijena.com\/me\/wp-json\/wp\/v2\/product_tag?post=28135"}],"curies":[{"name":"wp","href":"https:\/\/api.w.org\/{rel}","templated":true}]}}