{"id":28124,"date":"2019-05-24T14:02:10","date_gmt":"2019-05-24T14:02:10","guid":{"rendered":"https:\/\/modrastijena.com\/me\/proizvod\/horby-thorma\/"},"modified":"2024-08-01T09:17:23","modified_gmt":"2024-08-01T09:17:23","slug":"horby-thorma","status":"publish","type":"product","link":"https:\/\/modrastijena.com\/me\/proizvod\/horby-thorma\/","title":{"rendered":"Horby (Thorma)"},"content":{"rendered":"<p>Tehni\u010dki podaci:<\/p>\n<ul>\n<li>Dimenzije cm: 90&#215;55,5x\u00d737,5<\/li>\n<li>Nominalna toplinska snaga kW: 7<\/li>\n<li>U\u010dinkovitost-iskoristivost %: 81<\/li>\n<li>Promjer dimnjaka cm: 15<\/li>\n<li>Ukupna te\u017eina kg: 85<\/li>\n<li>Zagrijava m\u00b3: 165<\/li>\n<\/ul>\n","protected":false},"excerpt":{"rendered":"<p>Slova\u010dkog proizvo\u0111a\u010da Thorma karakterizira stogodi\u0161nja tradicija u proizvodnji lijevanog \u017eeljeza<\/p>\n","protected":false},"featured_media":1000000461,"template":"","meta":{"_acf_changed":false},"product_brand":[724],"product_oblik":[],"product_cat":[95,112],"product_tag":[97,100,113,114,108],"class_list":{"0":"post-28124","1":"product","2":"type-product","3":"status-publish","4":"has-post-thumbnail","6":"product_brand-thorma","7":"product_cat-kamini-i-peci","8":"product_cat-peci-na-drva","9":"product_tag-drva","10":"product_tag-grijanje","11":"product_tag-pec","12":"product_tag-pec-na-drva","13":"product_tag-vatra","15":"first","16":"instock","17":"shipping-taxable","18":"purchasable","19":"product-type-simple"},"acf":[],"_links":{"self":[{"href":"https:\/\/modrastijena.com\/me\/wp-json\/wp\/v2\/product\/28124","targetHints":{"allow":["GET"]}}],"collection":[{"href":"https:\/\/modrastijena.com\/me\/wp-json\/wp\/v2\/product"}],"about":[{"href":"https:\/\/modrastijena.com\/me\/wp-json\/wp\/v2\/types\/product"}],"wp:featuredmedia":[{"embeddable":true,"href":"https:\/\/modrastijena.com\/me\/wp-json\/"}],"wp:attachment":[{"href":"https:\/\/modrastijena.com\/me\/wp-json\/wp\/v2\/media?parent=28124"}],"wp:term":[{"taxonomy":"product_brand","embeddable":true,"href":"https:\/\/modrastijena.com\/me\/wp-json\/wp\/v2\/product_brand?post=28124"},{"taxonomy":"product_oblik","embeddable":true,"href":"https:\/\/modrastijena.com\/me\/wp-json\/wp\/v2\/product_oblik?post=28124"},{"taxonomy":"product_cat","embeddable":true,"href":"https:\/\/modrastijena.com\/me\/wp-json\/wp\/v2\/product_cat?post=28124"},{"taxonomy":"product_tag","embeddable":true,"href":"https:\/\/modrastijena.com\/me\/wp-json\/wp\/v2\/product_tag?post=28124"}],"curies":[{"name":"wp","href":"https:\/\/api.w.org\/{rel}","templated":true}]}}