{"id":28121,"date":"2019-05-27T10:14:31","date_gmt":"2019-05-27T10:14:31","guid":{"rendered":"https:\/\/modrastijena.com\/me\/proizvod\/valencia-thorma\/"},"modified":"2025-12-18T15:29:41","modified_gmt":"2025-12-18T15:29:41","slug":"valencia-thorma","status":"publish","type":"product","link":"https:\/\/modrastijena.com\/me\/proizvod\/valencia-thorma\/","title":{"rendered":"Valencia (Thorma)"},"content":{"rendered":"<p>Tehni\u010dki podaci:<\/p>\n<ul>\n<li>Dimenzije cm: 59&#215;82,5\u00d742,3<\/li>\n<li>Nominalna toplinska snaga kW: 8<\/li>\n<li>U\u010dinkovitost-iskoristivost %: 82<\/li>\n<li>Promjer dimnjaka cm: 15<\/li>\n<li>Ukupna te\u017eina kg: 75<\/li>\n<li>Zagrijava m\u00b3: 190<\/li>\n<\/ul>\n","protected":false},"excerpt":{"rendered":"<p>Tehni\u010dki podaci: Dimenzije cm: 59&#215;82,5\u00d742,3 Nominalna toplinska snaga kW: 8 U\u010dinkovitost-iskoristivost %: 82 Promjer dimnjaka cm: 15 Ukupna te\u017eina kg: 75 Zagrijava m\u00b3: 190<\/p>\n","protected":false},"featured_media":1000000473,"template":"","meta":{"_acf_changed":false},"product_brand":[724],"product_oblik":[],"product_cat":[95,96],"product_tag":[97,98,99,100,110,122,102,103,105,107,108,109],"class_list":{"0":"post-28121","1":"product","2":"type-product","3":"status-publish","4":"has-post-thumbnail","6":"product_brand-thorma","7":"product_cat-kamini-i-peci","8":"product_cat-kamini","9":"product_tag-drva","10":"product_tag-fire","11":"product_tag-fireplaces","12":"product_tag-grijanje","13":"product_tag-grijanje-kaminom","14":"product_tag-hetaing","15":"product_tag-kamin","16":"product_tag-kamin-na-drva","17":"product_tag-modern-fireplaces","18":"product_tag-ugradbeni-kamin","19":"product_tag-vatra","20":"product_tag-wood","22":"first","23":"outofstock","24":"shipping-taxable","25":"purchasable","26":"product-type-simple"},"acf":[],"_links":{"self":[{"href":"https:\/\/modrastijena.com\/me\/wp-json\/wp\/v2\/product\/28121","targetHints":{"allow":["GET"]}}],"collection":[{"href":"https:\/\/modrastijena.com\/me\/wp-json\/wp\/v2\/product"}],"about":[{"href":"https:\/\/modrastijena.com\/me\/wp-json\/wp\/v2\/types\/product"}],"wp:featuredmedia":[{"embeddable":true,"href":"https:\/\/modrastijena.com\/me\/wp-json\/"}],"wp:attachment":[{"href":"https:\/\/modrastijena.com\/me\/wp-json\/wp\/v2\/media?parent=28121"}],"wp:term":[{"taxonomy":"product_brand","embeddable":true,"href":"https:\/\/modrastijena.com\/me\/wp-json\/wp\/v2\/product_brand?post=28121"},{"taxonomy":"product_oblik","embeddable":true,"href":"https:\/\/modrastijena.com\/me\/wp-json\/wp\/v2\/product_oblik?post=28121"},{"taxonomy":"product_cat","embeddable":true,"href":"https:\/\/modrastijena.com\/me\/wp-json\/wp\/v2\/product_cat?post=28121"},{"taxonomy":"product_tag","embeddable":true,"href":"https:\/\/modrastijena.com\/me\/wp-json\/wp\/v2\/product_tag?post=28121"}],"curies":[{"name":"wp","href":"https:\/\/api.w.org\/{rel}","templated":true}]}}