{"id":28117,"date":"2019-06-14T11:01:27","date_gmt":"2019-06-14T11:01:27","guid":{"rendered":"https:\/\/modrastijena.com\/me\/proizvod\/carrara\/"},"modified":"2024-09-12T11:36:39","modified_gmt":"2024-09-12T11:36:39","slug":"carrara","status":"publish","type":"product","link":"https:\/\/modrastijena.com\/me\/proizvod\/carrara\/","title":{"rendered":"Carrara"},"content":{"rendered":"<p><span class=\"OYPEnA font-feature-liga-off font-feature-clig-off font-feature-calt-off text-decoration-none text-strikethrough-none\">Dolazi iz istoimene talijanske regije. Elegantnim bijelim povr\u0161inama i suptilnim sivim venama inspirirao je umjetnike kroz stolje\u0107a. Michelangelo je odabrao upravo ovaj mramor za svoja najpoznatija djela, potvr\u0111uju\u0107i njegovu izvanrednu kvalitetu i presti\u017e.<\/span><\/p>\n<p><b>Napomena:<\/b><br \/>\nKamen je prirodan materijal i svaka kamena plo\u010da je unikatna, stoga preporu\u010dujemo da vidite uzorak kamena u jednoj od na\u0161ih poslovnica. Fotografije ne moraju nu\u017eno u potpunosti odgovarati stvarnom izgledu proizvoda. Provjerite dostupnost u prodajnim salonima Modre Stijene.<\/p>\n","protected":false},"excerpt":{"rendered":"<p>Dolazi iz istoimene talijanske regije. Elegantnim bijelim povr\u0161inama i suptilnim sivim venama inspirirao je umjetnike kroz stolje\u0107a. Michelangelo je odabrao upravo ovaj mramor za svoja najpoznatija djela, potvr\u0111uju\u0107i njegovu izvanrednu kvalitetu i presti\u017e. Napomena: Kamen je prirodan materijal i svaka kamena plo\u010da je unikatna, stoga preporu\u010dujemo da vidite uzorak kamena u jednoj od na\u0161ih poslovnica. [&hellip;]<\/p>\n","protected":false},"featured_media":1000000509,"template":"","meta":{"_acf_changed":false},"product_brand":[],"product_oblik":[],"product_cat":[22,44],"product_tag":[127,128,47,30,31,33,36,48,129,49,40],"class_list":{"0":"post-28117","1":"product","2":"type-product","3":"status-publish","4":"has-post-thumbnail","6":"product_cat-kamen","7":"product_cat-mramori","8":"product_tag-bijeli-mramor","9":"product_tag-inspiracija","10":"product_tag-mramor","11":"product_tag-oblaganje-kamina","12":"product_tag-pod","13":"product_tag-prirodni-kamen","14":"product_tag-stepenice","15":"product_tag-stubiste","16":"product_tag-trend","17":"product_tag-unutarnje-klupice","18":"product_tag-zid","20":"first","21":"instock","22":"shipping-taxable","23":"product-type-simple"},"acf":[],"_links":{"self":[{"href":"https:\/\/modrastijena.com\/me\/wp-json\/wp\/v2\/product\/28117","targetHints":{"allow":["GET"]}}],"collection":[{"href":"https:\/\/modrastijena.com\/me\/wp-json\/wp\/v2\/product"}],"about":[{"href":"https:\/\/modrastijena.com\/me\/wp-json\/wp\/v2\/types\/product"}],"wp:featuredmedia":[{"embeddable":true,"href":"https:\/\/modrastijena.com\/me\/wp-json\/"}],"wp:attachment":[{"href":"https:\/\/modrastijena.com\/me\/wp-json\/wp\/v2\/media?parent=28117"}],"wp:term":[{"taxonomy":"product_brand","embeddable":true,"href":"https:\/\/modrastijena.com\/me\/wp-json\/wp\/v2\/product_brand?post=28117"},{"taxonomy":"product_oblik","embeddable":true,"href":"https:\/\/modrastijena.com\/me\/wp-json\/wp\/v2\/product_oblik?post=28117"},{"taxonomy":"product_cat","embeddable":true,"href":"https:\/\/modrastijena.com\/me\/wp-json\/wp\/v2\/product_cat?post=28117"},{"taxonomy":"product_tag","embeddable":true,"href":"https:\/\/modrastijena.com\/me\/wp-json\/wp\/v2\/product_tag?post=28117"}],"curies":[{"name":"wp","href":"https:\/\/api.w.org\/{rel}","templated":true}]}}