{"id":28114,"date":"2019-06-14T12:58:59","date_gmt":"2019-06-14T12:58:59","guid":{"rendered":"https:\/\/modrastijena.com\/me\/proizvod\/marmara-equator\/"},"modified":"2024-05-19T10:20:14","modified_gmt":"2024-05-19T10:20:14","slug":"marmara-equator","status":"publish","type":"product","link":"https:\/\/modrastijena.com\/me\/proizvod\/marmara-equator\/","title":{"rendered":"Marmara Equator"},"content":{"rendered":"<p>\u010cuveni turski kamen koji krasi brojna povijesna zdanja. Izra\u017eajne sive paralelne \u017eile \u010dine ga posebnim.<\/p>\n<p>&nbsp;<\/p>\n<p><b>Napomena:<\/b><br \/>\nKamen je prirodan materijal i svaka kamena plo\u010da je unikatna, stoga preporu\u010dujemo da vidite uzorak kamena u jednoj od na\u0161ih poslovnica. Fotografije ne moraju nu\u017eno u potpunosti odgovarati stvarnom izgledu proizvoda. Provjerite dostupnost u prodajnim salonima Modre Stijene.<\/p>\n","protected":false},"excerpt":{"rendered":"<p>\u010cuveni turski kamen koji krasi brojna povijesna zdanja. Izra\u017eajne sive paralelne \u017eile \u010dine ga posebnim. &nbsp; Napomena: Kamen je prirodan materijal i svaka kamena plo\u010da je unikatna, stoga preporu\u010dujemo da vidite uzorak kamena u jednoj od na\u0161ih poslovnica. Fotografije ne moraju nu\u017eno u potpunosti odgovarati stvarnom izgledu proizvoda. Provjerite dostupnost u prodajnim salonima Modre Stijene.<\/p>\n","protected":false},"featured_media":1000000529,"template":"","meta":{"_acf_changed":false},"product_brand":[],"product_oblik":[],"product_cat":[22,44],"product_tag":[127,47,30,31,36,48,137,138,49,40],"class_list":{"0":"post-28114","1":"product","2":"type-product","3":"status-publish","4":"has-post-thumbnail","6":"product_cat-kamen","7":"product_cat-mramori","8":"product_tag-bijeli-mramor","9":"product_tag-mramor","10":"product_tag-oblaganje-kamina","11":"product_tag-pod","12":"product_tag-stepenice","13":"product_tag-stubiste","14":"product_tag-turski-kamen","15":"product_tag-turski-mramor","16":"product_tag-unutarnje-klupice","17":"product_tag-zid","19":"first","20":"instock","21":"shipping-taxable","22":"product-type-simple"},"acf":[],"_links":{"self":[{"href":"https:\/\/modrastijena.com\/me\/wp-json\/wp\/v2\/product\/28114","targetHints":{"allow":["GET"]}}],"collection":[{"href":"https:\/\/modrastijena.com\/me\/wp-json\/wp\/v2\/product"}],"about":[{"href":"https:\/\/modrastijena.com\/me\/wp-json\/wp\/v2\/types\/product"}],"wp:featuredmedia":[{"embeddable":true,"href":"https:\/\/modrastijena.com\/me\/wp-json\/"}],"wp:attachment":[{"href":"https:\/\/modrastijena.com\/me\/wp-json\/wp\/v2\/media?parent=28114"}],"wp:term":[{"taxonomy":"product_brand","embeddable":true,"href":"https:\/\/modrastijena.com\/me\/wp-json\/wp\/v2\/product_brand?post=28114"},{"taxonomy":"product_oblik","embeddable":true,"href":"https:\/\/modrastijena.com\/me\/wp-json\/wp\/v2\/product_oblik?post=28114"},{"taxonomy":"product_cat","embeddable":true,"href":"https:\/\/modrastijena.com\/me\/wp-json\/wp\/v2\/product_cat?post=28114"},{"taxonomy":"product_tag","embeddable":true,"href":"https:\/\/modrastijena.com\/me\/wp-json\/wp\/v2\/product_tag?post=28114"}],"curies":[{"name":"wp","href":"https:\/\/api.w.org\/{rel}","templated":true}]}}