{"id":28112,"date":"2019-06-14T13:30:36","date_gmt":"2019-06-14T13:30:36","guid":{"rendered":"https:\/\/modrastijena.com\/me\/proizvod\/portoro-afganistan\/"},"modified":"2024-05-19T10:20:12","modified_gmt":"2024-05-19T10:20:12","slug":"portoro-afganistan","status":"publish","type":"product","link":"https:\/\/modrastijena.com\/me\/proizvod\/portoro-afganistan\/","title":{"rendered":"Portoro Afganistan"},"content":{"rendered":"<p>Portoro Afganistan prirodni je crni mramor s izra\u017eajnim zlatnim venama \u0161to mu daje luksuzan i elegantan izgled.<\/p>\n<p>&nbsp;<\/p>\n<p><b>Napomena:<\/b><br \/>\nKamen je prirodan materijal i svaka kamena plo\u010da je unikatna, stoga preporu\u010dujemo da vidite uzorak kamena u jednoj od na\u0161ih poslovnica. Fotografije ne moraju nu\u017eno u potpunosti odgovarati stvarnom izgledu proizvoda. Provjerite dostupnost u prodajnim salonima Modre Stijene.<\/p>\n","protected":false},"excerpt":{"rendered":"<p>Portoro Afganistan prirodni je crni mramor s izra\u017eajnim zlatnim venama \u0161to mu daje luksuzan i elegantan izgled. &nbsp; Napomena: Kamen je prirodan materijal i svaka kamena plo\u010da je unikatna, stoga preporu\u010dujemo da vidite uzorak kamena u jednoj od na\u0161ih poslovnica. Fotografije ne moraju nu\u017eno u potpunosti odgovarati stvarnom izgledu proizvoda. Provjerite dostupnost u prodajnim salonima [&hellip;]<\/p>\n","protected":false},"featured_media":1000000544,"template":"","meta":{"_acf_changed":false},"product_brand":[],"product_oblik":[],"product_cat":[22,44],"product_tag":[140,141,142,47,30,31,143,36,48,49,40],"class_list":{"0":"post-28112","1":"product","2":"type-product","3":"status-publish","4":"has-post-thumbnail","6":"product_cat-kamen","7":"product_cat-mramori","8":"product_tag-black-marble","9":"product_tag-crni-kamen","10":"product_tag-crni-mramor","11":"product_tag-mramor","12":"product_tag-oblaganje-kamina","13":"product_tag-pod","14":"product_tag-prirodan-kamen","15":"product_tag-stepenice","16":"product_tag-stubiste","17":"product_tag-unutarnje-klupice","18":"product_tag-zid","20":"first","21":"instock","22":"shipping-taxable","23":"product-type-simple"},"acf":[],"_links":{"self":[{"href":"https:\/\/modrastijena.com\/me\/wp-json\/wp\/v2\/product\/28112","targetHints":{"allow":["GET"]}}],"collection":[{"href":"https:\/\/modrastijena.com\/me\/wp-json\/wp\/v2\/product"}],"about":[{"href":"https:\/\/modrastijena.com\/me\/wp-json\/wp\/v2\/types\/product"}],"wp:featuredmedia":[{"embeddable":true,"href":"https:\/\/modrastijena.com\/me\/wp-json\/"}],"wp:attachment":[{"href":"https:\/\/modrastijena.com\/me\/wp-json\/wp\/v2\/media?parent=28112"}],"wp:term":[{"taxonomy":"product_brand","embeddable":true,"href":"https:\/\/modrastijena.com\/me\/wp-json\/wp\/v2\/product_brand?post=28112"},{"taxonomy":"product_oblik","embeddable":true,"href":"https:\/\/modrastijena.com\/me\/wp-json\/wp\/v2\/product_oblik?post=28112"},{"taxonomy":"product_cat","embeddable":true,"href":"https:\/\/modrastijena.com\/me\/wp-json\/wp\/v2\/product_cat?post=28112"},{"taxonomy":"product_tag","embeddable":true,"href":"https:\/\/modrastijena.com\/me\/wp-json\/wp\/v2\/product_tag?post=28112"}],"curies":[{"name":"wp","href":"https:\/\/api.w.org\/{rel}","templated":true}]}}