{"id":28108,"date":"2019-06-17T14:38:00","date_gmt":"2019-06-17T14:38:00","guid":{"rendered":"https:\/\/modrastijena.com\/me\/proizvod\/visocica\/"},"modified":"2024-05-19T10:20:08","modified_gmt":"2024-05-19T10:20:08","slug":"visocica","status":"publish","type":"product","link":"https:\/\/modrastijena.com\/me\/proizvod\/visocica\/","title":{"rendered":"Viso\u010dica"},"content":{"rendered":"<p>Za ljubitelje svjetlijih boja izdvajamo mramor Viso\u010dica koji dolazi iz Crne Gore. Naj\u010de\u0161\u0107e se koristi za klupice, pragove, stepenice i vanjske fasade u podru\u010djima blage klime.<\/p>\n<p>&nbsp;<\/p>\n<p><b>Napomena:<\/b><br \/>\nKamen je prirodan materijal i svaka kamena plo\u010da je unikatna, stoga preporu\u010dujemo da vidite uzorak kamena u jednoj od na\u0161ih poslovnica. Fotografije ne moraju nu\u017eno u potpunosti odgovarati stvarnom izgledu proizvoda. Provjerite dostupnost u prodajnim salonima Modre Stijene.<\/p>\n","protected":false},"excerpt":{"rendered":"<p>Za ljubitelje svjetlijih boja izdvajamo mramor Viso\u010dica koji dolazi iz Crne Gore. Naj\u010de\u0161\u0107e se koristi za klupice, pragove, stepenice i vanjske fasade u podru\u010djima blage klime. &nbsp; Napomena: Kamen je prirodan materijal i svaka kamena plo\u010da je unikatna, stoga preporu\u010dujemo da vidite uzorak kamena u jednoj od na\u0161ih poslovnica. Fotografije ne moraju nu\u017eno u potpunosti [&hellip;]<\/p>\n","protected":false},"featured_media":1000000574,"template":"","meta":{"_acf_changed":false},"product_brand":[],"product_oblik":[],"product_cat":[22,44],"product_tag":[127,47,31,33,36,48,49,40],"class_list":{"0":"post-28108","1":"product","2":"type-product","3":"status-publish","4":"has-post-thumbnail","6":"product_cat-kamen","7":"product_cat-mramori","8":"product_tag-bijeli-mramor","9":"product_tag-mramor","10":"product_tag-pod","11":"product_tag-prirodni-kamen","12":"product_tag-stepenice","13":"product_tag-stubiste","14":"product_tag-unutarnje-klupice","15":"product_tag-zid","17":"first","18":"instock","19":"shipping-taxable","20":"product-type-simple"},"acf":[],"_links":{"self":[{"href":"https:\/\/modrastijena.com\/me\/wp-json\/wp\/v2\/product\/28108","targetHints":{"allow":["GET"]}}],"collection":[{"href":"https:\/\/modrastijena.com\/me\/wp-json\/wp\/v2\/product"}],"about":[{"href":"https:\/\/modrastijena.com\/me\/wp-json\/wp\/v2\/types\/product"}],"wp:featuredmedia":[{"embeddable":true,"href":"https:\/\/modrastijena.com\/me\/wp-json\/"}],"wp:attachment":[{"href":"https:\/\/modrastijena.com\/me\/wp-json\/wp\/v2\/media?parent=28108"}],"wp:term":[{"taxonomy":"product_brand","embeddable":true,"href":"https:\/\/modrastijena.com\/me\/wp-json\/wp\/v2\/product_brand?post=28108"},{"taxonomy":"product_oblik","embeddable":true,"href":"https:\/\/modrastijena.com\/me\/wp-json\/wp\/v2\/product_oblik?post=28108"},{"taxonomy":"product_cat","embeddable":true,"href":"https:\/\/modrastijena.com\/me\/wp-json\/wp\/v2\/product_cat?post=28108"},{"taxonomy":"product_tag","embeddable":true,"href":"https:\/\/modrastijena.com\/me\/wp-json\/wp\/v2\/product_tag?post=28108"}],"curies":[{"name":"wp","href":"https:\/\/api.w.org\/{rel}","templated":true}]}}