{"id":28096,"date":"2019-06-18T09:31:57","date_gmt":"2019-06-18T09:31:57","guid":{"rendered":"https:\/\/modrastijena.com\/me\/proizvod\/umjetni-fantasy-beige\/"},"modified":"2026-02-04T09:33:45","modified_gmt":"2026-02-04T09:33:45","slug":"umjetni-fantasy-beige","status":"publish","type":"product","link":"https:\/\/modrastijena.com\/me\/proizvod\/umjetni-fantasy-beige\/","title":{"rendered":"Umjetni Fantasy Beige"},"content":{"rendered":"<p>Umjetni kamen je najpogodniji za unutarnju primjenu, kao \u0161to je oblaganje prozorskih klupica, pragova, stepenica, zidova i podova.<\/p>\n<p>Umjetni kamen je dobiven umjetnim putem i \u010dini ga 90% kamenog granulata na bazi mramora, a ostatak su smole i ostala kemijska punila koja kamen dr\u017ee kompaktnim. Iako nema tako dobra mehani\u010dka svojstva kao umjetno dobiveni kamen quartz izuzetno je popularan zbog povoljnije cijene i modernog dizajna pa se \u010desto koristi u ure\u0111enju interijera.<\/p>\n<p><strong>Va\u017eno je znati<\/strong><\/p>\n<p>Nijedan materijal nije potpuno otporan na ogrebotine ili upijanje pa se kod umjetnog kamena kao i kod svih ostalih materijala preporu\u010duje oprezno rukovanje.<\/p>\n<p><b>Napomena:<\/b><br \/>\nKamen je prirodan materijal i svaka kamena plo\u010da je unikatna, stoga preporu\u010dujemo da vidite uzorak kamena u jednoj od na\u0161ih poslovnica. Fotografije ne moraju nu\u017eno u potpunosti odgovarati stvarnom izgledu proizvoda. Provjerite dostupnost u prodajnim salonima Modre Stijene.<\/p>\n","protected":false},"excerpt":{"rendered":"<p>Umjetni kamen je najpogodniji za unutarnju primjenu, kao \u0161to je oblaganje prozorskih klupica, pragova, stepenica, zidova i podova. Umjetni kamen je dobiven umjetnim putem i \u010dini ga 90% kamenog granulata na bazi mramora, a ostatak su smole i ostala kemijska punila koja kamen dr\u017ee kompaktnim. Iako nema tako dobra mehani\u010dka svojstva kao umjetno dobiveni kamen [&hellip;]<\/p>\n","protected":false},"featured_media":100000028629,"template":"","meta":{"_acf_changed":false},"product_brand":[],"product_oblik":[],"product_cat":[22,163],"product_tag":[46,31,166,49,167,40],"class_list":{"0":"post-28096","1":"product","2":"type-product","3":"status-publish","4":"has-post-thumbnail","6":"product_cat-kamen","7":"product_cat-umjetni","8":"product_tag-kamen","9":"product_tag-pod","10":"product_tag-umjetni-kamen","11":"product_tag-unutarnje-klupice","12":"product_tag-unutarnje-stepenice","13":"product_tag-zid","15":"first","16":"instock","17":"shipping-taxable","18":"product-type-simple"},"acf":[],"_links":{"self":[{"href":"https:\/\/modrastijena.com\/me\/wp-json\/wp\/v2\/product\/28096","targetHints":{"allow":["GET"]}}],"collection":[{"href":"https:\/\/modrastijena.com\/me\/wp-json\/wp\/v2\/product"}],"about":[{"href":"https:\/\/modrastijena.com\/me\/wp-json\/wp\/v2\/types\/product"}],"wp:featuredmedia":[{"embeddable":true,"href":"https:\/\/modrastijena.com\/me\/wp-json\/"}],"wp:attachment":[{"href":"https:\/\/modrastijena.com\/me\/wp-json\/wp\/v2\/media?parent=28096"}],"wp:term":[{"taxonomy":"product_brand","embeddable":true,"href":"https:\/\/modrastijena.com\/me\/wp-json\/wp\/v2\/product_brand?post=28096"},{"taxonomy":"product_oblik","embeddable":true,"href":"https:\/\/modrastijena.com\/me\/wp-json\/wp\/v2\/product_oblik?post=28096"},{"taxonomy":"product_cat","embeddable":true,"href":"https:\/\/modrastijena.com\/me\/wp-json\/wp\/v2\/product_cat?post=28096"},{"taxonomy":"product_tag","embeddable":true,"href":"https:\/\/modrastijena.com\/me\/wp-json\/wp\/v2\/product_tag?post=28096"}],"curies":[{"name":"wp","href":"https:\/\/api.w.org\/{rel}","templated":true}]}}