{"id":28086,"date":"2019-07-10T12:02:09","date_gmt":"2019-07-10T12:02:09","guid":{"rendered":"https:\/\/modrastijena.com\/me\/proizvod\/carlota-dekor-gris-20x60-cm-mat-zidna-plocica-1-klasa-spanjolska-keramika-cristacer\/"},"modified":"2024-05-19T10:19:47","modified_gmt":"2024-05-19T10:19:47","slug":"carlota-dekor-gris-20x60-cm-mat-zidna-plocica-1-klasa-spanjolska-keramika-cristacer","status":"publish","type":"product","link":"https:\/\/modrastijena.com\/me\/proizvod\/carlota-dekor-gris-20x60-cm-mat-zidna-plocica-1-klasa-spanjolska-keramika-cristacer\/?paket_m2=1.08","title":{"rendered":"Carlota Dekor Gris 20&#215;60 cm, mat"},"content":{"rendered":"<p style=\"margin: 0cm; margin-bottom: .0001pt;\">Komada u paketu: 9<\/p>\n<p style=\"margin: 0cm; margin-bottom: .0001pt;\">Paket m\u00b2: 1,08<\/p>\n<p style=\"margin: 0cm; margin-bottom: .0001pt;\">Te\u017eina paketa kg: 18,62<\/p>\n<p>Cijene su izra\u017eene u konvertibilnim markama po m\u00b2. Kona\u010dna cijena se obra\u010dunava po koli\u010dini\/broju paketa koje naru\u010dujete.<\/p>\n<p>&nbsp;<\/p>\n","protected":false},"excerpt":{"rendered":"<p>zidna plo\u010dica, 1 klasa, \u0161panjolska keramika Cristacer<\/p>\n","protected":false},"featured_media":1000000695,"template":"","meta":{"_acf_changed":false},"product_brand":[717],"product_oblik":[],"product_cat":[54],"product_tag":[57,174,170,182],"class_list":{"0":"post-28086","1":"product","2":"type-product","3":"status-publish","4":"has-post-thumbnail","6":"product_brand-cristacer","7":"product_cat-keramika","8":"product_tag-keramika","9":"product_tag-plocice","10":"product_tag-zidna-keramika","11":"product_tag-zidne-plocice","13":"first","14":"instock","15":"shipping-taxable","16":"purchasable","17":"product-type-simple"},"acf":[],"_links":{"self":[{"href":"https:\/\/modrastijena.com\/me\/wp-json\/wp\/v2\/product\/28086","targetHints":{"allow":["GET"]}}],"collection":[{"href":"https:\/\/modrastijena.com\/me\/wp-json\/wp\/v2\/product"}],"about":[{"href":"https:\/\/modrastijena.com\/me\/wp-json\/wp\/v2\/types\/product"}],"wp:featuredmedia":[{"embeddable":true,"href":"https:\/\/modrastijena.com\/me\/wp-json\/"}],"wp:attachment":[{"href":"https:\/\/modrastijena.com\/me\/wp-json\/wp\/v2\/media?parent=28086"}],"wp:term":[{"taxonomy":"product_brand","embeddable":true,"href":"https:\/\/modrastijena.com\/me\/wp-json\/wp\/v2\/product_brand?post=28086"},{"taxonomy":"product_oblik","embeddable":true,"href":"https:\/\/modrastijena.com\/me\/wp-json\/wp\/v2\/product_oblik?post=28086"},{"taxonomy":"product_cat","embeddable":true,"href":"https:\/\/modrastijena.com\/me\/wp-json\/wp\/v2\/product_cat?post=28086"},{"taxonomy":"product_tag","embeddable":true,"href":"https:\/\/modrastijena.com\/me\/wp-json\/wp\/v2\/product_tag?post=28086"}],"curies":[{"name":"wp","href":"https:\/\/api.w.org\/{rel}","templated":true}]}}