{"id":28074,"date":"2024-07-11T08:14:41","date_gmt":"2024-07-11T08:14:41","guid":{"rendered":"https:\/\/modrastijena.com\/me\/proizvod\/boston-beige-33x60-cm-protuklizna-mat-gres-plocica-1-klasa-spanjolska-keramika-cristacer\/"},"modified":"2026-02-10T09:29:01","modified_gmt":"2026-02-10T09:29:01","slug":"boston-beige-33x60-cm-protuklizna-mat-gres-plocica-1-klasa-spanjolska-keramika-cristacer","status":"publish","type":"product","link":"https:\/\/modrastijena.com\/me\/proizvod\/boston-beige-33x60-cm-protuklizna-mat-gres-plocica-1-klasa-spanjolska-keramika-cristacer\/?paket_m2=1.00","title":{"rendered":"Boston Beige 33\u00d760 cm"},"content":{"rendered":"<p style=\"margin: 0cm;margin-bottom: .0001pt\">Komada u paketu: 7<\/p>\n<p style=\"margin: 0cm;margin-bottom: .0001pt\">Paket m\u00b2: 1,38<\/p>\n<p style=\"margin: 0cm;margin-bottom: .0001pt\">Te\u017eina paketa kg: 22,30<\/p>\n<p>&nbsp;<\/p>\n<p>Cijene su izra\u017eene u konvertibilnim markama po m\u00b2. Kona\u010dna cijena se obra\u010dunava po koli\u010dini\/broju paketa koje naru\u010dujete.<\/p>\n","protected":false},"excerpt":{"rendered":"<p>protuklizna mat, gres plo\u010dica, 1 klasa, \u0161panjolska keramika Cristacer<\/p>\n","protected":false},"featured_media":100000028642,"template":"","meta":{"_acf_changed":false},"product_brand":[717],"product_oblik":[],"product_cat":[54],"product_tag":[184,56],"class_list":{"0":"post-28074","1":"product","2":"type-product","3":"status-publish","4":"has-post-thumbnail","6":"product_brand-cristacer","7":"product_cat-keramika","8":"product_tag-gres","9":"product_tag-gres-keramika","11":"first","12":"instock","13":"shipping-taxable","14":"purchasable","15":"product-type-simple"},"acf":[],"_links":{"self":[{"href":"https:\/\/modrastijena.com\/me\/wp-json\/wp\/v2\/product\/28074","targetHints":{"allow":["GET"]}}],"collection":[{"href":"https:\/\/modrastijena.com\/me\/wp-json\/wp\/v2\/product"}],"about":[{"href":"https:\/\/modrastijena.com\/me\/wp-json\/wp\/v2\/types\/product"}],"wp:featuredmedia":[{"embeddable":true,"href":"https:\/\/modrastijena.com\/me\/wp-json\/"}],"wp:attachment":[{"href":"https:\/\/modrastijena.com\/me\/wp-json\/wp\/v2\/media?parent=28074"}],"wp:term":[{"taxonomy":"product_brand","embeddable":true,"href":"https:\/\/modrastijena.com\/me\/wp-json\/wp\/v2\/product_brand?post=28074"},{"taxonomy":"product_oblik","embeddable":true,"href":"https:\/\/modrastijena.com\/me\/wp-json\/wp\/v2\/product_oblik?post=28074"},{"taxonomy":"product_cat","embeddable":true,"href":"https:\/\/modrastijena.com\/me\/wp-json\/wp\/v2\/product_cat?post=28074"},{"taxonomy":"product_tag","embeddable":true,"href":"https:\/\/modrastijena.com\/me\/wp-json\/wp\/v2\/product_tag?post=28074"}],"curies":[{"name":"wp","href":"https:\/\/api.w.org\/{rel}","templated":true}]}}