{"id":27976,"date":"2019-11-14T12:43:52","date_gmt":"2019-11-14T12:43:52","guid":{"rendered":"https:\/\/modrastijena.com\/me\/proizvod\/stone-impregnation\/"},"modified":"2026-04-16T08:16:08","modified_gmt":"2026-04-16T08:16:08","slug":"stone-impregnation","status":"publish","type":"product","link":"https:\/\/modrastijena.com\/me\/proizvod\/stone-impregnation\/","title":{"rendered":"Stone Impregnation &#8211; za\u0161tita za kamen"},"content":{"rendered":"<p>Impregnacija na osnovi silikona i vode.<\/p>\n<p><strong>UPOTREBA<\/strong>: Za\u0161tita za kamen koja prodire duboko unutar njega \u010dine\u0107i ga vodo-odbojnim ne smanjuju\u0107i njegovu sposobnost propu\u0161tanja para. Otporan na UV zrake, ne mijenja boju tretiranog materijala. Tako\u0111er za\u0161tita za fasade od propu\u0161tanja ki\u0161e, te djeluje i protiv upijanja prljav\u0161tina.<\/p>\n<p><strong>NA\u010cIN KORI\u0160TENJA<\/strong>:\u00a0 Proizvod nanijeti na materijal koji se \u017eeli za\u0161tititi (povr\u0161ina treba biti suha \u2013 nije neophodno- \u00a0i \u010dista). Nakon 20-30 minuta ukloniti vi\u0161ak proizvoda s kamena. Ako je materijal veoma porozan, ponoviti postupak. Ostaviti 24 h da se su\u0161i a da se pritom ne hoda po povr\u0161ini.<\/p>\n<p><strong>DOSTATNOST<\/strong> :\u00a0 1 l = 10-15 m2 ovisno o strukturi povr\u0161ine<\/p>\n<p>5 l = 50-75 m2 ovisno o strukturi povr\u0161ine<\/p>\n","protected":false},"excerpt":{"rendered":"<p>Impregnacija na osnovi silikona i vode. UPOTREBA: Za\u0161tita za kamen koja prodire duboko unutar njega \u010dine\u0107i ga vodo-odbojnim ne smanjuju\u0107i njegovu sposobnost propu\u0161tanja para. Otporan na UV zrake, ne mijenja boju tretiranog materijala. Tako\u0111er za\u0161tita za fasade od propu\u0161tanja ki\u0161e, te djeluje i protiv upijanja prljav\u0161tina. NA\u010cIN KORI\u0160TENJA:\u00a0 Proizvod nanijeti na materijal koji se \u017eeli [&hellip;]<\/p>\n","protected":false},"featured_media":1000000980,"template":"","meta":{"_acf_changed":false},"product_brand":[725],"product_oblik":[],"product_cat":[62,88],"product_tag":[242,91],"class_list":{"0":"post-27976","1":"product","2":"type-product","3":"status-publish","4":"has-post-thumbnail","6":"product_brand-akemi","7":"product_cat-ostalo","8":"product_cat-sredstva-za-odrzavanje","9":"product_tag-zastita-od-vlage","10":"product_tag-zastita-za-kamen","12":"first","13":"instock","14":"shipping-taxable","15":"purchasable","16":"product-type-variable","17":"wvs-archive-product-wrapper"},"acf":[],"_links":{"self":[{"href":"https:\/\/modrastijena.com\/me\/wp-json\/wp\/v2\/product\/27976","targetHints":{"allow":["GET"]}}],"collection":[{"href":"https:\/\/modrastijena.com\/me\/wp-json\/wp\/v2\/product"}],"about":[{"href":"https:\/\/modrastijena.com\/me\/wp-json\/wp\/v2\/types\/product"}],"wp:featuredmedia":[{"embeddable":true,"href":"https:\/\/modrastijena.com\/me\/wp-json\/"}],"wp:attachment":[{"href":"https:\/\/modrastijena.com\/me\/wp-json\/wp\/v2\/media?parent=27976"}],"wp:term":[{"taxonomy":"product_brand","embeddable":true,"href":"https:\/\/modrastijena.com\/me\/wp-json\/wp\/v2\/product_brand?post=27976"},{"taxonomy":"product_oblik","embeddable":true,"href":"https:\/\/modrastijena.com\/me\/wp-json\/wp\/v2\/product_oblik?post=27976"},{"taxonomy":"product_cat","embeddable":true,"href":"https:\/\/modrastijena.com\/me\/wp-json\/wp\/v2\/product_cat?post=27976"},{"taxonomy":"product_tag","embeddable":true,"href":"https:\/\/modrastijena.com\/me\/wp-json\/wp\/v2\/product_tag?post=27976"}],"curies":[{"name":"wp","href":"https:\/\/api.w.org\/{rel}","templated":true}]}}