{"id":27974,"date":"2019-11-14T13:04:20","date_gmt":"2019-11-14T13:04:20","guid":{"rendered":"https:\/\/modrastijena.com\/me\/proizvod\/oil-and-grease-remover-paste\/"},"modified":"2026-04-16T07:57:18","modified_gmt":"2026-04-16T07:57:18","slug":"oil-and-grease-remover-paste","status":"publish","type":"product","link":"https:\/\/modrastijena.com\/me\/proizvod\/oil-and-grease-remover-paste\/","title":{"rendered":"Oil and grease remover paste 250 ml &#8211; sredstvo za \u010di\u0161\u0107enje"},"content":{"rendered":"<p>Kremasta pasta s apsorbiraju\u0107im agentima, lako za upotrebu.<\/p>\n<p><strong>UPOTREBA<\/strong>: Uklanja masti, ulja i mrlje od voska na svim vrstama prirodnog i umjetnog kamena, kao i na keramici.<\/p>\n<p><strong>NA\u010cIN KORI\u0160TENJA<\/strong>:\u00a0 Proizvod nanijeti na povr\u0161inu koja se \u017eeli tretirati (povr\u0161ina treba biti suha i \u010dista). Nakon 30-60 minuta, nakon \u0161to pasta izvu\u010de mrlju na povr\u0161inu, jakim pritiskom vode (preporu\u010da se upotreba STONE CLEANER)\u00a0 mrlju isprati. Ako se \u017eeli ubrzati postupak, mo\u017ee se tretirana mrlja prekriti plasti\u010dnom folijom te tako onemogu\u0107iti ulazak zraka.<\/p>\n<p><strong>DOSTATNOST<\/strong> :\u00a0 250 ml = cca 5 m2 ovisno o strukturi povr\u0161ine<\/p>\n","protected":false},"excerpt":{"rendered":"<p>Kremasta pasta s apsorbiraju\u0107im agentima, lako za upotrebu. UPOTREBA: Uklanja masti, ulja i mrlje od voska na svim vrstama prirodnog i umjetnog kamena, kao i na keramici. NA\u010cIN KORI\u0160TENJA:\u00a0 Proizvod nanijeti na povr\u0161inu koja se \u017eeli tretirati (povr\u0161ina treba biti suha i \u010dista). Nakon 30-60 minuta, nakon \u0161to pasta izvu\u010de mrlju na povr\u0161inu, jakim pritiskom [&hellip;]<\/p>\n","protected":false},"featured_media":1000000984,"template":"","meta":{"_acf_changed":false},"product_brand":[725,892,893,894],"product_oblik":[],"product_cat":[62,88],"product_tag":[],"class_list":{"0":"post-27974","1":"product","2":"type-product","3":"status-publish","4":"has-post-thumbnail","6":"product_brand-akemi","7":"product_brand-skida-vosak","8":"product_brand-svijeca","9":"product_brand-za-grobnice","10":"product_cat-ostalo","11":"product_cat-sredstva-za-odrzavanje","13":"first","14":"instock","15":"shipping-taxable","16":"purchasable","17":"product-type-simple"},"acf":[],"_links":{"self":[{"href":"https:\/\/modrastijena.com\/me\/wp-json\/wp\/v2\/product\/27974","targetHints":{"allow":["GET"]}}],"collection":[{"href":"https:\/\/modrastijena.com\/me\/wp-json\/wp\/v2\/product"}],"about":[{"href":"https:\/\/modrastijena.com\/me\/wp-json\/wp\/v2\/types\/product"}],"wp:featuredmedia":[{"embeddable":true,"href":"https:\/\/modrastijena.com\/me\/wp-json\/"}],"wp:attachment":[{"href":"https:\/\/modrastijena.com\/me\/wp-json\/wp\/v2\/media?parent=27974"}],"wp:term":[{"taxonomy":"product_brand","embeddable":true,"href":"https:\/\/modrastijena.com\/me\/wp-json\/wp\/v2\/product_brand?post=27974"},{"taxonomy":"product_oblik","embeddable":true,"href":"https:\/\/modrastijena.com\/me\/wp-json\/wp\/v2\/product_oblik?post=27974"},{"taxonomy":"product_cat","embeddable":true,"href":"https:\/\/modrastijena.com\/me\/wp-json\/wp\/v2\/product_cat?post=27974"},{"taxonomy":"product_tag","embeddable":true,"href":"https:\/\/modrastijena.com\/me\/wp-json\/wp\/v2\/product_tag?post=27974"}],"curies":[{"name":"wp","href":"https:\/\/api.w.org\/{rel}","templated":true}]}}