{"id":27973,"date":"2019-11-14T13:20:21","date_gmt":"2019-11-14T13:20:21","guid":{"rendered":"https:\/\/modrastijena.com\/me\/proizvod\/2302\/"},"modified":"2026-04-16T07:55:16","modified_gmt":"2026-04-16T07:55:16","slug":"2302","status":"publish","type":"product","link":"https:\/\/modrastijena.com\/me\/proizvod\/2302\/","title":{"rendered":"Rust Remover Paste &#8211; sredstvo za \u010di\u0161\u0107enje"},"content":{"rendered":"<p>Koncentrirana gelasta pasta za \u010di\u0161\u0107enje, nema hidro-klori\u010dne kiseline te je biorazgradiva.<\/p>\n<p><strong>UPOTREBA:<\/strong> Omogu\u0107ava da se hr\u0111a i mrlje od hr\u0111e lako uklone s prirodnih i umjetnih materijala otpornih na kiseline. Tako\u0111er pru\u017ea i za\u0161titu od ponovnog nastanka hr\u0111e. Pogotovo pogodna za vertikalne povr\u0161ine.<\/p>\n<p><strong>NA\u010cIN KORI\u0160TENJA<\/strong>: Proizvod nanijeti na povr\u0161inu koja se \u017eeli tretirati (povr\u0161ina treba biti suha i \u010dista). Nakon 30-60 minuta reagiranja i izvla\u010denja mrlja na povr\u0161inu, jakim pritiskom vode (preporu\u010da se upotreba STONE CLEANER)\u00a0 mrlje isprati. Ako se \u017eeli ubrzati postupak, mo\u017ee se tretirana mrlja prekriti plasti\u010dnom folijom te tako onemogu\u0107iti ulazak zraka.<\/p>\n<p><strong>DOSTATNOST <\/strong>:\u00a0 1 L = 10-20 m2 ovisno o strukturi povr\u0161ine.<\/p>\n","protected":false},"excerpt":{"rendered":"<p>Koncentrirana gelasta pasta za \u010di\u0161\u0107enje, nema hidro-klori\u010dne kiseline te je biorazgradiva. UPOTREBA: Omogu\u0107ava da se hr\u0111a i mrlje od hr\u0111e lako uklone s prirodnih i umjetnih materijala otpornih na kiseline. Tako\u0111er pru\u017ea i za\u0161titu od ponovnog nastanka hr\u0111e. Pogotovo pogodna za vertikalne povr\u0161ine. NA\u010cIN KORI\u0160TENJA: Proizvod nanijeti na povr\u0161inu koja se \u017eeli tretirati (povr\u0161ina treba [&hellip;]<\/p>\n","protected":false},"featured_media":1000000986,"template":"","meta":{"_acf_changed":false},"product_brand":[725],"product_oblik":[],"product_cat":[62,88],"product_tag":[],"class_list":{"0":"post-27973","1":"product","2":"type-product","3":"status-publish","4":"has-post-thumbnail","6":"product_brand-akemi","7":"product_cat-ostalo","8":"product_cat-sredstva-za-odrzavanje","10":"first","11":"instock","12":"shipping-taxable","13":"purchasable","14":"product-type-simple"},"acf":[],"_links":{"self":[{"href":"https:\/\/modrastijena.com\/me\/wp-json\/wp\/v2\/product\/27973","targetHints":{"allow":["GET"]}}],"collection":[{"href":"https:\/\/modrastijena.com\/me\/wp-json\/wp\/v2\/product"}],"about":[{"href":"https:\/\/modrastijena.com\/me\/wp-json\/wp\/v2\/types\/product"}],"wp:featuredmedia":[{"embeddable":true,"href":"https:\/\/modrastijena.com\/me\/wp-json\/"}],"wp:attachment":[{"href":"https:\/\/modrastijena.com\/me\/wp-json\/wp\/v2\/media?parent=27973"}],"wp:term":[{"taxonomy":"product_brand","embeddable":true,"href":"https:\/\/modrastijena.com\/me\/wp-json\/wp\/v2\/product_brand?post=27973"},{"taxonomy":"product_oblik","embeddable":true,"href":"https:\/\/modrastijena.com\/me\/wp-json\/wp\/v2\/product_oblik?post=27973"},{"taxonomy":"product_cat","embeddable":true,"href":"https:\/\/modrastijena.com\/me\/wp-json\/wp\/v2\/product_cat?post=27973"},{"taxonomy":"product_tag","embeddable":true,"href":"https:\/\/modrastijena.com\/me\/wp-json\/wp\/v2\/product_tag?post=27973"}],"curies":[{"name":"wp","href":"https:\/\/api.w.org\/{rel}","templated":true}]}}